{"id":88,"date":"2023-02-19T00:19:19","date_gmt":"2023-02-18T23:19:19","guid":{"rendered":"https:\/\/ie.uek.krakow.pl\/ke\/?page_id=88"},"modified":"2024-06-03T00:41:39","modified_gmt":"2024-06-02T22:41:39","slug":"o-katedrze","status":"publish","type":"page","link":"https:\/\/injzp.uek.krakow.pl\/kjbpp\/o-katedrze\/","title":{"rendered":"O Katedrze"},"content":{"rendered":"\t\t<div data-elementor-type=\"wp-page\" data-elementor-id=\"88\" class=\"elementor elementor-88\" data-elementor-post-type=\"page\">\n\t\t\t\t\t\t<section data-particle_enable=\"false\" data-particle-mobile-disabled=\"false\" class=\"elementor-section elementor-top-section elementor-element elementor-element-4ca67fb elementor-section-boxed elementor-section-height-default elementor-section-height-default\" data-id=\"4ca67fb\" data-element_type=\"section\" data-settings=\"{&quot;jet_parallax_layout_list&quot;:[]}\">\n\t\t\t\t\t\t<div class=\"elementor-container elementor-column-gap-default\">\n\t\t\t\t\t<div class=\"elementor-column elementor-col-100 elementor-top-column elementor-element elementor-element-22e0d310\" data-id=\"22e0d310\" data-element_type=\"column\">\n\t\t\t<div class=\"elementor-widget-wrap elementor-element-populated\">\n\t\t\t\t\t\t<div class=\"elementor-element elementor-element-7c047738 elementor-widget elementor-widget-jet-headline\" data-id=\"7c047738\" data-element_type=\"widget\" data-widget_type=\"jet-headline.default\">\n\t\t\t\t<div class=\"elementor-widget-container\">\n\t\t\t\t\t<h2 class=\"jet-headline jet-headline--direction-horizontal\"><span class=\"jet-headline__part jet-headline__first\"><span class=\"jet-headline__label\">Katedra Jako\u015bci i Bezpiecze\u0144stwa Produkt\u00f3w Przemys\u0142owych<\/span><\/span><span class=\"jet-headline__space\">&nbsp;<\/span><\/h2>\t\t\t\t<\/div>\n\t\t\t\t<\/div>\n\t\t\t\t<div class=\"elementor-element elementor-element-27706e0c elementor-widget-divider--view-line elementor-invisible elementor-widget elementor-widget-divider\" data-id=\"27706e0c\" data-element_type=\"widget\" data-settings=\"{&quot;_animation&quot;:&quot;fadeInLeft&quot;}\" data-widget_type=\"divider.default\">\n\t\t\t\t<div class=\"elementor-widget-container\">\n\t\t\t\t\t\t\t<div class=\"elementor-divider\">\n\t\t\t<span class=\"elementor-divider-separator\">\n\t\t\t\t\t\t<\/span>\n\t\t<\/div>\n\t\t\t\t\t\t<\/div>\n\t\t\t\t<\/div>\n\t\t\t\t<div class=\"elementor-element elementor-element-64fa2182 elementor-widget elementor-widget-text-editor\" data-id=\"64fa2182\" data-element_type=\"widget\" data-widget_type=\"text-editor.default\">\n\t\t\t\t<div class=\"elementor-widget-container\">\n\t\t\t\t\t\t\t\t\t<blockquote><h5>Katedra Jako\u015bci i Bezpiecze\u0144stwa Produkt\u00f3w Przemys\u0142owych to najstarsza (powo\u0142ana w 1924 roku)<\/h5><h5>jednostka organizacyjna Kolegium Nauk o Zarz\u0105dzaniu i Jako\u015bci.<\/h5><\/blockquote>\t\t\t\t\t\t\t\t<\/div>\n\t\t\t\t<\/div>\n\t\t\t\t<div class=\"elementor-element elementor-element-c078210 elementor-widget elementor-widget-text-editor\" data-id=\"c078210\" data-element_type=\"widget\" data-widget_type=\"text-editor.default\">\n\t\t\t\t<div class=\"elementor-widget-container\">\n\t\t\t\t\t\t\t\t\t<h5>Pracownikami Katedry byli tw\u00f3rcy i g\u0142\u00f3wni teoretycy nauk towaroznawczych, znani w kraju i za granic\u0105, tw\u00f3rcy i dzia\u0142acze polskiego i mi\u0119dzynarodowego Towarzystwa Towaroznawczego. Najwybitniejsze postaci w\u015br\u00f3d nich to prof. Mieczys\u0142aw Mysona, rektor i doktor h.c. Akademii Ekonomicznej w Krakowie, prof. dr hab. Wies\u0142aw Nalepa, Dyrektor Instytutu Towaroznawstwa, V-ce Prezydent IGWT oraz prof. dr hab. Ignacy Duda wieloletni Dyrektor Instytutu Towaroznawstwa, Dziekan Wydzia\u0142u, cz\u0142onek CKK, odznaczony Medalem &#8222;Signum Gratiae&#8221; AE w Krakowie.<\/h5>\t\t\t\t\t\t\t\t<\/div>\n\t\t\t\t<\/div>\n\t\t\t\t<div class=\"elementor-element elementor-element-7c7342c elementor-widget elementor-widget-image\" data-id=\"7c7342c\" data-element_type=\"widget\" data-widget_type=\"image.default\">\n\t\t\t\t<div class=\"elementor-widget-container\">\n\t\t\t\t\t\t\t\t\t\t\t\t\t\t\t<img fetchpriority=\"high\" decoding=\"async\" width=\"2560\" height=\"1707\" src=\"https:\/\/injzp.uek.krakow.pl\/kjbpp\/wp-content\/uploads\/sites\/4\/2024\/06\/KTP-scaled.jpg\" class=\"attachment-full size-full wp-image-1981\" alt=\"\" srcset=\"https:\/\/injzp.uek.krakow.pl\/kjbpp\/wp-content\/uploads\/sites\/4\/2024\/06\/KTP-scaled.jpg 2560w, https:\/\/injzp.uek.krakow.pl\/kjbpp\/wp-content\/uploads\/sites\/4\/2024\/06\/KTP-300x200.jpg 300w, https:\/\/injzp.uek.krakow.pl\/kjbpp\/wp-content\/uploads\/sites\/4\/2024\/06\/KTP-1024x683.jpg 1024w, https:\/\/injzp.uek.krakow.pl\/kjbpp\/wp-content\/uploads\/sites\/4\/2024\/06\/KTP-768x512.jpg 768w, https:\/\/injzp.uek.krakow.pl\/kjbpp\/wp-content\/uploads\/sites\/4\/2024\/06\/KTP-1536x1024.jpg 1536w, https:\/\/injzp.uek.krakow.pl\/kjbpp\/wp-content\/uploads\/sites\/4\/2024\/06\/KTP-2048x1365.jpg 2048w, https:\/\/injzp.uek.krakow.pl\/kjbpp\/wp-content\/uploads\/sites\/4\/2024\/06\/KTP-1140x760.jpg 1140w\" sizes=\"(max-width: 2560px) 100vw, 2560px\" \/>\t\t\t\t\t\t\t\t\t\t\t\t\t\t\t<\/div>\n\t\t\t\t<\/div>\n\t\t\t\t\t<\/div>\n\t\t<\/div>\n\t\t\t\t\t<\/div>\n\t\t<\/section>\n\t\t\t\t<\/div>\n\t\t","protected":false},"excerpt":{"rendered":"<p>Katedra Jako\u015bci i Bezpiecze\u0144stwa Produkt\u00f3w Przemys\u0142owych&nbsp; \/*! elementor &#8211; v3.17.0 &#8211; 08-11-2023 *\/ .elementor-widget-divider{&#8211;divider-border-style:none;&#8211;divider-border-width:1px;&#8211;divider-color:#0c0d0e;&#8211;divider-icon-size:20px;&#8211;divider-element-spacing:10px;&#8211;divider-pattern-height:24px;&#8211;divider-pattern-size:20px;&#8211;divider-pattern-url:none;&#8211;divider-pattern-repeat:repeat-x}.elementor-widget-divider .elementor-divider{display:flex}.elementor-widget-divider .elementor-divider__text{font-size:15px;line-height:1;max-width:95%}.elementor-widget-divider .elementor-divider__element{margin:0 var(&#8211;divider-element-spacing);flex-shrink:0}.elementor-widget-divider .elementor-icon{font-size:var(&#8211;divider-icon-size)}.elementor-widget-divider .elementor-divider-separator{display:flex;margin:0;direction:ltr}.elementor-widget-divider&#8211;view-line_icon .elementor-divider-separator,.elementor-widget-divider&#8211;view-line_text .elementor-divider-separator{align-items:center}.elementor-widget-divider&#8211;view-line_icon .elementor-divider-separator:after,.elementor-widget-divider&#8211;view-line_icon .elementor-divider-separator:before,.elementor-widget-divider&#8211;view-line_text .elementor-divider-separator:after,.elementor-widget-divider&#8211;view-line_text .elementor-divider-separator:before{display:block;content:&#8221;&#8221;;border-bottom:0;flex-grow:1;border-top:var(&#8211;divider-border-width) var(&#8211;divider-border-style) var(&#8211;divider-color)}.elementor-widget-divider&#8211;element-align-left .elementor-divider .elementor-divider-separator&gt;.elementor-divider__svg:first-of-type{flex-grow:0;flex-shrink:100}.elementor-widget-divider&#8211;element-align-left .elementor-divider-separator:before{content:none}.elementor-widget-divider&#8211;element-align-left .elementor-divider__element{margin-left:0}.elementor-widget-divider&#8211;element-align-right .elementor-divider .elementor-divider-separator&gt;.elementor-divider__svg:last-of-type{flex-grow:0;flex-shrink:100}.elementor-widget-divider&#8211;element-align-right .elementor-divider-separator:after{content:none}.elementor-widget-divider&#8211;element-align-right .elementor-divider__element{margin-right:0}.elementor-widget-divider:not(.elementor-widget-divider&#8211;view-line_text):not(.elementor-widget-divider&#8211;view-line_icon) .elementor-divider-separator{border-top:var(&#8211;divider-border-width) var(&#8211;divider-border-style) var(&#8211;divider-color)}.elementor-widget-divider&#8211;separator-type-pattern{&#8211;divider-border-style:none}.elementor-widget-divider&#8211;separator-type-pattern.elementor-widget-divider&#8211;view-line .elementor-divider-separator,.elementor-widget-divider&#8211;separator-type-pattern:not(.elementor-widget-divider&#8211;view-line) .elementor-divider-separator:after,.elementor-widget-divider&#8211;separator-type-pattern:not(.elementor-widget-divider&#8211;view-line) .elementor-divider-separator:before,.elementor-widget-divider&#8211;separator-type-pattern:not([class*=elementor-widget-divider&#8211;view]) .elementor-divider-separator{width:100%;min-height:var(&#8211;divider-pattern-height);-webkit-mask-size:var(&#8211;divider-pattern-size) 100%;mask-size:var(&#8211;divider-pattern-size) 100%;-webkit-mask-repeat:var(&#8211;divider-pattern-repeat);mask-repeat:var(&#8211;divider-pattern-repeat);background-color:var(&#8211;divider-color);-webkit-mask-image:var(&#8211;divider-pattern-url);mask-image:var(&#8211;divider-pattern-url)}.elementor-widget-divider&#8211;no-spacing{&#8211;divider-pattern-size:auto}.elementor-widget-divider&#8211;bg-round{&#8211;divider-pattern-repeat:round}.rtl .elementor-widget-divider .elementor-divider__text{direction:rtl}.e-con-inner&gt;.elementor-widget-divider,.e-con&gt;.elementor-widget-divider{width:var(&#8211;container-widget-width,100%);&#8211;flex-grow:var(&#8211;container-widget-flex-grow)} Katedra Jako\u015bci i Bezpiecze\u0144stwa Produkt\u00f3w Przemys\u0142owych to najstarsza (powo\u0142ana w 1924 roku) jednostka organizacyjna Kolegium Nauk o Zarz\u0105dzaniu i Jako\u015bci. Pracownikami Katedry byli tw\u00f3rcy i g\u0142\u00f3wni teoretycy nauk towaroznawczych, znani w kraju i za granic\u0105, tw\u00f3rcy i dzia\u0142acze polskiego i mi\u0119dzynarodowego Towarzystwa Towaroznawczego. Najwybitniejsze postaci w\u015br\u00f3d nich to prof. Mieczys\u0142aw Mysona, rektor i doktor h.c. Akademii Ekonomicznej w Krakowie, prof. dr hab. Wies\u0142aw Nalepa, Dyrektor Instytutu Towaroznawstwa, V-ce Prezydent IGWT oraz prof. dr hab. Ignacy Duda wieloletni Dyrektor Instytutu Towaroznawstwa, Dziekan Wydzia\u0142u, cz\u0142onek CKK, odznaczony Medalem &#8222;Signum Gratiae&#8221; AE w Krakowie. \/*! elementor &#8211; v3.17.0 &#8211; 08-11-2023 *\/ .elementor-widget-image{text-align:center}.elementor-widget-image a{display:inline-block}.elementor-widget-image a img[src$=&#8221;.svg&#8221;]{width:48px}.elementor-widget-image img{vertical-align:middle;display:inline-block}<\/p>\n","protected":false},"author":1,"featured_media":0,"parent":0,"menu_order":0,"comment_status":"closed","ping_status":"closed","template":"elementor_header_footer","meta":{"footnotes":""},"class_list":["post-88","page","type-page","status-publish","hentry"],"_links":{"self":[{"href":"https:\/\/injzp.uek.krakow.pl\/kjbpp\/wp-json\/wp\/v2\/pages\/88","targetHints":{"allow":["GET"]}}],"collection":[{"href":"https:\/\/injzp.uek.krakow.pl\/kjbpp\/wp-json\/wp\/v2\/pages"}],"about":[{"href":"https:\/\/injzp.uek.krakow.pl\/kjbpp\/wp-json\/wp\/v2\/types\/page"}],"author":[{"embeddable":true,"href":"https:\/\/injzp.uek.krakow.pl\/kjbpp\/wp-json\/wp\/v2\/users\/1"}],"replies":[{"embeddable":true,"href":"https:\/\/injzp.uek.krakow.pl\/kjbpp\/wp-json\/wp\/v2\/comments?post=88"}],"version-history":[{"count":18,"href":"https:\/\/injzp.uek.krakow.pl\/kjbpp\/wp-json\/wp\/v2\/pages\/88\/revisions"}],"predecessor-version":[{"id":1984,"href":"https:\/\/injzp.uek.krakow.pl\/kjbpp\/wp-json\/wp\/v2\/pages\/88\/revisions\/1984"}],"wp:attachment":[{"href":"https:\/\/injzp.uek.krakow.pl\/kjbpp\/wp-json\/wp\/v2\/media?parent=88"}],"curies":[{"name":"wp","href":"https:\/\/api.w.org\/{rel}","templated":true}]}}