{"id":965,"date":"2023-02-25T23:59:30","date_gmt":"2023-02-25T22:59:30","guid":{"rendered":"https:\/\/ie.uek.krakow.pl\/szablon\/?page_id=965"},"modified":"2025-09-18T20:08:39","modified_gmt":"2025-09-18T18:08:39","slug":"employees","status":"publish","type":"page","link":"https:\/\/injzp.uek.krakow.pl\/kjbpp\/en\/employees\/","title":{"rendered":"Employees"},"content":{"rendered":"\t\t<div data-elementor-type=\"wp-page\" data-elementor-id=\"965\" class=\"elementor elementor-965\" data-elementor-post-type=\"page\">\n\t\t\t\t\t\t<section data-particle_enable=\"false\" data-particle-mobile-disabled=\"false\" class=\"elementor-section elementor-top-section elementor-element elementor-element-be20bad elementor-section-boxed elementor-section-height-default elementor-section-height-default\" data-id=\"be20bad\" data-element_type=\"section\" data-settings=\"{&quot;jet_parallax_layout_list&quot;:[]}\">\n\t\t\t\t\t\t<div class=\"elementor-container elementor-column-gap-default\">\n\t\t\t\t\t<div class=\"elementor-column elementor-col-100 elementor-top-column elementor-element elementor-element-c099fef\" data-id=\"c099fef\" data-element_type=\"column\">\n\t\t\t<div class=\"elementor-widget-wrap elementor-element-populated\">\n\t\t\t\t\t\t<div class=\"elementor-element elementor-element-923f8d4 elementor-widget elementor-widget-heading\" data-id=\"923f8d4\" data-element_type=\"widget\" id=\"kpii\" data-widget_type=\"heading.default\">\n\t\t\t\t<div class=\"elementor-widget-container\">\n\t\t\t\t\t<h2 class=\"elementor-heading-title elementor-size-default\">Department of quality and safety of industrial products<\/h2>\t\t\t\t<\/div>\n\t\t\t\t<\/div>\n\t\t\t\t<section data-particle_enable=\"false\" data-particle-mobile-disabled=\"false\" class=\"elementor-section elementor-inner-section elementor-element elementor-element-4f9f836 elementor-section-boxed elementor-section-height-default elementor-section-height-default\" data-id=\"4f9f836\" data-element_type=\"section\" data-settings=\"{&quot;jet_parallax_layout_list&quot;:[],&quot;background_background&quot;:&quot;classic&quot;,&quot;shape_divider_bottom&quot;:&quot;arrow&quot;,&quot;shape_divider_bottom_negative&quot;:&quot;yes&quot;}\">\n\t\t\t\t\t<div class=\"elementor-shape elementor-shape-bottom\" data-negative=\"true\">\n\t\t\t<svg xmlns=\"http:\/\/www.w3.org\/2000\/svg\" viewBox=\"0 0 700 10\" preserveAspectRatio=\"none\">\n\t<path class=\"elementor-shape-fill\" d=\"M360 0L350 9.9 340 0 0 0 0 10 700 10 700 0\"\/>\n<\/svg>\t\t<\/div>\n\t\t\t\t\t<div class=\"elementor-container elementor-column-gap-default\">\n\t\t\t\t\t<div class=\"elementor-column elementor-col-50 elementor-inner-column elementor-element elementor-element-7a9c1ea\" data-id=\"7a9c1ea\" data-element_type=\"column\">\n\t\t\t<div class=\"elementor-widget-wrap elementor-element-populated\">\n\t\t\t\t\t\t<div class=\"elementor-element elementor-element-6239586 elementor-widget elementor-widget-heading\" data-id=\"6239586\" data-element_type=\"widget\" data-widget_type=\"heading.default\">\n\t\t\t\t<div class=\"elementor-widget-container\">\n\t\t\t\t\t<h4 class=\"elementor-heading-title elementor-size-default\">Head of Department<\/h4>\t\t\t\t<\/div>\n\t\t\t\t<\/div>\n\t\t\t\t\t<\/div>\n\t\t<\/div>\n\t\t\t\t<div class=\"elementor-column elementor-col-50 elementor-inner-column elementor-element elementor-element-d1d5d6a\" data-id=\"d1d5d6a\" data-element_type=\"column\">\n\t\t\t<div class=\"elementor-widget-wrap elementor-element-populated\">\n\t\t\t\t\t\t<div class=\"elementor-element elementor-element-a114a1c elementor-widget elementor-widget-eael-post-list\" data-id=\"a114a1c\" data-element_type=\"widget\" data-widget_type=\"eael-post-list.default\">\n\t\t\t\t<div class=\"elementor-widget-container\">\n\t\t\t\t\t<div class=\"eael-post-list-container default layout-default\"><div class=\"eael-post-list-wrap\"><div class=\"eael-post-list-posts-wrap eael-post-appender eael-post-appender-a114a1c\"><div class=\"eael-post-list-post \"><div class=\"eael-post-list-thumbnail \"><a href=\"https:\/\/injzp.uek.krakow.pl\/kjbpp\/en\/pracownicy\/renata-salerno-kochan-2\/\">\n                            <img decoding=\"async\" src=\"https:\/\/injzp.uek.krakow.pl\/kjbpp\/wp-content\/uploads\/sites\/4\/2023\/02\/RSK-683x1024.jpg\" alt=\"\">\n                        <\/a><\/div><div class=\"eael-post-list-content\"><h2 class=\"eael-post-list-title\"><a href=\"https:\/\/injzp.uek.krakow.pl\/kjbpp\/en\/pracownicy\/renata-salerno-kochan-2\/\" >dr hab. in\u017c.\u00a0Renata Salerno-Kochan, prof. UEK<\/a><\/h2><\/div><\/div><\/div><\/div>\n\t\t<\/div>\t\t\t\t<\/div>\n\t\t\t\t<\/div>\n\t\t\t\t\t<\/div>\n\t\t<\/div>\n\t\t\t\t\t<\/div>\n\t\t<\/section>\n\t\t\t\t<div class=\"elementor-element elementor-element-3b905d0 elementor-widget elementor-widget-eael-post-list\" data-id=\"3b905d0\" data-element_type=\"widget\" data-widget_type=\"eael-post-list.default\">\n\t\t\t\t<div class=\"elementor-widget-container\">\n\t\t\t\t\t<div class=\"eael-post-list-container default layout-default\"><div class=\"eael-post-list-wrap\"><div class=\"eael-post-list-posts-wrap eael-post-appender eael-post-appender-3b905d0\"><div class=\"eael-post-list-post \"><div class=\"eael-post-list-thumbnail \"><a href=\"https:\/\/injzp.uek.krakow.pl\/kjbpp\/en\/pracownicy\/artur-wolak-2\/\">\n                            <img decoding=\"async\" src=\"https:\/\/injzp.uek.krakow.pl\/kjbpp\/wp-content\/uploads\/sites\/4\/2023\/02\/AW-scaled.jpg\" alt=\"\">\n                        <\/a><\/div><div class=\"eael-post-list-content\"><h2 class=\"eael-post-list-title\"><a href=\"https:\/\/injzp.uek.krakow.pl\/kjbpp\/en\/pracownicy\/artur-wolak-2\/\" >dr hab. in\u017c. Artur Wolak, prof. UEK<\/a><\/h2><\/div><\/div><div class=\"eael-post-list-post \"><div class=\"eael-post-list-thumbnail \"><a href=\"https:\/\/injzp.uek.krakow.pl\/kjbpp\/en\/pracownicy\/anna-jedraczka-2\/\">\n                            <img decoding=\"async\" src=\"https:\/\/injzp.uek.krakow.pl\/kjbpp\/wp-content\/uploads\/sites\/4\/2024\/02\/AJ-scaled.jpg\" alt=\"\">\n                        <\/a><\/div><div class=\"eael-post-list-content\"><h2 class=\"eael-post-list-title\"><a href=\"https:\/\/injzp.uek.krakow.pl\/kjbpp\/en\/pracownicy\/anna-jedraczka-2\/\" >dr in\u017c. Anna J\u0119draczka<\/a><\/h2><\/div><\/div><div class=\"eael-post-list-post \"><div class=\"eael-post-list-thumbnail \"><a href=\"https:\/\/injzp.uek.krakow.pl\/kjbpp\/en\/pracownicy\/elzbieta-bielak-2\/\">\n                            <img decoding=\"async\" src=\"https:\/\/injzp.uek.krakow.pl\/kjbpp\/wp-content\/uploads\/sites\/4\/2023\/02\/EB-scaled.jpg\" alt=\"\">\n                        <\/a><\/div><div class=\"eael-post-list-content\"><h2 class=\"eael-post-list-title\"><a href=\"https:\/\/injzp.uek.krakow.pl\/kjbpp\/en\/pracownicy\/elzbieta-bielak-2\/\" >dr in\u017c. El\u017cbieta Bielak<\/a><\/h2><\/div><\/div><div class=\"eael-post-list-post \"><div class=\"eael-post-list-thumbnail \"><a href=\"https:\/\/injzp.uek.krakow.pl\/kjbpp\/en\/pracownicy\/gabriela-zielinska-2\/\">\n                            <img decoding=\"async\" src=\"https:\/\/injzp.uek.krakow.pl\/kjbpp\/wp-content\/uploads\/sites\/4\/2024\/02\/GZ-scaled.jpg\" alt=\"\">\n                        <\/a><\/div><div class=\"eael-post-list-content\"><h2 class=\"eael-post-list-title\"><a href=\"https:\/\/injzp.uek.krakow.pl\/kjbpp\/en\/pracownicy\/gabriela-zielinska-2\/\" >dr in\u017c. Gabriela Zieli\u0144ska<\/a><\/h2><\/div><\/div><div class=\"eael-post-list-post \"><div class=\"eael-post-list-thumbnail \"><a href=\"https:\/\/injzp.uek.krakow.pl\/kjbpp\/en\/pracownicy\/jerzy-szakiel-2\/\">\n                            <img decoding=\"async\" src=\"https:\/\/injzp.uek.krakow.pl\/kjbpp\/wp-content\/uploads\/sites\/4\/2024\/02\/JS-scaled.jpg\" alt=\"\">\n                        <\/a><\/div><div class=\"eael-post-list-content\"><h2 class=\"eael-post-list-title\"><a href=\"https:\/\/injzp.uek.krakow.pl\/kjbpp\/en\/pracownicy\/jerzy-szakiel-2\/\" >dr in\u017c. Jerzy Szakiel<\/a><\/h2><\/div><\/div><div class=\"eael-post-list-post \"><div class=\"eael-post-list-thumbnail \"><a href=\"https:\/\/injzp.uek.krakow.pl\/kjbpp\/en\/pracownicy\/mateusz-kowalski-2\/\">\n                            <img decoding=\"async\" src=\"https:\/\/injzp.uek.krakow.pl\/kjbpp\/wp-content\/uploads\/sites\/4\/2024\/02\/MK-scaled.jpg\" alt=\"\">\n                        <\/a><\/div><div class=\"eael-post-list-content\"><h2 class=\"eael-post-list-title\"><a href=\"https:\/\/injzp.uek.krakow.pl\/kjbpp\/en\/pracownicy\/mateusz-kowalski-2\/\" >dr in\u017c. Mateusz Kowalski<\/a><\/h2><\/div><\/div><div class=\"eael-post-list-post \"><div class=\"eael-post-list-thumbnail \"><a href=\"https:\/\/injzp.uek.krakow.pl\/kjbpp\/en\/pracownicy\/pawel-turek-2\/\">\n                            <img decoding=\"async\" src=\"https:\/\/injzp.uek.krakow.pl\/kjbpp\/wp-content\/uploads\/sites\/4\/2024\/02\/PT-scaled.jpg\" alt=\"\">\n                        <\/a><\/div><div class=\"eael-post-list-content\"><h2 class=\"eael-post-list-title\"><a href=\"https:\/\/injzp.uek.krakow.pl\/kjbpp\/en\/pracownicy\/pawel-turek-2\/\" >dr in\u017c. Pawe\u0142 Turek<\/a><\/h2><\/div><\/div><div class=\"eael-post-list-post \"><div class=\"eael-post-list-thumbnail \"><a href=\"https:\/\/injzp.uek.krakow.pl\/kjbpp\/en\/pracownicy\/piotr-przybek-2\/\">\n                            <img decoding=\"async\" src=\"https:\/\/injzp.uek.krakow.pl\/kjbpp\/wp-content\/uploads\/sites\/4\/2024\/02\/PP-scaled.jpg\" alt=\"\">\n                        <\/a><\/div><div class=\"eael-post-list-content\"><h2 class=\"eael-post-list-title\"><a href=\"https:\/\/injzp.uek.krakow.pl\/kjbpp\/en\/pracownicy\/piotr-przybek-2\/\" >dr in\u017c. Piotr Przybek<\/a><\/h2><\/div><\/div><div class=\"eael-post-list-post \"><div class=\"eael-post-list-thumbnail \"><a href=\"https:\/\/injzp.uek.krakow.pl\/kjbpp\/en\/pracownicy\/piotr-seweryn-2\/\">\n                            <img decoding=\"async\" src=\"https:\/\/injzp.uek.krakow.pl\/kjbpp\/wp-content\/uploads\/sites\/4\/2024\/02\/PS-scaled.jpg\" alt=\"\">\n                        <\/a><\/div><div class=\"eael-post-list-content\"><h2 class=\"eael-post-list-title\"><a href=\"https:\/\/injzp.uek.krakow.pl\/kjbpp\/en\/pracownicy\/piotr-seweryn-2\/\" >mgr in\u017c. Piotr Seweryn\u00a0<\/a><\/h2><\/div><\/div><div class=\"eael-post-list-post \"><div class=\"eael-post-list-thumbnail \"><a href=\"https:\/\/injzp.uek.krakow.pl\/kjbpp\/en\/pracownicy\/wiktor-sieroslawski-2\/\">\n                            <img decoding=\"async\" src=\"https:\/\/injzp.uek.krakow.pl\/kjbpp\/wp-content\/uploads\/sites\/4\/2025\/10\/WS-scaled.jpg\" alt=\"\">\n                        <\/a><\/div><div class=\"eael-post-list-content\"><h2 class=\"eael-post-list-title\"><a href=\"https:\/\/injzp.uek.krakow.pl\/kjbpp\/en\/pracownicy\/wiktor-sieroslawski-2\/\" >mgr in\u017c. Wiktor Sieros\u0142awski<\/a><\/h2><\/div><\/div><\/div><\/div>\n\t\t<\/div>\t\t\t\t<\/div>\n\t\t\t\t<\/div>\n\t\t\t\t\t<\/div>\n\t\t<\/div>\n\t\t\t\t\t<\/div>\n\t\t<\/section>\n\t\t\t\t<\/div>\n\t\t","protected":false},"excerpt":{"rendered":"<p>Department of quality and safety of industrial products Head of Department dr hab. in\u017c.\u00a0Renata Salerno-Kochan, prof. UEK dr hab. in\u017c. Artur Wolak, prof. UEK dr in\u017c. Anna J\u0119draczka dr in\u017c. El\u017cbieta Bielak dr in\u017c. Gabriela Zieli\u0144ska dr in\u017c. Jerzy Szakiel dr in\u017c. Mateusz Kowalski dr in\u017c. Pawe\u0142 Turek dr in\u017c. Piotr Przybek mgr in\u017c. Piotr Seweryn\u00a0<\/p>\n","protected":false},"author":1,"featured_media":0,"parent":0,"menu_order":0,"comment_status":"closed","ping_status":"closed","template":"elementor_header_footer","meta":{"footnotes":""},"class_list":["post-965","page","type-page","status-publish","hentry"],"_links":{"self":[{"href":"https:\/\/injzp.uek.krakow.pl\/kjbpp\/wp-json\/wp\/v2\/pages\/965","targetHints":{"allow":["GET"]}}],"collection":[{"href":"https:\/\/injzp.uek.krakow.pl\/kjbpp\/wp-json\/wp\/v2\/pages"}],"about":[{"href":"https:\/\/injzp.uek.krakow.pl\/kjbpp\/wp-json\/wp\/v2\/types\/page"}],"author":[{"embeddable":true,"href":"https:\/\/injzp.uek.krakow.pl\/kjbpp\/wp-json\/wp\/v2\/users\/1"}],"replies":[{"embeddable":true,"href":"https:\/\/injzp.uek.krakow.pl\/kjbpp\/wp-json\/wp\/v2\/comments?post=965"}],"version-history":[{"count":12,"href":"https:\/\/injzp.uek.krakow.pl\/kjbpp\/wp-json\/wp\/v2\/pages\/965\/revisions"}],"predecessor-version":[{"id":2131,"href":"https:\/\/injzp.uek.krakow.pl\/kjbpp\/wp-json\/wp\/v2\/pages\/965\/revisions\/2131"}],"wp:attachment":[{"href":"https:\/\/injzp.uek.krakow.pl\/kjbpp\/wp-json\/wp\/v2\/media?parent=965"}],"curies":[{"name":"wp","href":"https:\/\/api.w.org\/{rel}","templated":true}]}}