{"id":174,"date":"2023-02-19T01:50:07","date_gmt":"2023-02-19T00:50:07","guid":{"rendered":"https:\/\/ie.uek.krakow.pl\/ke\/?page_id=174"},"modified":"2026-03-18T11:46:50","modified_gmt":"2026-03-18T10:46:50","slug":"pracownicy-uek","status":"publish","type":"page","link":"https:\/\/injzp.uek.krakow.pl\/kjpz\/pracownicy-uek\/","title":{"rendered":"Pracownicy"},"content":{"rendered":"\t\t<div data-elementor-type=\"wp-page\" data-elementor-id=\"174\" class=\"elementor elementor-174\" data-elementor-post-type=\"page\">\n\t\t\t\t\t\t<section data-particle_enable=\"false\" data-particle-mobile-disabled=\"false\" class=\"elementor-section elementor-top-section elementor-element elementor-element-be20bad elementor-section-boxed elementor-section-height-default elementor-section-height-default\" data-id=\"be20bad\" data-element_type=\"section\" data-settings=\"{&quot;jet_parallax_layout_list&quot;:[]}\">\n\t\t\t\t\t\t<div class=\"elementor-container elementor-column-gap-default\">\n\t\t\t\t\t<div class=\"elementor-column elementor-col-100 elementor-top-column elementor-element elementor-element-c099fef\" data-id=\"c099fef\" data-element_type=\"column\">\n\t\t\t<div class=\"elementor-widget-wrap elementor-element-populated\">\n\t\t\t\t\t\t<div class=\"elementor-element elementor-element-923f8d4 elementor-widget elementor-widget-heading\" data-id=\"923f8d4\" data-element_type=\"widget\" id=\"kpii\" data-widget_type=\"heading.default\">\n\t\t\t\t<div class=\"elementor-widget-container\">\n\t\t\t\t\t<h2 class=\"elementor-heading-title elementor-size-default\">KATEDRA Jako\u015bci Produkt\u00f3w \u017bywno\u015bciowych<\/h2>\t\t\t\t<\/div>\n\t\t\t\t<\/div>\n\t\t\t\t<section data-particle_enable=\"false\" data-particle-mobile-disabled=\"false\" class=\"elementor-section elementor-inner-section elementor-element elementor-element-4f9f836 elementor-section-boxed elementor-section-height-default elementor-section-height-default\" data-id=\"4f9f836\" data-element_type=\"section\" data-settings=\"{&quot;jet_parallax_layout_list&quot;:[],&quot;background_background&quot;:&quot;classic&quot;,&quot;shape_divider_bottom&quot;:&quot;arrow&quot;,&quot;shape_divider_bottom_negative&quot;:&quot;yes&quot;}\">\n\t\t\t\t\t<div class=\"elementor-shape elementor-shape-bottom\" data-negative=\"true\">\n\t\t\t<svg xmlns=\"http:\/\/www.w3.org\/2000\/svg\" viewBox=\"0 0 700 10\" preserveAspectRatio=\"none\">\n\t<path class=\"elementor-shape-fill\" d=\"M360 0L350 9.9 340 0 0 0 0 10 700 10 700 0\"\/>\n<\/svg>\t\t<\/div>\n\t\t\t\t\t<div class=\"elementor-container elementor-column-gap-default\">\n\t\t\t\t\t<div class=\"elementor-column elementor-col-50 elementor-inner-column elementor-element elementor-element-7a9c1ea\" data-id=\"7a9c1ea\" data-element_type=\"column\">\n\t\t\t<div class=\"elementor-widget-wrap elementor-element-populated\">\n\t\t\t\t\t\t<div class=\"elementor-element elementor-element-6239586 elementor-widget elementor-widget-heading\" data-id=\"6239586\" data-element_type=\"widget\" data-widget_type=\"heading.default\">\n\t\t\t\t<div class=\"elementor-widget-container\">\n\t\t\t\t\t<h4 class=\"elementor-heading-title elementor-size-default\">Kierownik Katedry<\/h4>\t\t\t\t<\/div>\n\t\t\t\t<\/div>\n\t\t\t\t\t<\/div>\n\t\t<\/div>\n\t\t\t\t<div class=\"elementor-column elementor-col-50 elementor-inner-column elementor-element elementor-element-32911d7\" data-id=\"32911d7\" data-element_type=\"column\">\n\t\t\t<div class=\"elementor-widget-wrap elementor-element-populated\">\n\t\t\t\t\t\t<div class=\"elementor-element elementor-element-39d46c7 elementor-widget elementor-widget-eael-post-list\" data-id=\"39d46c7\" data-element_type=\"widget\" data-widget_type=\"eael-post-list.default\">\n\t\t\t\t<div class=\"elementor-widget-container\">\n\t\t\t\t\t<div class=\"eael-post-list-container default layout-default\"><div class=\"eael-post-list-wrap\"><div class=\"eael-post-list-posts-wrap eael-post-appender eael-post-appender-39d46c7\"><div class=\"eael-post-list-post \"><div class=\"eael-post-list-thumbnail \"><a href=\"https:\/\/injzp.uek.krakow.pl\/kjpz\/pracownicy\/prof-michal-halagarda\/\">\n                            <img decoding=\"async\" src=\"https:\/\/injzp.uek.krakow.pl\/kjpz\/wp-content\/uploads\/sites\/5\/2024\/09\/HalagardaM-768x1024.webp\" alt=\"\">\n                        <\/a><\/div><div class=\"eael-post-list-content\"><h2 class=\"eael-post-list-title\"><a href=\"https:\/\/injzp.uek.krakow.pl\/kjpz\/pracownicy\/prof-michal-halagarda\/\" >dr hab. in\u017c. Micha\u0142 Halagarda, prof. UEK<\/a><\/h2><\/div><\/div><\/div><\/div>\n\t\t<\/div>\t\t\t\t<\/div>\n\t\t\t\t<\/div>\n\t\t\t\t\t<\/div>\n\t\t<\/div>\n\t\t\t\t\t<\/div>\n\t\t<\/section>\n\t\t\t\t<div class=\"elementor-element elementor-element-3b905d0 elementor-widget elementor-widget-eael-post-list\" data-id=\"3b905d0\" data-element_type=\"widget\" data-widget_type=\"eael-post-list.default\">\n\t\t\t\t<div class=\"elementor-widget-container\">\n\t\t\t\t\t<div class=\"eael-post-list-container default layout-default\"><div class=\"eael-post-list-wrap\"><div class=\"eael-post-list-posts-wrap eael-post-appender eael-post-appender-3b905d0\"><div class=\"eael-post-list-post \"><div class=\"eael-post-list-thumbnail \"><a href=\"https:\/\/injzp.uek.krakow.pl\/kjpz\/pracownicy\/prof-stanislaw-popek\/\">\n                            <img decoding=\"async\" src=\"https:\/\/injzp.uek.krakow.pl\/kjpz\/wp-content\/uploads\/sites\/5\/2024\/09\/PopekS-scaled.webp\" alt=\"\">\n                        <\/a><\/div><div class=\"eael-post-list-content\"><h2 class=\"eael-post-list-title\"><a href=\"https:\/\/injzp.uek.krakow.pl\/kjpz\/pracownicy\/prof-stanislaw-popek\/\" >prof. dr hab. in\u017c. Stanis\u0142aw Popek<\/a><\/h2><\/div><\/div><div class=\"eael-post-list-post \"><div class=\"eael-post-list-thumbnail \"><a href=\"https:\/\/injzp.uek.krakow.pl\/kjpz\/pracownicy\/dr-grzegorz-suwala\/\">\n                            <img decoding=\"async\" src=\"https:\/\/injzp.uek.krakow.pl\/kjpz\/wp-content\/uploads\/sites\/5\/2024\/09\/SuwalaG-scaled.webp\" alt=\"\">\n                        <\/a><\/div><div class=\"eael-post-list-content\"><h2 class=\"eael-post-list-title\"><a href=\"https:\/\/injzp.uek.krakow.pl\/kjpz\/pracownicy\/dr-grzegorz-suwala\/\" >dr in\u017c. Grzegorz Suwa\u0142a<\/a><\/h2><\/div><\/div><div class=\"eael-post-list-post \"><div class=\"eael-post-list-thumbnail \"><a href=\"https:\/\/injzp.uek.krakow.pl\/kjpz\/pracownicy\/dr-malgorzata-misniakiewicz\/\">\n                            <img decoding=\"async\" src=\"https:\/\/injzp.uek.krakow.pl\/kjpz\/wp-content\/uploads\/sites\/5\/2024\/01\/zdjecie-M.Misniakiewicz.jpeg\" alt=\"\">\n                        <\/a><\/div><div class=\"eael-post-list-content\"><h2 class=\"eael-post-list-title\"><a href=\"https:\/\/injzp.uek.krakow.pl\/kjpz\/pracownicy\/dr-malgorzata-misniakiewicz\/\" >dr in\u017c. Ma\u0142gorzata Mi\u015bniakiewicz<\/a><\/h2><\/div><\/div><div class=\"eael-post-list-post \"><div class=\"eael-post-list-thumbnail \"><a href=\"https:\/\/injzp.uek.krakow.pl\/kjpz\/pracownicy\/dr-joanna-ptasinska-marcinkiewicz\/\">\n                            <img decoding=\"async\" src=\"https:\/\/injzp.uek.krakow.pl\/kjpz\/wp-content\/uploads\/sites\/5\/2024\/01\/Ptasinska_J.webp\" alt=\"\">\n                        <\/a><\/div><div class=\"eael-post-list-content\"><h2 class=\"eael-post-list-title\"><a href=\"https:\/\/injzp.uek.krakow.pl\/kjpz\/pracownicy\/dr-joanna-ptasinska-marcinkiewicz\/\" >dr in\u017c. Joanna Ptasi\u0144ska-Marcinkiewicz<\/a><\/h2><\/div><\/div><div class=\"eael-post-list-post \"><div class=\"eael-post-list-thumbnail \"><a href=\"https:\/\/injzp.uek.krakow.pl\/kjpz\/pracownicy\/dr-ewa-pyrzynska\/\">\n                            <img decoding=\"async\" src=\"https:\/\/injzp.uek.krakow.pl\/kjpz\/wp-content\/uploads\/sites\/5\/2024\/09\/PyrzynskaE-scaled.webp\" alt=\"\">\n                        <\/a><\/div><div class=\"eael-post-list-content\"><h2 class=\"eael-post-list-title\"><a href=\"https:\/\/injzp.uek.krakow.pl\/kjpz\/pracownicy\/dr-ewa-pyrzynska\/\" >dr in\u017c. Ewa Pyrzy\u0144ska<\/a><\/h2><\/div><\/div><div class=\"eael-post-list-post \"><div class=\"eael-post-list-thumbnail \"><a href=\"https:\/\/injzp.uek.krakow.pl\/kjpz\/pracownicy\/dr-inz-magdalena-sek\/\">\n                            <img decoding=\"async\" src=\"https:\/\/injzp.uek.krakow.pl\/kjpz\/wp-content\/uploads\/sites\/5\/2024\/09\/SekM-scaled.webp\" alt=\"\">\n                        <\/a><\/div><div class=\"eael-post-list-content\"><h2 class=\"eael-post-list-title\"><a href=\"https:\/\/injzp.uek.krakow.pl\/kjpz\/pracownicy\/dr-inz-magdalena-sek\/\" >dr in\u017c. Magdalena S\u0119k<\/a><\/h2><\/div><\/div><\/div><\/div>\n\t\t<\/div>\t\t\t\t<\/div>\n\t\t\t\t<\/div>\n\t\t\t\t<div class=\"elementor-element elementor-element-60d46e4 elementor-widget elementor-widget-text-editor\" data-id=\"60d46e4\" data-element_type=\"widget\" data-widget_type=\"text-editor.default\">\n\t\t\t\t<div class=\"elementor-widget-container\">\n\t\t\t\t\t\t\t\t\t<p>Pracownicy in\u017cynieryjno-techniczni:<\/p><p><strong>in\u017c. Beata Sutor-Galos<\/strong><\/p><p><strong>mgr Anna Mendala<\/strong><\/p><p><strong>dr Grzegorz Kasprzyk<\/strong><\/p><p><strong>mgr Urszula Ci\u0119ciel<\/strong><\/p>\t\t\t\t\t\t\t\t<\/div>\n\t\t\t\t<\/div>\n\t\t\t\t\t<\/div>\n\t\t<\/div>\n\t\t\t\t\t<\/div>\n\t\t<\/section>\n\t\t\t\t<section data-particle_enable=\"false\" data-particle-mobile-disabled=\"false\" class=\"elementor-section elementor-top-section elementor-element elementor-element-a85196f elementor-section-boxed elementor-section-height-default elementor-section-height-default\" data-id=\"a85196f\" data-element_type=\"section\" data-settings=\"{&quot;jet_parallax_layout_list&quot;:[]}\">\n\t\t\t\t\t\t<div class=\"elementor-container elementor-column-gap-default\">\n\t\t\t\t\t<div class=\"elementor-column elementor-col-100 elementor-top-column elementor-element elementor-element-743a414\" data-id=\"743a414\" data-element_type=\"column\">\n\t\t\t<div class=\"elementor-widget-wrap\">\n\t\t\t\t\t\t\t<\/div>\n\t\t<\/div>\n\t\t\t\t\t<\/div>\n\t\t<\/section>\n\t\t\t\t<\/div>\n\t\t","protected":false},"excerpt":{"rendered":"<p>KATEDRA Jako\u015bci Produkt\u00f3w \u017bywno\u015bciowych Kierownik Katedry dr hab. in\u017c. Micha\u0142 Halagarda, prof. UEK prof. dr hab. in\u017c. Stanis\u0142aw Popek dr in\u017c. Grzegorz Suwa\u0142a dr in\u017c. Ma\u0142gorzata Mi\u015bniakiewicz dr in\u017c. Joanna Ptasi\u0144ska-Marcinkiewicz dr in\u017c. Ewa Pyrzy\u0144ska dr in\u017c. Magdalena S\u0119k Pracownicy in\u017cynieryjno-techniczni: in\u017c. Beata Sutor-Galos mgr Anna Mendala dr Grzegorz Kasprzyk mgr Urszula Ci\u0119ciel<\/p>\n","protected":false},"author":1,"featured_media":0,"parent":0,"menu_order":0,"comment_status":"closed","ping_status":"closed","template":"elementor_header_footer","meta":{"footnotes":""},"class_list":["post-174","page","type-page","status-publish","hentry"],"_links":{"self":[{"href":"https:\/\/injzp.uek.krakow.pl\/kjpz\/wp-json\/wp\/v2\/pages\/174","targetHints":{"allow":["GET"]}}],"collection":[{"href":"https:\/\/injzp.uek.krakow.pl\/kjpz\/wp-json\/wp\/v2\/pages"}],"about":[{"href":"https:\/\/injzp.uek.krakow.pl\/kjpz\/wp-json\/wp\/v2\/types\/page"}],"author":[{"embeddable":true,"href":"https:\/\/injzp.uek.krakow.pl\/kjpz\/wp-json\/wp\/v2\/users\/1"}],"replies":[{"embeddable":true,"href":"https:\/\/injzp.uek.krakow.pl\/kjpz\/wp-json\/wp\/v2\/comments?post=174"}],"version-history":[{"count":63,"href":"https:\/\/injzp.uek.krakow.pl\/kjpz\/wp-json\/wp\/v2\/pages\/174\/revisions"}],"predecessor-version":[{"id":2143,"href":"https:\/\/injzp.uek.krakow.pl\/kjpz\/wp-json\/wp\/v2\/pages\/174\/revisions\/2143"}],"wp:attachment":[{"href":"https:\/\/injzp.uek.krakow.pl\/kjpz\/wp-json\/wp\/v2\/media?parent=174"}],"curies":[{"name":"wp","href":"https:\/\/api.w.org\/{rel}","templated":true}]}}