{"id":346,"date":"2023-02-20T00:01:15","date_gmt":"2023-02-19T23:01:15","guid":{"rendered":"https:\/\/ie.uek.krakow.pl\/ke\/?page_id=346"},"modified":"2024-02-20T20:08:40","modified_gmt":"2024-02-20T19:08:40","slug":"kola-naukowe","status":"publish","type":"page","link":"https:\/\/injzp.uek.krakow.pl\/kjpz\/studenci\/kola-naukowe\/","title":{"rendered":"Ko\u0142a naukowe"},"content":{"rendered":"\t\t<div data-elementor-type=\"wp-page\" data-elementor-id=\"346\" class=\"elementor elementor-346\" data-elementor-post-type=\"page\">\n\t\t\t\t\t\t<section data-particle_enable=\"false\" data-particle-mobile-disabled=\"false\" class=\"elementor-section elementor-top-section elementor-element elementor-element-22080c8 elementor-section-boxed elementor-section-height-default elementor-section-height-default\" data-id=\"22080c8\" data-element_type=\"section\" data-settings=\"{&quot;jet_parallax_layout_list&quot;:[]}\">\n\t\t\t\t\t\t<div class=\"elementor-container elementor-column-gap-default\">\n\t\t\t\t\t<div class=\"elementor-column elementor-col-33 elementor-top-column elementor-element elementor-element-c20decf\" data-id=\"c20decf\" data-element_type=\"column\">\n\t\t\t<div class=\"elementor-widget-wrap elementor-element-populated\">\n\t\t\t\t\t\t<div class=\"elementor-element elementor-element-9764738 elementor-widget elementor-widget-image\" data-id=\"9764738\" data-element_type=\"widget\" data-widget_type=\"image.default\">\n\t\t\t\t<div class=\"elementor-widget-container\">\n\t\t\t\t\t\t\t\t\t\t\t\t\t\t\t<img fetchpriority=\"high\" decoding=\"async\" width=\"900\" height=\"900\" src=\"https:\/\/injzp.uek.krakow.pl\/kjpz\/wp-content\/uploads\/sites\/5\/2024\/02\/logo_KNFutureLab.png\" class=\"attachment-full size-full wp-image-1975\" alt=\"\" srcset=\"https:\/\/injzp.uek.krakow.pl\/kjpz\/wp-content\/uploads\/sites\/5\/2024\/02\/logo_KNFutureLab.png 900w, https:\/\/injzp.uek.krakow.pl\/kjpz\/wp-content\/uploads\/sites\/5\/2024\/02\/logo_KNFutureLab-300x300.png 300w, https:\/\/injzp.uek.krakow.pl\/kjpz\/wp-content\/uploads\/sites\/5\/2024\/02\/logo_KNFutureLab-150x150.png 150w, https:\/\/injzp.uek.krakow.pl\/kjpz\/wp-content\/uploads\/sites\/5\/2024\/02\/logo_KNFutureLab-768x768.png 768w, https:\/\/injzp.uek.krakow.pl\/kjpz\/wp-content\/uploads\/sites\/5\/2024\/02\/logo_KNFutureLab-75x75.png 75w\" sizes=\"(max-width: 900px) 100vw, 900px\" \/>\t\t\t\t\t\t\t\t\t\t\t\t\t\t\t<\/div>\n\t\t\t\t<\/div>\n\t\t\t\t\t<\/div>\n\t\t<\/div>\n\t\t\t\t<div class=\"elementor-column elementor-col-66 elementor-top-column elementor-element elementor-element-101f182\" data-id=\"101f182\" data-element_type=\"column\">\n\t\t\t<div class=\"elementor-widget-wrap elementor-element-populated\">\n\t\t\t\t\t\t<div class=\"elementor-element elementor-element-8723dd5 elementor-widget elementor-widget-heading\" data-id=\"8723dd5\" data-element_type=\"widget\" data-widget_type=\"heading.default\">\n\t\t\t\t<div class=\"elementor-widget-container\">\n\t\t\t\t\t<h2 class=\"elementor-heading-title elementor-size-default\">Ko\u0142o Naukowe Laboratorium Przysz\u0142o\u015bci Future LAB<\/h2>\t\t\t\t<\/div>\n\t\t\t\t<\/div>\n\t\t\t\t<div class=\"elementor-element elementor-element-ff81b7c elementor-widget elementor-widget-text-editor\" data-id=\"ff81b7c\" data-element_type=\"widget\" data-widget_type=\"text-editor.default\">\n\t\t\t\t<div class=\"elementor-widget-container\">\n\t\t\t\t\t\t\t\t\t<p>Ko\u0142o stanowi przestrze\u0144 do samokszta\u0142cenia student\u00f3w i poszerzania wiedzy z zakresu nauk o jako\u015bci i zarz\u0105dzania produktem. Cz\u0142onkowie mog\u0105 rozwija\u0107 swoj\u0105 kreatywno\u015b\u0107, zdolno\u015b\u0107 tw\u00f3rczego my\u015blenia i przedsi\u0119biorczo\u015b\u0107 poprzez realizacj\u0119 projekt\u00f3w naukowo &#8211; badawczych, skupiaj\u0105cych si\u0119 g\u0142\u00f3wnie wok\u00f3\u0142 bran\u017cy FMCG.<\/p>\t\t\t\t\t\t\t\t<\/div>\n\t\t\t\t<\/div>\n\t\t\t\t<div class=\"elementor-element elementor-element-30626b33 elementor-align-right elementor-button-info elementor-widget elementor-widget-button\" data-id=\"30626b33\" data-element_type=\"widget\" data-widget_type=\"button.default\">\n\t\t\t\t<div class=\"elementor-widget-container\">\n\t\t\t\t\t\t\t\t\t<div class=\"elementor-button-wrapper\">\n\t\t\t\t\t<a class=\"elementor-button elementor-button-link elementor-size-sm\" href=\"https:\/\/fb.me\/knfuturelab\" target=\"_blank\">\n\t\t\t\t\t\t<span class=\"elementor-button-content-wrapper\">\n\t\t\t\t\t\t\t\t\t<span class=\"elementor-button-text\">strona ko\u0142a<\/span>\n\t\t\t\t\t<\/span>\n\t\t\t\t\t<\/a>\n\t\t\t\t<\/div>\n\t\t\t\t\t\t\t\t<\/div>\n\t\t\t\t<\/div>\n\t\t\t\t\t<\/div>\n\t\t<\/div>\n\t\t\t\t\t<\/div>\n\t\t<\/section>\n\t\t\t\t<section data-particle_enable=\"false\" data-particle-mobile-disabled=\"false\" class=\"elementor-section elementor-top-section elementor-element elementor-element-5bd16a8 elementor-section-boxed elementor-section-height-default elementor-section-height-default\" data-id=\"5bd16a8\" data-element_type=\"section\" data-settings=\"{&quot;jet_parallax_layout_list&quot;:[],&quot;background_background&quot;:&quot;classic&quot;,&quot;shape_divider_top&quot;:&quot;arrow&quot;,&quot;shape_divider_bottom&quot;:&quot;arrow&quot;,&quot;shape_divider_bottom_negative&quot;:&quot;yes&quot;}\">\n\t\t\t\t\t<div class=\"elementor-shape elementor-shape-top\" data-negative=\"false\">\n\t\t\t<svg xmlns=\"http:\/\/www.w3.org\/2000\/svg\" viewBox=\"0 0 700 10\" preserveAspectRatio=\"none\">\n\t<path class=\"elementor-shape-fill\" d=\"M350,10L340,0h20L350,10z\"\/>\n<\/svg>\t\t<\/div>\n\t\t\t\t<div class=\"elementor-shape elementor-shape-bottom\" data-negative=\"true\">\n\t\t\t<svg xmlns=\"http:\/\/www.w3.org\/2000\/svg\" viewBox=\"0 0 700 10\" preserveAspectRatio=\"none\">\n\t<path class=\"elementor-shape-fill\" d=\"M360 0L350 9.9 340 0 0 0 0 10 700 10 700 0\"\/>\n<\/svg>\t\t<\/div>\n\t\t\t\t\t<div class=\"elementor-container elementor-column-gap-default\">\n\t\t\t\t\t<div class=\"elementor-column elementor-col-33 elementor-top-column elementor-element elementor-element-a10c985\" data-id=\"a10c985\" data-element_type=\"column\">\n\t\t\t<div class=\"elementor-widget-wrap elementor-element-populated\">\n\t\t\t\t\t\t<div class=\"elementor-element elementor-element-8235ad7 elementor-widget elementor-widget-image\" data-id=\"8235ad7\" data-element_type=\"widget\" data-widget_type=\"image.default\">\n\t\t\t\t<div class=\"elementor-widget-container\">\n\t\t\t\t\t\t\t\t\t\t\t\t\t\t\t<img decoding=\"async\" width=\"1973\" height=\"2560\" src=\"https:\/\/injzp.uek.krakow.pl\/kjpz\/wp-content\/uploads\/sites\/5\/2024\/02\/kolonaukoweLOGO-scaled.jpg\" class=\"attachment-full size-full wp-image-1986\" alt=\"\" srcset=\"https:\/\/injzp.uek.krakow.pl\/kjpz\/wp-content\/uploads\/sites\/5\/2024\/02\/kolonaukoweLOGO-scaled.jpg 1973w, https:\/\/injzp.uek.krakow.pl\/kjpz\/wp-content\/uploads\/sites\/5\/2024\/02\/kolonaukoweLOGO-231x300.jpg 231w, https:\/\/injzp.uek.krakow.pl\/kjpz\/wp-content\/uploads\/sites\/5\/2024\/02\/kolonaukoweLOGO-789x1024.jpg 789w, https:\/\/injzp.uek.krakow.pl\/kjpz\/wp-content\/uploads\/sites\/5\/2024\/02\/kolonaukoweLOGO-768x996.jpg 768w, https:\/\/injzp.uek.krakow.pl\/kjpz\/wp-content\/uploads\/sites\/5\/2024\/02\/kolonaukoweLOGO-1184x1536.jpg 1184w, https:\/\/injzp.uek.krakow.pl\/kjpz\/wp-content\/uploads\/sites\/5\/2024\/02\/kolonaukoweLOGO-1579x2048.jpg 1579w, https:\/\/injzp.uek.krakow.pl\/kjpz\/wp-content\/uploads\/sites\/5\/2024\/02\/kolonaukoweLOGO-1140x1479.jpg 1140w\" sizes=\"(max-width: 1973px) 100vw, 1973px\" \/>\t\t\t\t\t\t\t\t\t\t\t\t\t\t\t<\/div>\n\t\t\t\t<\/div>\n\t\t\t\t\t<\/div>\n\t\t<\/div>\n\t\t\t\t<div class=\"elementor-column elementor-col-66 elementor-top-column elementor-element elementor-element-b26b269\" data-id=\"b26b269\" data-element_type=\"column\">\n\t\t\t<div class=\"elementor-widget-wrap elementor-element-populated\">\n\t\t\t\t\t\t<div class=\"elementor-element elementor-element-6e89348 elementor-widget elementor-widget-heading\" data-id=\"6e89348\" data-element_type=\"widget\" data-widget_type=\"heading.default\">\n\t\t\t\t<div class=\"elementor-widget-container\">\n\t\t\t\t\t<h2 class=\"elementor-heading-title elementor-size-default\">Ko\u0142o Naukowe Chemiczno-Towaroznawcze<\/h2>\t\t\t\t<\/div>\n\t\t\t\t<\/div>\n\t\t\t\t<div class=\"elementor-element elementor-element-0bf2928 elementor-widget elementor-widget-text-editor\" data-id=\"0bf2928\" data-element_type=\"widget\" data-widget_type=\"text-editor.default\">\n\t\t\t\t<div class=\"elementor-widget-container\">\n\t\t\t\t\t\t\t\t\t<p>Ko\u0142o Naukowe Chemiczno -Towaroznawcze prowadzi badania fizykochemiczne r\u00f3\u017cnych produkt\u00f3w spo\u017cywczych. Wyniki publikowane s\u0105 w formie artyku\u0142\u00f3w.\u00a0<\/p>\t\t\t\t\t\t\t\t<\/div>\n\t\t\t\t<\/div>\n\t\t\t\t<div class=\"elementor-element elementor-element-60fdb8c elementor-align-right elementor-button-info elementor-widget elementor-widget-button\" data-id=\"60fdb8c\" data-element_type=\"widget\" data-widget_type=\"button.default\">\n\t\t\t\t<div class=\"elementor-widget-container\">\n\t\t\t\t\t\t\t\t\t<div class=\"elementor-button-wrapper\">\n\t\t\t\t\t<a class=\"elementor-button elementor-button-link elementor-size-sm\" href=\"#\" target=\"_blank\">\n\t\t\t\t\t\t<span class=\"elementor-button-content-wrapper\">\n\t\t\t\t\t\t\t\t\t<span class=\"elementor-button-text\">strona ko\u0142a<\/span>\n\t\t\t\t\t<\/span>\n\t\t\t\t\t<\/a>\n\t\t\t\t<\/div>\n\t\t\t\t\t\t\t\t<\/div>\n\t\t\t\t<\/div>\n\t\t\t\t\t<\/div>\n\t\t<\/div>\n\t\t\t\t\t<\/div>\n\t\t<\/section>\n\t\t\t\t<\/div>\n\t\t","protected":false},"excerpt":{"rendered":"<p>\/*! elementor &#8211; v3.17.0 &#8211; 08-11-2023 *\/ .elementor-widget-image{text-align:center}.elementor-widget-image a{display:inline-block}.elementor-widget-image a img[src$=&#8221;.svg&#8221;]{width:48px}.elementor-widget-image img{vertical-align:middle;display:inline-block} \/*! elementor &#8211; v3.17.0 &#8211; 08-11-2023 *\/ .elementor-heading-title{padding:0;margin:0;line-height:1}.elementor-widget-heading .elementor-heading-title[class*=elementor-size-]&gt;a{color:inherit;font-size:inherit;line-height:inherit}.elementor-widget-heading .elementor-heading-title.elementor-size-small{font-size:15px}.elementor-widget-heading .elementor-heading-title.elementor-size-medium{font-size:19px}.elementor-widget-heading .elementor-heading-title.elementor-size-large{font-size:29px}.elementor-widget-heading .elementor-heading-title.elementor-size-xl{font-size:39px}.elementor-widget-heading .elementor-heading-title.elementor-size-xxl{font-size:59px} Ko\u0142o Naukowe Laboratorium Przysz\u0142o\u015bci Future LAB Ko\u0142o stanowi przestrze\u0144 do samokszta\u0142cenia student\u00f3w i poszerzania wiedzy z zakresu nauk o jako\u015bci i zarz\u0105dzania produktem. Cz\u0142onkowie mog\u0105 rozwija\u0107 swoj\u0105 kreatywno\u015b\u0107, zdolno\u015b\u0107 tw\u00f3rczego my\u015blenia i przedsi\u0119biorczo\u015b\u0107 poprzez realizacj\u0119 projekt\u00f3w naukowo &#8211; badawczych, skupiaj\u0105cych si\u0119 g\u0142\u00f3wnie wok\u00f3\u0142 bran\u017cy FMCG. strona ko\u0142a Ko\u0142o Naukowe Chemiczno-Towaroznawcze Ko\u0142o Naukowe Chemiczno -Towaroznawcze prowadzi badania fizykochemiczne r\u00f3\u017cnych produkt\u00f3w spo\u017cywczych. Wyniki publikowane s\u0105 w formie artyku\u0142\u00f3w.\u00a0 strona ko\u0142a<\/p>\n","protected":false},"author":1,"featured_media":0,"parent":336,"menu_order":0,"comment_status":"closed","ping_status":"closed","template":"elementor_header_footer","meta":{"footnotes":""},"class_list":["post-346","page","type-page","status-publish","hentry"],"_links":{"self":[{"href":"https:\/\/injzp.uek.krakow.pl\/kjpz\/wp-json\/wp\/v2\/pages\/346","targetHints":{"allow":["GET"]}}],"collection":[{"href":"https:\/\/injzp.uek.krakow.pl\/kjpz\/wp-json\/wp\/v2\/pages"}],"about":[{"href":"https:\/\/injzp.uek.krakow.pl\/kjpz\/wp-json\/wp\/v2\/types\/page"}],"author":[{"embeddable":true,"href":"https:\/\/injzp.uek.krakow.pl\/kjpz\/wp-json\/wp\/v2\/users\/1"}],"replies":[{"embeddable":true,"href":"https:\/\/injzp.uek.krakow.pl\/kjpz\/wp-json\/wp\/v2\/comments?post=346"}],"version-history":[{"count":15,"href":"https:\/\/injzp.uek.krakow.pl\/kjpz\/wp-json\/wp\/v2\/pages\/346\/revisions"}],"predecessor-version":[{"id":1989,"href":"https:\/\/injzp.uek.krakow.pl\/kjpz\/wp-json\/wp\/v2\/pages\/346\/revisions\/1989"}],"up":[{"embeddable":true,"href":"https:\/\/injzp.uek.krakow.pl\/kjpz\/wp-json\/wp\/v2\/pages\/336"}],"wp:attachment":[{"href":"https:\/\/injzp.uek.krakow.pl\/kjpz\/wp-json\/wp\/v2\/media?parent=346"}],"curies":[{"name":"wp","href":"https:\/\/api.w.org\/{rel}","templated":true}]}}