{"id":212,"date":"2023-02-19T10:20:18","date_gmt":"2023-02-19T09:20:18","guid":{"rendered":"https:\/\/ie.uek.krakow.pl\/ke\/?page_id=212"},"modified":"2025-02-06T11:11:10","modified_gmt":"2025-02-06T10:11:10","slug":"oferta","status":"publish","type":"page","link":"https:\/\/injzp.uek.krakow.pl\/km\/oferta\/","title":{"rendered":"Oferta"},"content":{"rendered":"\t\t<div data-elementor-type=\"wp-page\" data-elementor-id=\"212\" class=\"elementor elementor-212\" data-elementor-post-type=\"page\">\n\t\t\t\t\t\t<section data-particle_enable=\"false\" data-particle-mobile-disabled=\"false\" class=\"elementor-section elementor-top-section elementor-element elementor-element-fc74706 elementor-section-boxed elementor-section-height-default elementor-section-height-default\" data-id=\"fc74706\" data-element_type=\"section\" data-settings=\"{&quot;jet_parallax_layout_list&quot;:[]}\">\n\t\t\t\t\t\t<div class=\"elementor-container elementor-column-gap-default\">\n\t\t\t\t\t<div class=\"elementor-column elementor-col-50 elementor-top-column elementor-element elementor-element-eeffc58\" data-id=\"eeffc58\" data-element_type=\"column\">\n\t\t\t<div class=\"elementor-widget-wrap elementor-element-populated\">\n\t\t\t\t\t\t<div class=\"elementor-element elementor-element-a323f11 elementor-widget elementor-widget-image\" data-id=\"a323f11\" data-element_type=\"widget\" data-widget_type=\"image.default\">\n\t\t\t\t<div class=\"elementor-widget-container\">\n\t\t\t\t\t\t\t\t\t\t\t\t\t\t\t<img fetchpriority=\"high\" decoding=\"async\" width=\"704\" height=\"874\" src=\"https:\/\/injzp.uek.krakow.pl\/km\/wp-content\/uploads\/sites\/7\/2025\/02\/567890.png\" class=\"attachment-large size-large wp-image-2236\" alt=\"\" srcset=\"https:\/\/injzp.uek.krakow.pl\/km\/wp-content\/uploads\/sites\/7\/2025\/02\/567890.png 704w, https:\/\/injzp.uek.krakow.pl\/km\/wp-content\/uploads\/sites\/7\/2025\/02\/567890-242x300.png 242w\" sizes=\"(max-width: 704px) 100vw, 704px\" \/>\t\t\t\t\t\t\t\t\t\t\t\t\t\t\t<\/div>\n\t\t\t\t<\/div>\n\t\t\t\t\t<\/div>\n\t\t<\/div>\n\t\t\t\t<div class=\"elementor-column elementor-col-50 elementor-top-column elementor-element elementor-element-2722cc7\" data-id=\"2722cc7\" data-element_type=\"column\">\n\t\t\t<div class=\"elementor-widget-wrap elementor-element-populated\">\n\t\t\t\t\t\t<div class=\"elementor-element elementor-element-8723dd5 elementor-widget elementor-widget-heading\" data-id=\"8723dd5\" data-element_type=\"widget\" data-widget_type=\"heading.default\">\n\t\t\t\t<div class=\"elementor-widget-container\">\n\t\t\t\t\t<h2 class=\"elementor-heading-title elementor-size-default\">Identyfikacja bakterii i grzyb\u00f3w z wykorzystaniem PCR i sekwencjonowania DNA<\/h2>\t\t\t\t<\/div>\n\t\t\t\t<\/div>\n\t\t\t\t<div class=\"elementor-element elementor-element-ff81b7c elementor-widget elementor-widget-text-editor\" data-id=\"ff81b7c\" data-element_type=\"widget\" data-widget_type=\"text-editor.default\">\n\t\t\t\t<div class=\"elementor-widget-container\">\n\t\t\t\t\t\t\t\t\t<p>Prowadzimy badania w zakresie identyfikacji bakterii i grzyb\u00f3w z wykorzystaniem reakcji PCR (z ang. <em>polymerase chain reaction<\/em>). Analizy s\u0105 przeprowadzane przy u\u017cyciu odpowiednio zaprojektowanych starter\u00f3w, kt\u00f3re umo\u017cliwiaj\u0105 specyficznie amplifikowane materia\u0142u genetycznego pochodz\u0105cego od badanych mikroorganizm\u00f3w.&nbsp;<\/p>\n<p>Otrzymany materia\u0142 genetyczny jest nast\u0119pnie przekazywany do firmy zewn\u0119trznej, kt\u00f3ra przeprowadza sekwencjonowanie. Uzyskane dane sekwencyjne pozwalaj\u0105 na precyzyjn\u0105 identyfikacj\u0119 gatunk\u00f3w.&nbsp;<\/p>\t\t\t\t\t\t\t\t<\/div>\n\t\t\t\t<\/div>\n\t\t\t\t\t<\/div>\n\t\t<\/div>\n\t\t\t\t\t<\/div>\n\t\t<\/section>\n\t\t\t\t<\/div>\n\t\t","protected":false},"excerpt":{"rendered":"<p>Identyfikacja bakterii i grzyb\u00f3w z wykorzystaniem PCR i sekwencjonowania DNA Prowadzimy badania w zakresie identyfikacji bakterii i grzyb\u00f3w z wykorzystaniem reakcji PCR (z ang. polymerase chain reaction). Analizy s\u0105 przeprowadzane przy u\u017cyciu odpowiednio zaprojektowanych starter\u00f3w, kt\u00f3re umo\u017cliwiaj\u0105 specyficznie amplifikowane materia\u0142u genetycznego pochodz\u0105cego od badanych mikroorganizm\u00f3w.&nbsp; Otrzymany materia\u0142 genetyczny jest nast\u0119pnie przekazywany do firmy zewn\u0119trznej, kt\u00f3ra przeprowadza sekwencjonowanie. Uzyskane dane sekwencyjne pozwalaj\u0105 na precyzyjn\u0105 identyfikacj\u0119 gatunk\u00f3w.&nbsp;<\/p>\n","protected":false},"author":1,"featured_media":0,"parent":0,"menu_order":0,"comment_status":"closed","ping_status":"closed","template":"elementor_header_footer","meta":{"footnotes":""},"class_list":["post-212","page","type-page","status-publish","hentry"],"_links":{"self":[{"href":"https:\/\/injzp.uek.krakow.pl\/km\/wp-json\/wp\/v2\/pages\/212","targetHints":{"allow":["GET"]}}],"collection":[{"href":"https:\/\/injzp.uek.krakow.pl\/km\/wp-json\/wp\/v2\/pages"}],"about":[{"href":"https:\/\/injzp.uek.krakow.pl\/km\/wp-json\/wp\/v2\/types\/page"}],"author":[{"embeddable":true,"href":"https:\/\/injzp.uek.krakow.pl\/km\/wp-json\/wp\/v2\/users\/1"}],"replies":[{"embeddable":true,"href":"https:\/\/injzp.uek.krakow.pl\/km\/wp-json\/wp\/v2\/comments?post=212"}],"version-history":[{"count":17,"href":"https:\/\/injzp.uek.krakow.pl\/km\/wp-json\/wp\/v2\/pages\/212\/revisions"}],"predecessor-version":[{"id":2242,"href":"https:\/\/injzp.uek.krakow.pl\/km\/wp-json\/wp\/v2\/pages\/212\/revisions\/2242"}],"wp:attachment":[{"href":"https:\/\/injzp.uek.krakow.pl\/km\/wp-json\/wp\/v2\/media?parent=212"}],"curies":[{"name":"wp","href":"https:\/\/api.w.org\/{rel}","templated":true}]}}