{"id":212,"date":"2023-02-19T10:20:18","date_gmt":"2023-02-19T09:20:18","guid":{"rendered":"https:\/\/ie.uek.krakow.pl\/ke\/?page_id=212"},"modified":"2024-11-27T10:36:19","modified_gmt":"2024-11-27T09:36:19","slug":"partnerzy","status":"publish","type":"page","link":"https:\/\/injzp.uek.krakow.pl\/kot\/partnerzy\/","title":{"rendered":"Partnerzy"},"content":{"rendered":"\t\t<div data-elementor-type=\"wp-page\" data-elementor-id=\"212\" class=\"elementor elementor-212\" data-elementor-post-type=\"page\">\n\t\t\t\t\t\t<section data-particle_enable=\"false\" data-particle-mobile-disabled=\"false\" class=\"elementor-section elementor-top-section elementor-element elementor-element-22080c8 elementor-section-boxed elementor-section-height-default elementor-section-height-default\" data-id=\"22080c8\" data-element_type=\"section\" data-settings=\"{&quot;jet_parallax_layout_list&quot;:[]}\">\n\t\t\t\t\t\t<div class=\"elementor-container elementor-column-gap-default\">\n\t\t\t\t\t<div class=\"elementor-column elementor-col-33 elementor-top-column elementor-element elementor-element-c20decf\" data-id=\"c20decf\" data-element_type=\"column\">\n\t\t\t<div class=\"elementor-widget-wrap elementor-element-populated\">\n\t\t\t\t\t\t<div class=\"elementor-element elementor-element-9764738 elementor-widget elementor-widget-image\" data-id=\"9764738\" data-element_type=\"widget\" data-widget_type=\"image.default\">\n\t\t\t\t<div class=\"elementor-widget-container\">\n\t\t\t\t\t\t\t\t\t\t\t\t\t\t\t<img decoding=\"async\" width=\"200\" height=\"200\" src=\"https:\/\/injzp.uek.krakow.pl\/kot\/wp-content\/uploads\/sites\/8\/2024\/11\/hellman-worldwide-logistics.jpeg\" class=\"attachment-full size-full wp-image-2361\" alt=\"\" srcset=\"https:\/\/injzp.uek.krakow.pl\/kot\/wp-content\/uploads\/sites\/8\/2024\/11\/hellman-worldwide-logistics.jpeg 200w, https:\/\/injzp.uek.krakow.pl\/kot\/wp-content\/uploads\/sites\/8\/2024\/11\/hellman-worldwide-logistics-150x150.jpeg 150w, https:\/\/injzp.uek.krakow.pl\/kot\/wp-content\/uploads\/sites\/8\/2024\/11\/hellman-worldwide-logistics-75x75.jpeg 75w\" sizes=\"(max-width: 200px) 100vw, 200px\" \/>\t\t\t\t\t\t\t\t\t\t\t\t\t\t\t<\/div>\n\t\t\t\t<\/div>\n\t\t\t\t\t<\/div>\n\t\t<\/div>\n\t\t\t\t<div class=\"elementor-column elementor-col-66 elementor-top-column elementor-element elementor-element-101f182\" data-id=\"101f182\" data-element_type=\"column\">\n\t\t\t<div class=\"elementor-widget-wrap elementor-element-populated\">\n\t\t\t\t\t\t<div class=\"elementor-element elementor-element-8723dd5 elementor-widget elementor-widget-heading\" data-id=\"8723dd5\" data-element_type=\"widget\" data-widget_type=\"heading.default\">\n\t\t\t\t<div class=\"elementor-widget-container\">\n\t\t\t\t\t<h2 class=\"elementor-heading-title elementor-size-default\">Hellmann Worldwide Logistics <\/h2>\t\t\t\t<\/div>\n\t\t\t\t<\/div>\n\t\t\t\t<div class=\"elementor-element elementor-element-ff81b7c elementor-widget elementor-widget-text-editor\" data-id=\"ff81b7c\" data-element_type=\"widget\" data-widget_type=\"text-editor.default\">\n\t\t\t\t<div class=\"elementor-widget-container\">\n\t\t\t\t\t\t\t\t\t<p>Od momentu za\u0142o\u017cenia w 1871 roku, Hellmann sta\u0142 si\u0119 jednym z najwi\u0119kszych mi\u0119dzynarodowych dostawc\u00f3w us\u0142ug logistycznych. Dzi\u0119ki niezawodnym produktom: Transportowi Lotniczemu, Transportowi Morskiemu, Transportowi Drogowemu i Kolejowemu oraz Logistyce Kontraktowej, zawsze oferuje odpowiednie rozwi\u0105zania dla r\u00f3\u017cnorodnych wymaga\u0144 logistycznych klient\u00f3w, stawiaj\u0105c na nowoczesne us\u0142ugi informatyczne, zapewniaj\u0105ce maksymaln\u0105 transparentno\u015b\u0107 i wi\u0119ksz\u0105 wydajno\u015b\u0107 \u0142a\u0144cuch\u00f3w dostaw.<\/p>\t\t\t\t\t\t\t\t<\/div>\n\t\t\t\t<\/div>\n\t\t\t\t<div class=\"elementor-element elementor-element-30626b33 elementor-align-right elementor-button-info elementor-widget elementor-widget-button\" data-id=\"30626b33\" data-element_type=\"widget\" data-widget_type=\"button.default\">\n\t\t\t\t<div class=\"elementor-widget-container\">\n\t\t\t\t\t\t\t\t\t<div class=\"elementor-button-wrapper\">\n\t\t\t\t\t<a class=\"elementor-button elementor-button-link elementor-size-sm\" href=\"https:\/\/www.hellmann.com\/pl\" target=\"_blank\">\n\t\t\t\t\t\t<span class=\"elementor-button-content-wrapper\">\n\t\t\t\t\t\t<span class=\"elementor-button-icon\">\n\t\t\t\t\t\t\t<\/span>\n\t\t\t\t\t\t\t\t\t<span class=\"elementor-button-text\">strona partnera<\/span>\n\t\t\t\t\t<\/span>\n\t\t\t\t\t<\/a>\n\t\t\t\t<\/div>\n\t\t\t\t\t\t\t\t<\/div>\n\t\t\t\t<\/div>\n\t\t\t\t\t<\/div>\n\t\t<\/div>\n\t\t\t\t\t<\/div>\n\t\t<\/section>\n\t\t\t\t<\/div>\n\t\t","protected":false},"excerpt":{"rendered":"<p>Hellmann Worldwide Logistics Od momentu za\u0142o\u017cenia w 1871 roku, Hellmann sta\u0142 si\u0119 jednym z najwi\u0119kszych mi\u0119dzynarodowych dostawc\u00f3w us\u0142ug logistycznych. Dzi\u0119ki niezawodnym produktom: Transportowi Lotniczemu, Transportowi Morskiemu, Transportowi Drogowemu i Kolejowemu oraz Logistyce Kontraktowej, zawsze oferuje odpowiednie rozwi\u0105zania dla r\u00f3\u017cnorodnych wymaga\u0144 logistycznych klient\u00f3w, stawiaj\u0105c na nowoczesne us\u0142ugi informatyczne, zapewniaj\u0105ce maksymaln\u0105 transparentno\u015b\u0107 i wi\u0119ksz\u0105 wydajno\u015b\u0107 \u0142a\u0144cuch\u00f3w dostaw. strona partnera<\/p>\n","protected":false},"author":1,"featured_media":0,"parent":0,"menu_order":0,"comment_status":"closed","ping_status":"closed","template":"elementor_header_footer","meta":{"footnotes":""},"class_list":["post-212","page","type-page","status-publish","hentry"],"_links":{"self":[{"href":"https:\/\/injzp.uek.krakow.pl\/kot\/wp-json\/wp\/v2\/pages\/212","targetHints":{"allow":["GET"]}}],"collection":[{"href":"https:\/\/injzp.uek.krakow.pl\/kot\/wp-json\/wp\/v2\/pages"}],"about":[{"href":"https:\/\/injzp.uek.krakow.pl\/kot\/wp-json\/wp\/v2\/types\/page"}],"author":[{"embeddable":true,"href":"https:\/\/injzp.uek.krakow.pl\/kot\/wp-json\/wp\/v2\/users\/1"}],"replies":[{"embeddable":true,"href":"https:\/\/injzp.uek.krakow.pl\/kot\/wp-json\/wp\/v2\/comments?post=212"}],"version-history":[{"count":7,"href":"https:\/\/injzp.uek.krakow.pl\/kot\/wp-json\/wp\/v2\/pages\/212\/revisions"}],"predecessor-version":[{"id":2367,"href":"https:\/\/injzp.uek.krakow.pl\/kot\/wp-json\/wp\/v2\/pages\/212\/revisions\/2367"}],"wp:attachment":[{"href":"https:\/\/injzp.uek.krakow.pl\/kot\/wp-json\/wp\/v2\/media?parent=212"}],"curies":[{"name":"wp","href":"https:\/\/api.w.org\/{rel}","templated":true}]}}