{"id":2727,"date":"2026-02-05T11:40:15","date_gmt":"2026-02-05T10:40:15","guid":{"rendered":"https:\/\/injzp.uek.krakow.pl\/kot\/?page_id=2727"},"modified":"2026-02-05T12:09:50","modified_gmt":"2026-02-05T11:09:50","slug":"katedra-przyjazna-osobom-z-niepelnosprawnosciami","status":"publish","type":"page","link":"https:\/\/injzp.uek.krakow.pl\/kot\/studenci\/katedra-przyjazna-osobom-z-niepelnosprawnosciami\/","title":{"rendered":"Katedra przyjazna osobom z niepe\u0142nosprawno\u015bciami"},"content":{"rendered":"\t\t<div data-elementor-type=\"wp-page\" data-elementor-id=\"2727\" class=\"elementor elementor-2727\" data-elementor-post-type=\"page\">\n\t\t\t\t\t\t<section data-particle_enable=\"false\" data-particle-mobile-disabled=\"false\" class=\"elementor-section elementor-top-section elementor-element elementor-element-bd91e84 elementor-section-boxed elementor-section-height-default elementor-section-height-default\" data-id=\"bd91e84\" data-element_type=\"section\" data-settings=\"{&quot;jet_parallax_layout_list&quot;:[]}\">\n\t\t\t\t\t\t<div class=\"elementor-container elementor-column-gap-default\">\n\t\t\t\t\t<div class=\"elementor-column elementor-col-100 elementor-top-column elementor-element elementor-element-29b02fc\" data-id=\"29b02fc\" data-element_type=\"column\">\n\t\t\t<div class=\"elementor-widget-wrap elementor-element-populated\">\n\t\t\t\t\t\t<div class=\"elementor-element elementor-element-48ab94d elementor-widget elementor-widget-text-editor\" data-id=\"48ab94d\" data-element_type=\"widget\" data-widget_type=\"text-editor.default\">\n\t\t\t\t<div class=\"elementor-widget-container\">\n\t\t\t\t\t\t\t\t\t<p>Katedralny koordynator ds. dost\u0119pno\u015bci: dr Jaros\u0142aw \u015awida<br>Dane kontaktowe:<br>gabinet: pawilon U, pok. 407<br><span style=\"letter-spacing: 0px\">telefon: +48 12 293 51 65<br><\/span>telefon do sekretariatu: +48 12 293 51 70<br>e-mail: swidaj@uek.krakow.pl<\/p>\n<p><span style=\"letter-spacing: 0px\">Dy\u017cury koordynatora w godzinach konsultacji (aktualne godziny dost\u0119pne na e-wizyt\u00f3wce)<\/span><\/p>\n<p><a href=\"https:\/\/bon.uek.krakow.pl\/p,61,kontakt\">Kontakt do biura ds. os\u00f3b z niepe\u0142nosprawno\u015bciami UEK<\/a><\/p>\t\t\t\t\t\t\t\t<\/div>\n\t\t\t\t<\/div>\n\t\t\t\t\t<\/div>\n\t\t<\/div>\n\t\t\t\t\t<\/div>\n\t\t<\/section>\n\t\t\t\t<\/div>\n\t\t","protected":false},"excerpt":{"rendered":"<p>Katedralny koordynator ds. dost\u0119pno\u015bci: dr Jaros\u0142aw \u015awidaDane kontaktowe:gabinet: pawilon U, pok. 407telefon: +48 12 293 51 65telefon do sekretariatu: +48 12 293 51 70e-mail: swidaj@uek.krakow.pl Dy\u017cury koordynatora w godzinach konsultacji (aktualne godziny dost\u0119pne na e-wizyt\u00f3wce) Kontakt do biura ds. os\u00f3b z niepe\u0142nosprawno\u015bciami UEK<\/p>\n","protected":false},"author":18,"featured_media":0,"parent":336,"menu_order":0,"comment_status":"closed","ping_status":"closed","template":"","meta":{"footnotes":""},"class_list":["post-2727","page","type-page","status-publish","hentry"],"_links":{"self":[{"href":"https:\/\/injzp.uek.krakow.pl\/kot\/wp-json\/wp\/v2\/pages\/2727","targetHints":{"allow":["GET"]}}],"collection":[{"href":"https:\/\/injzp.uek.krakow.pl\/kot\/wp-json\/wp\/v2\/pages"}],"about":[{"href":"https:\/\/injzp.uek.krakow.pl\/kot\/wp-json\/wp\/v2\/types\/page"}],"author":[{"embeddable":true,"href":"https:\/\/injzp.uek.krakow.pl\/kot\/wp-json\/wp\/v2\/users\/18"}],"replies":[{"embeddable":true,"href":"https:\/\/injzp.uek.krakow.pl\/kot\/wp-json\/wp\/v2\/comments?post=2727"}],"version-history":[{"count":12,"href":"https:\/\/injzp.uek.krakow.pl\/kot\/wp-json\/wp\/v2\/pages\/2727\/revisions"}],"predecessor-version":[{"id":2743,"href":"https:\/\/injzp.uek.krakow.pl\/kot\/wp-json\/wp\/v2\/pages\/2727\/revisions\/2743"}],"up":[{"embeddable":true,"href":"https:\/\/injzp.uek.krakow.pl\/kot\/wp-json\/wp\/v2\/pages\/336"}],"wp:attachment":[{"href":"https:\/\/injzp.uek.krakow.pl\/kot\/wp-json\/wp\/v2\/media?parent=2727"}],"curies":[{"name":"wp","href":"https:\/\/api.w.org\/{rel}","templated":true}]}}