{"id":346,"date":"2023-02-20T00:01:15","date_gmt":"2023-02-19T23:01:15","guid":{"rendered":"https:\/\/ie.uek.krakow.pl\/ke\/?page_id=346"},"modified":"2025-03-31T17:06:59","modified_gmt":"2025-03-31T15:06:59","slug":"kolo-naukowe-opakowalnictwa-i-procesow-logistycznych","status":"publish","type":"page","link":"https:\/\/injzp.uek.krakow.pl\/kot\/studenci\/kolo-naukowe-opakowalnictwa-i-procesow-logistycznych\/","title":{"rendered":"Ko\u0142o Naukowe Opakowalnictwa i Proces\u00f3w Logistycznych"},"content":{"rendered":"\t\t<div data-elementor-type=\"wp-page\" data-elementor-id=\"346\" class=\"elementor elementor-346\" data-elementor-post-type=\"page\">\n\t\t\t\t\t\t<section data-particle_enable=\"false\" data-particle-mobile-disabled=\"false\" class=\"elementor-section elementor-top-section elementor-element elementor-element-22080c8 elementor-section-boxed elementor-section-height-default elementor-section-height-default\" data-id=\"22080c8\" data-element_type=\"section\" data-settings=\"{&quot;jet_parallax_layout_list&quot;:[]}\">\n\t\t\t\t\t\t<div class=\"elementor-container elementor-column-gap-default\">\n\t\t\t\t\t<div class=\"elementor-column elementor-col-33 elementor-top-column elementor-element elementor-element-c20decf\" data-id=\"c20decf\" data-element_type=\"column\">\n\t\t\t<div class=\"elementor-widget-wrap elementor-element-populated\">\n\t\t\t\t\t\t<div class=\"elementor-element elementor-element-9764738 elementor-widget elementor-widget-image\" data-id=\"9764738\" data-element_type=\"widget\" data-widget_type=\"image.default\">\n\t\t\t\t<div class=\"elementor-widget-container\">\n\t\t\t\t\t\t\t\t\t\t\t\t\t\t\t<img fetchpriority=\"high\" decoding=\"async\" width=\"500\" height=\"500\" src=\"https:\/\/injzp.uek.krakow.pl\/kot\/wp-content\/uploads\/sites\/8\/2025\/03\/nowe-kolo.jpg\" class=\"attachment-full size-full wp-image-2605\" alt=\"\" srcset=\"https:\/\/injzp.uek.krakow.pl\/kot\/wp-content\/uploads\/sites\/8\/2025\/03\/nowe-kolo.jpg 500w, https:\/\/injzp.uek.krakow.pl\/kot\/wp-content\/uploads\/sites\/8\/2025\/03\/nowe-kolo-300x300.jpg 300w, https:\/\/injzp.uek.krakow.pl\/kot\/wp-content\/uploads\/sites\/8\/2025\/03\/nowe-kolo-150x150.jpg 150w, https:\/\/injzp.uek.krakow.pl\/kot\/wp-content\/uploads\/sites\/8\/2025\/03\/nowe-kolo-75x75.jpg 75w\" sizes=\"(max-width: 500px) 100vw, 500px\" \/>\t\t\t\t\t\t\t\t\t\t\t\t\t\t\t<\/div>\n\t\t\t\t<\/div>\n\t\t\t\t\t<\/div>\n\t\t<\/div>\n\t\t\t\t<div class=\"elementor-column elementor-col-66 elementor-top-column elementor-element elementor-element-101f182\" data-id=\"101f182\" data-element_type=\"column\">\n\t\t\t<div class=\"elementor-widget-wrap elementor-element-populated\">\n\t\t\t\t\t\t<div class=\"elementor-element elementor-element-ff81b7c elementor-widget elementor-widget-text-editor\" data-id=\"ff81b7c\" data-element_type=\"widget\" data-widget_type=\"text-editor.default\">\n\t\t\t\t<div class=\"elementor-widget-container\">\n\t\t\t\t\t\t\t\t\t<div dir=\"auto\" style=\"border: 0px;font: inherit;margin: 0px;padding: 0px;vertical-align: baseline;color: inherit\">Ko\u0142o Naukowe Opakowalnictwa i Proces\u00f3w Logistycznych to spo\u0142eczno\u015b\u0107 skupiaj\u0105ca student\u00f3w z r\u00f3\u017cnych kierunk\u00f3w o podobnych zainteresowaniach.\u00a0<\/div><div dir=\"auto\" style=\"border: 0px;font: inherit;margin: 0px;padding: 0px;vertical-align: baseline;color: inherit\">Ko\u0142o \u0142\u0105czy w sobie dziedziny opakowalnictwa, marketingu, logistyki, transportu oraz handlu.\u00a0<\/div><div dir=\"auto\" style=\"border: 0px;font: inherit;margin: 0px;padding: 0px;vertical-align: baseline;color: inherit\">\u00a0<\/div><div dir=\"auto\" style=\"border: 0px;font: inherit;margin: 0px;padding: 0px;vertical-align: baseline;color: inherit\">Co sprawia, \u017ce KNOPL to miejsce, kt\u00f3re przyci\u0105ga uwag\u0119?<\/div><div dir=\"auto\" style=\"border: 0px;font: inherit;margin: 0px;padding: 0px;vertical-align: baseline;color: inherit\">\u2022 Porywaj\u0105ce seminaria i wyk\u0142ady, prowadzone przez wiod\u0105cych ekspert\u00f3w w dziedzinie opakowa\u0144, a tak\u017ce przez naszych w\u0142asnych utalentowanych cz\u0142onk\u00f3w ko\u0142a.\u00a0<\/div><div dir=\"auto\" style=\"border: 0px;font: inherit;margin: 0px;padding: 0px;vertical-align: baseline;color: inherit\">\u2022 Organizacja og\u00f3lnokrajowych konferencji naukowych, kt\u00f3re ciesz\u0105 si\u0119 znacznym uznaniem.\u00a0<\/div><div dir=\"auto\" style=\"border: 0px;font: inherit;margin: 0px;padding: 0px;vertical-align: baseline;color: inherit\">\u2022 Ka\u017cdego roku wydajemy monografi\u0119, kt\u00f3ra jest \u017ar\u00f3d\u0142em inspiracji dla badaczy opakowa\u0144.\u00a0<\/div><div dir=\"auto\" style=\"border: 0px;font: inherit;margin: 0px;padding: 0px;vertical-align: baseline;color: inherit\">\u2022 Jeste\u015bmy tak\u017ce zaanga\u017cowani w badania naukowe, w tym badania laboratoryjne.<\/div><div dir=\"auto\" style=\"border: 0px;font: inherit;margin: 0px;padding: 0px;vertical-align: baseline;color: inherit\">\u2022 Poza tym jeste\u015bmy jedynym ko\u0142em opakowalnictwa towar\u00f3w w ca\u0142ej Polsce!<\/div><div dir=\"auto\" style=\"border: 0px;font: inherit;margin: 0px;padding: 0px;vertical-align: baseline;color: inherit\">\u00a0<\/div><div dir=\"auto\" style=\"border: 0px;font: inherit;margin: 0px;padding: 0px;vertical-align: baseline;color: inherit\">Je\u015bli Wasze serca bij\u0105 dla opakowa\u0144 i chcieliby\u015bcie pozna\u0107 tajniki tej fascynuj\u0105cej dziedziny, to KNOPL jest miejscem, gdzie mo\u017cecie to zrealizowa\u0107.<\/div><div dir=\"auto\" style=\"border: 0px;font: inherit;margin: 0px;padding: 0px;vertical-align: baseline;color: inherit\">\u00a0<\/div>\t\t\t\t\t\t\t\t<\/div>\n\t\t\t\t<\/div>\n\t\t\t\t<div class=\"elementor-element elementor-element-30626b33 elementor-align-right elementor-button-info elementor-widget elementor-widget-button\" data-id=\"30626b33\" data-element_type=\"widget\" data-widget_type=\"button.default\">\n\t\t\t\t<div class=\"elementor-widget-container\">\n\t\t\t\t\t\t\t\t\t<div class=\"elementor-button-wrapper\">\n\t\t\t\t\t<a class=\"elementor-button elementor-button-link elementor-size-sm\" href=\"https:\/\/www.facebook.com\/knopl.uek\" target=\"_blank\">\n\t\t\t\t\t\t<span class=\"elementor-button-content-wrapper\">\n\t\t\t\t\t\t\t\t\t<span class=\"elementor-button-text\">strona ko\u0142a<\/span>\n\t\t\t\t\t<\/span>\n\t\t\t\t\t<\/a>\n\t\t\t\t<\/div>\n\t\t\t\t\t\t\t\t<\/div>\n\t\t\t\t<\/div>\n\t\t\t\t\t<\/div>\n\t\t<\/div>\n\t\t\t\t\t<\/div>\n\t\t<\/section>\n\t\t\t\t<\/div>\n\t\t","protected":false},"excerpt":{"rendered":"<p>Ko\u0142o Naukowe Opakowalnictwa i Proces\u00f3w Logistycznych to spo\u0142eczno\u015b\u0107 skupiaj\u0105ca student\u00f3w z r\u00f3\u017cnych kierunk\u00f3w o podobnych zainteresowaniach.\u00a0Ko\u0142o \u0142\u0105czy w sobie dziedziny opakowalnictwa, marketingu, logistyki, transportu oraz handlu.\u00a0\u00a0Co sprawia, \u017ce KNOPL to miejsce, kt\u00f3re przyci\u0105ga uwag\u0119?\u2022 Porywaj\u0105ce seminaria i wyk\u0142ady, prowadzone przez wiod\u0105cych ekspert\u00f3w w dziedzinie opakowa\u0144, a tak\u017ce przez naszych w\u0142asnych utalentowanych cz\u0142onk\u00f3w ko\u0142a.\u00a0\u2022 Organizacja og\u00f3lnokrajowych konferencji naukowych, kt\u00f3re ciesz\u0105 si\u0119 znacznym uznaniem.\u00a0\u2022 Ka\u017cdego roku wydajemy monografi\u0119, kt\u00f3ra jest \u017ar\u00f3d\u0142em inspiracji dla badaczy opakowa\u0144.\u00a0\u2022 Jeste\u015bmy tak\u017ce zaanga\u017cowani w badania naukowe, w tym badania laboratoryjne.\u2022 Poza tym jeste\u015bmy jedynym ko\u0142em opakowalnictwa towar\u00f3w w ca\u0142ej Polsce!\u00a0Je\u015bli Wasze serca bij\u0105 dla opakowa\u0144 i chcieliby\u015bcie pozna\u0107 tajniki tej fascynuj\u0105cej dziedziny, to KNOPL jest miejscem, gdzie mo\u017cecie to zrealizowa\u0107.\u00a0 strona ko\u0142a<\/p>\n","protected":false},"author":1,"featured_media":0,"parent":336,"menu_order":0,"comment_status":"closed","ping_status":"closed","template":"elementor_header_footer","meta":{"footnotes":""},"class_list":["post-346","page","type-page","status-publish","hentry"],"_links":{"self":[{"href":"https:\/\/injzp.uek.krakow.pl\/kot\/wp-json\/wp\/v2\/pages\/346","targetHints":{"allow":["GET"]}}],"collection":[{"href":"https:\/\/injzp.uek.krakow.pl\/kot\/wp-json\/wp\/v2\/pages"}],"about":[{"href":"https:\/\/injzp.uek.krakow.pl\/kot\/wp-json\/wp\/v2\/types\/page"}],"author":[{"embeddable":true,"href":"https:\/\/injzp.uek.krakow.pl\/kot\/wp-json\/wp\/v2\/users\/1"}],"replies":[{"embeddable":true,"href":"https:\/\/injzp.uek.krakow.pl\/kot\/wp-json\/wp\/v2\/comments?post=346"}],"version-history":[{"count":10,"href":"https:\/\/injzp.uek.krakow.pl\/kot\/wp-json\/wp\/v2\/pages\/346\/revisions"}],"predecessor-version":[{"id":2609,"href":"https:\/\/injzp.uek.krakow.pl\/kot\/wp-json\/wp\/v2\/pages\/346\/revisions\/2609"}],"up":[{"embeddable":true,"href":"https:\/\/injzp.uek.krakow.pl\/kot\/wp-json\/wp\/v2\/pages\/336"}],"wp:attachment":[{"href":"https:\/\/injzp.uek.krakow.pl\/kot\/wp-json\/wp\/v2\/media?parent=346"}],"curies":[{"name":"wp","href":"https:\/\/api.w.org\/{rel}","templated":true}]}}