{"id":584,"date":"2023-02-23T14:36:00","date_gmt":"2023-02-23T13:36:00","guid":{"rendered":"https:\/\/ie.uek.krakow.pl\/szablon\/?page_id=584"},"modified":"2025-03-31T15:57:21","modified_gmt":"2025-03-31T13:57:21","slug":"department","status":"publish","type":"page","link":"https:\/\/injzp.uek.krakow.pl\/kot\/en\/department\/","title":{"rendered":"About the Department"},"content":{"rendered":"\t\t<div data-elementor-type=\"wp-page\" data-elementor-id=\"584\" class=\"elementor elementor-584\" data-elementor-post-type=\"page\">\n\t\t\t\t\t\t<section data-particle_enable=\"false\" data-particle-mobile-disabled=\"false\" class=\"elementor-section elementor-top-section elementor-element elementor-element-4ca67fb elementor-section-boxed elementor-section-height-default elementor-section-height-default\" data-id=\"4ca67fb\" data-element_type=\"section\" data-settings=\"{&quot;jet_parallax_layout_list&quot;:[]}\">\n\t\t\t\t\t\t<div class=\"elementor-container elementor-column-gap-default\">\n\t\t\t\t\t<div class=\"elementor-column elementor-col-100 elementor-top-column elementor-element elementor-element-22e0d310\" data-id=\"22e0d310\" data-element_type=\"column\">\n\t\t\t<div class=\"elementor-widget-wrap elementor-element-populated\">\n\t\t\t\t\t\t<div class=\"elementor-element elementor-element-7c047738 elementor-widget elementor-widget-jet-headline\" data-id=\"7c047738\" data-element_type=\"widget\" data-widget_type=\"jet-headline.default\">\n\t\t\t\t<div class=\"elementor-widget-container\">\n\t\t\t\t\t<h2 class=\"jet-headline jet-headline--direction-horizontal\"><span class=\"jet-headline__part jet-headline__first\"><span class=\"jet-headline__label\">Department<\/span><\/span><span class=\"jet-headline__space\">&nbsp;<\/span><span class=\"jet-headline__part jet-headline__second\"><span class=\"jet-headline__label\">of Packaging AND Logistics Processes<\/span><\/span><\/h2>\t\t\t\t<\/div>\n\t\t\t\t<\/div>\n\t\t\t\t<div class=\"elementor-element elementor-element-27706e0c elementor-widget-divider--view-line elementor-invisible elementor-widget elementor-widget-divider\" data-id=\"27706e0c\" data-element_type=\"widget\" data-settings=\"{&quot;_animation&quot;:&quot;fadeInLeft&quot;}\" data-widget_type=\"divider.default\">\n\t\t\t\t<div class=\"elementor-widget-container\">\n\t\t\t\t\t\t\t<div class=\"elementor-divider\">\n\t\t\t<span class=\"elementor-divider-separator\">\n\t\t\t\t\t\t<\/span>\n\t\t<\/div>\n\t\t\t\t\t\t<\/div>\n\t\t\t\t<\/div>\n\t\t\t\t<div class=\"elementor-element elementor-element-64fa2182 elementor-widget elementor-widget-text-editor\" data-id=\"64fa2182\" data-element_type=\"widget\" data-widget_type=\"text-editor.default\">\n\t\t\t\t<div class=\"elementor-widget-container\">\n\t\t\t\t\t\t\t\t\t<blockquote>\n<p>The Department of Packaging and Logistics Processes has been an organizational unit within the Faculty of Commodity Science since 1981, initially as the Department of Packaging and Storage of Goods. In 1992, the Department was transformed into the Department of Packaging of Goods, which in 2024 changed its name to the Department of Packaging and Logistics Processes.<\/p>\n<p>In 2020, following a change in the University&#8217;s organizational structure, the Department became a unit within the Institute of Quality Sciences and Product Management.<\/p>\n<p>Until September 30, 2000, the position of Head of the Department was held by Dr Habil Marian Cicho\u0144, Full Professor, followed by Dr Habil Ma\u0142gorzata Lisi\u0144ska-Ku\u015bnierz, Full Professor, who served until September 30, 2021. Since October 1, 2021, the position of Head of the Department has been held by Dr Habil. Eng. Agnieszka Cholewa-W\u00f3jcik, Associate Professor.<\/p>\n<\/blockquote>\t\t\t\t\t\t\t\t<\/div>\n\t\t\t\t<\/div>\n\t\t\t\t\t<\/div>\n\t\t<\/div>\n\t\t\t\t\t<\/div>\n\t\t<\/section>\n\t\t\t\t<\/div>\n\t\t","protected":false},"excerpt":{"rendered":"<p>Department&nbsp;of Packaging AND Logistics Processes The Department of Packaging and Logistics Processes has been an organizational unit within the Faculty of Commodity Science since 1981, initially as the Department of Packaging and Storage of Goods. In 1992, the Department was transformed into the Department of Packaging of Goods, which in 2024 changed its name to the Department of Packaging and Logistics Processes. In 2020, following a change in the University&#8217;s organizational structure, the Department became a unit within the Institute of Quality Sciences and Product Management. Until September 30, 2000, the position of Head of the Department was held by Dr Habil Marian Cicho\u0144, Full Professor, followed by Dr Habil Ma\u0142gorzata Lisi\u0144ska-Ku\u015bnierz, Full Professor, who served until September 30, 2021. Since October 1, 2021, the position of Head of the Department has been held by Dr Habil. Eng. Agnieszka Cholewa-W\u00f3jcik, Associate Professor.<\/p>\n","protected":false},"author":1,"featured_media":0,"parent":0,"menu_order":0,"comment_status":"closed","ping_status":"closed","template":"elementor_header_footer","meta":{"footnotes":""},"class_list":["post-584","page","type-page","status-publish","hentry"],"_links":{"self":[{"href":"https:\/\/injzp.uek.krakow.pl\/kot\/wp-json\/wp\/v2\/pages\/584","targetHints":{"allow":["GET"]}}],"collection":[{"href":"https:\/\/injzp.uek.krakow.pl\/kot\/wp-json\/wp\/v2\/pages"}],"about":[{"href":"https:\/\/injzp.uek.krakow.pl\/kot\/wp-json\/wp\/v2\/types\/page"}],"author":[{"embeddable":true,"href":"https:\/\/injzp.uek.krakow.pl\/kot\/wp-json\/wp\/v2\/users\/1"}],"replies":[{"embeddable":true,"href":"https:\/\/injzp.uek.krakow.pl\/kot\/wp-json\/wp\/v2\/comments?post=584"}],"version-history":[{"count":6,"href":"https:\/\/injzp.uek.krakow.pl\/kot\/wp-json\/wp\/v2\/pages\/584\/revisions"}],"predecessor-version":[{"id":2532,"href":"https:\/\/injzp.uek.krakow.pl\/kot\/wp-json\/wp\/v2\/pages\/584\/revisions\/2532"}],"wp:attachment":[{"href":"https:\/\/injzp.uek.krakow.pl\/kot\/wp-json\/wp\/v2\/media?parent=584"}],"curies":[{"name":"wp","href":"https:\/\/api.w.org\/{rel}","templated":true}]}}