{"id":965,"date":"2023-02-25T23:59:30","date_gmt":"2023-02-25T22:59:30","guid":{"rendered":"https:\/\/ie.uek.krakow.pl\/szablon\/?page_id=965"},"modified":"2025-03-31T15:21:13","modified_gmt":"2025-03-31T13:21:13","slug":"employees","status":"publish","type":"page","link":"https:\/\/injzp.uek.krakow.pl\/kot\/en\/employees\/","title":{"rendered":"Employees"},"content":{"rendered":"\t\t<div data-elementor-type=\"wp-page\" data-elementor-id=\"965\" class=\"elementor elementor-965\" data-elementor-post-type=\"page\">\n\t\t\t\t\t\t<section data-particle_enable=\"false\" data-particle-mobile-disabled=\"false\" class=\"elementor-section elementor-top-section elementor-element elementor-element-be20bad elementor-section-boxed elementor-section-height-default elementor-section-height-default\" data-id=\"be20bad\" data-element_type=\"section\" data-settings=\"{&quot;jet_parallax_layout_list&quot;:[]}\">\n\t\t\t\t\t\t<div class=\"elementor-container elementor-column-gap-default\">\n\t\t\t\t\t<div class=\"elementor-column elementor-col-100 elementor-top-column elementor-element elementor-element-c099fef\" data-id=\"c099fef\" data-element_type=\"column\">\n\t\t\t<div class=\"elementor-widget-wrap elementor-element-populated\">\n\t\t\t\t\t\t<div class=\"elementor-element elementor-element-923f8d4 elementor-widget elementor-widget-heading\" data-id=\"923f8d4\" data-element_type=\"widget\" id=\"kpii\" data-widget_type=\"heading.default\">\n\t\t\t\t<div class=\"elementor-widget-container\">\n\t\t\t\t\t<h2 class=\"elementor-heading-title elementor-size-default\">Department<\/h2>\t\t\t\t<\/div>\n\t\t\t\t<\/div>\n\t\t\t\t<section data-particle_enable=\"false\" data-particle-mobile-disabled=\"false\" class=\"elementor-section elementor-inner-section elementor-element elementor-element-4f9f836 elementor-section-boxed elementor-section-height-default elementor-section-height-default\" data-id=\"4f9f836\" data-element_type=\"section\" data-settings=\"{&quot;jet_parallax_layout_list&quot;:[],&quot;background_background&quot;:&quot;classic&quot;,&quot;shape_divider_bottom&quot;:&quot;arrow&quot;,&quot;shape_divider_bottom_negative&quot;:&quot;yes&quot;}\">\n\t\t\t\t\t<div class=\"elementor-shape elementor-shape-bottom\" data-negative=\"true\">\n\t\t\t<svg xmlns=\"http:\/\/www.w3.org\/2000\/svg\" viewBox=\"0 0 700 10\" preserveAspectRatio=\"none\">\n\t<path class=\"elementor-shape-fill\" d=\"M360 0L350 9.9 340 0 0 0 0 10 700 10 700 0\"\/>\n<\/svg>\t\t<\/div>\n\t\t\t\t\t<div class=\"elementor-container elementor-column-gap-default\">\n\t\t\t\t\t<div class=\"elementor-column elementor-col-50 elementor-inner-column elementor-element elementor-element-7a9c1ea\" data-id=\"7a9c1ea\" data-element_type=\"column\">\n\t\t\t<div class=\"elementor-widget-wrap elementor-element-populated\">\n\t\t\t\t\t\t<div class=\"elementor-element elementor-element-6239586 elementor-widget elementor-widget-heading\" data-id=\"6239586\" data-element_type=\"widget\" data-widget_type=\"heading.default\">\n\t\t\t\t<div class=\"elementor-widget-container\">\n\t\t\t\t\t<h4 class=\"elementor-heading-title elementor-size-default\">Head of Department<\/h4>\t\t\t\t<\/div>\n\t\t\t\t<\/div>\n\t\t\t\t\t<\/div>\n\t\t<\/div>\n\t\t\t\t<div class=\"elementor-column elementor-col-50 elementor-inner-column elementor-element elementor-element-d1d5d6a\" data-id=\"d1d5d6a\" data-element_type=\"column\">\n\t\t\t<div class=\"elementor-widget-wrap elementor-element-populated\">\n\t\t\t\t\t\t<div class=\"elementor-element elementor-element-a114a1c elementor-widget elementor-widget-eael-post-list\" data-id=\"a114a1c\" data-element_type=\"widget\" data-widget_type=\"eael-post-list.default\">\n\t\t\t\t<div class=\"elementor-widget-container\">\n\t\t\t\t\t<div class=\"eael-post-list-container default layout-default\"><div class=\"eael-post-list-wrap\"><div class=\"eael-post-list-posts-wrap eael-post-appender eael-post-appender-a114a1c\"><div class=\"eael-post-list-post \"><div class=\"eael-post-list-thumbnail \"><a href=\"https:\/\/injzp.uek.krakow.pl\/kot\/en\/pracownicy\/elementor-2511\/\">\n                            <img decoding=\"async\" src=\"https:\/\/injzp.uek.krakow.pl\/kot\/wp-content\/uploads\/sites\/8\/2023\/02\/Agnieszka-Cholewa-Wojcik.webp\" alt=\"\">\n                        <\/a><\/div><div class=\"eael-post-list-content\"><h2 class=\"eael-post-list-title\"><a href=\"https:\/\/injzp.uek.krakow.pl\/kot\/en\/pracownicy\/elementor-2511\/\" >Dr habil. Eng. Agnieszka Cholewa-W\u00f3jcik, Associate Professor<\/a><\/h2><\/div><\/div><\/div><\/div>\n\t\t<\/div>\t\t\t\t<\/div>\n\t\t\t\t<\/div>\n\t\t\t\t\t<\/div>\n\t\t<\/div>\n\t\t\t\t\t<\/div>\n\t\t<\/section>\n\t\t\t\t<div class=\"elementor-element elementor-element-3b905d0 elementor-widget elementor-widget-eael-post-list\" data-id=\"3b905d0\" data-element_type=\"widget\" data-widget_type=\"eael-post-list.default\">\n\t\t\t\t<div class=\"elementor-widget-container\">\n\t\t\t\t\t<div class=\"eael-post-list-container default layout-default\"><div class=\"eael-post-list-wrap\"><div class=\"eael-post-list-posts-wrap eael-post-appender eael-post-appender-3b905d0\"><div class=\"eael-post-list-post \"><div class=\"eael-post-list-thumbnail \"><a href=\"https:\/\/injzp.uek.krakow.pl\/kot\/en\/pracownicy\/prof-dr-habil-eng-ewelina-jamroz\/\">\n                            <img decoding=\"async\" src=\"https:\/\/injzp.uek.krakow.pl\/kot\/wp-content\/uploads\/sites\/8\/2023\/12\/Ewelina-Jamroz.webp\" alt=\"\">\n                        <\/a><\/div><div class=\"eael-post-list-content\"><h2 class=\"eael-post-list-title\"><a href=\"https:\/\/injzp.uek.krakow.pl\/kot\/en\/pracownicy\/prof-dr-habil-eng-ewelina-jamroz\/\" >Prof. dr habil. Eng. Ewelina Jamr\u00f3z, Full Profesor<\/a><\/h2><\/div><\/div><div class=\"eael-post-list-post \"><div class=\"eael-post-list-thumbnail \"><a href=\"https:\/\/injzp.uek.krakow.pl\/kot\/en\/pracownicy\/dr-jaroslaw-swida-2\/\">\n                            <img decoding=\"async\" src=\"https:\/\/injzp.uek.krakow.pl\/kot\/wp-content\/uploads\/sites\/8\/2024\/01\/jaroslaw-swida.webp\" alt=\"\">\n                        <\/a><\/div><div class=\"eael-post-list-content\"><h2 class=\"eael-post-list-title\"><a href=\"https:\/\/injzp.uek.krakow.pl\/kot\/en\/pracownicy\/dr-jaroslaw-swida-2\/\" >Dr Jaros\u0142aw \u015awida, Assistant Professor<\/a><\/h2><\/div><\/div><div class=\"eael-post-list-post \"><div class=\"eael-post-list-thumbnail \"><a href=\"https:\/\/injzp.uek.krakow.pl\/kot\/en\/pracownicy\/dr-eng-agnieszka-kawecka\/\">\n                            <img decoding=\"async\" src=\"https:\/\/injzp.uek.krakow.pl\/kot\/wp-content\/uploads\/sites\/8\/2023\/12\/Agnieszka-Kawecka.webp\" alt=\"\">\n                        <\/a><\/div><div class=\"eael-post-list-content\"><h2 class=\"eael-post-list-title\"><a href=\"https:\/\/injzp.uek.krakow.pl\/kot\/en\/pracownicy\/dr-eng-agnieszka-kawecka\/\" >Dr Eng. Agnieszka Kawecka, Assistant Professor<\/a><\/h2><\/div><\/div><div class=\"eael-post-list-post \"><div class=\"eael-post-list-thumbnail \"><a href=\"https:\/\/injzp.uek.krakow.pl\/kot\/en\/pracownicy\/dr-eng-bartlomiej-kabaja\/\">\n                            <img decoding=\"async\" src=\"https:\/\/injzp.uek.krakow.pl\/kot\/wp-content\/uploads\/sites\/8\/2023\/12\/Bartlomiej-Kabaja.webp\" alt=\"\">\n                        <\/a><\/div><div class=\"eael-post-list-content\"><h2 class=\"eael-post-list-title\"><a href=\"https:\/\/injzp.uek.krakow.pl\/kot\/en\/pracownicy\/dr-eng-bartlomiej-kabaja\/\" >Dr Eng. Bart\u0142omiej Kabaja, Assistant Professor<\/a><\/h2><\/div><\/div><div class=\"eael-post-list-post \"><div class=\"eael-post-list-thumbnail \"><a href=\"https:\/\/injzp.uek.krakow.pl\/kot\/en\/pracownicy\/dr-eng-natalia-kozik\/\">\n                            <img decoding=\"async\" src=\"https:\/\/injzp.uek.krakow.pl\/kot\/wp-content\/uploads\/sites\/8\/2023\/12\/Natka.webp\" alt=\"\">\n                        <\/a><\/div><div class=\"eael-post-list-content\"><h2 class=\"eael-post-list-title\"><a href=\"https:\/\/injzp.uek.krakow.pl\/kot\/en\/pracownicy\/dr-eng-natalia-kozik\/\" >Dr Eng. Natalia Kozik-Ko\u0142odziej, Assistant Professor<\/a><\/h2><\/div><\/div><div class=\"eael-post-list-post \"><div class=\"eael-post-list-thumbnail \"><a href=\"https:\/\/injzp.uek.krakow.pl\/kot\/en\/pracownicy\/magdalena-satora-meng\/\">\n                            <img decoding=\"async\" src=\"https:\/\/injzp.uek.krakow.pl\/kot\/wp-content\/uploads\/sites\/8\/2023\/12\/Bez-nazwy.webp\" alt=\"\">\n                        <\/a><\/div><div class=\"eael-post-list-content\"><h2 class=\"eael-post-list-title\"><a href=\"https:\/\/injzp.uek.krakow.pl\/kot\/en\/pracownicy\/magdalena-satora-meng\/\" >Magdalena Satora, MEng<\/a><\/h2><\/div><\/div><div class=\"eael-post-list-post \"><div class=\"eael-post-list-thumbnail \"><a href=\"https:\/\/injzp.uek.krakow.pl\/kot\/en\/pracownicy\/wojciech-domagala-meng\/\">\n                            <img decoding=\"async\" src=\"https:\/\/injzp.uek.krakow.pl\/kot\/wp-content\/uploads\/sites\/8\/2023\/12\/domagala.webp\" alt=\"\">\n                        <\/a><\/div><div class=\"eael-post-list-content\"><h2 class=\"eael-post-list-title\"><a href=\"https:\/\/injzp.uek.krakow.pl\/kot\/en\/pracownicy\/wojciech-domagala-meng\/\" >Wojciech Domaga\u0142a, MEng<\/a><\/h2><\/div><\/div><div class=\"eael-post-list-post \"><div class=\"eael-post-list-thumbnail \"><a href=\"https:\/\/injzp.uek.krakow.pl\/kot\/en\/pracownicy\/artur-budzynski-meng\/\">\n                            <img decoding=\"async\" src=\"https:\/\/injzp.uek.krakow.pl\/kot\/wp-content\/uploads\/sites\/8\/2024\/01\/artur.webp\" alt=\"\">\n                        <\/a><\/div><div class=\"eael-post-list-content\"><h2 class=\"eael-post-list-title\"><a href=\"https:\/\/injzp.uek.krakow.pl\/kot\/en\/pracownicy\/artur-budzynski-meng\/\" >Dr Eng. Artur Budzy\u0144ski, Assistant Professor<\/a><\/h2><\/div><\/div><div class=\"eael-post-list-post \"><div class=\"eael-post-list-thumbnail \"><a href=\"https:\/\/injzp.uek.krakow.pl\/kot\/en\/pracownicy\/msc-eng-jedrzej-knot\/\">\n                            <img decoding=\"async\" src=\"https:\/\/injzp.uek.krakow.pl\/kot\/wp-content\/uploads\/sites\/8\/2023\/02\/person-ok.png\" alt=\"\">\n                        <\/a><\/div><div class=\"eael-post-list-content\"><h2 class=\"eael-post-list-title\"><a href=\"https:\/\/injzp.uek.krakow.pl\/kot\/en\/pracownicy\/msc-eng-jedrzej-knot\/\" >J\u0119drzej Knot, MEng<\/a><\/h2><\/div><\/div><div class=\"eael-post-list-post \"><div class=\"eael-post-list-thumbnail \"><a href=\"https:\/\/injzp.uek.krakow.pl\/kot\/en\/pracownicy\/anet-nagraba-meng\/\">\n                            <img decoding=\"async\" src=\"https:\/\/injzp.uek.krakow.pl\/kot\/wp-content\/uploads\/sites\/8\/2023\/02\/person-ok.png\" alt=\"\">\n                        <\/a><\/div><div class=\"eael-post-list-content\"><h2 class=\"eael-post-list-title\"><a href=\"https:\/\/injzp.uek.krakow.pl\/kot\/en\/pracownicy\/anet-nagraba-meng\/\" >Aneta Nagraba, MEng<\/a><\/h2><\/div><\/div><\/div><\/div>\n\t\t<\/div>\t\t\t\t<\/div>\n\t\t\t\t<\/div>\n\t\t\t\t\t<\/div>\n\t\t<\/div>\n\t\t\t\t\t<\/div>\n\t\t<\/section>\n\t\t\t\t<\/div>\n\t\t","protected":false},"excerpt":{"rendered":"<p>Department Head of Department Employee 1 Aneta Nagraba MEng J\u0119drzej Knot MEng Dr Jaros\u0142aw \u015awida Dr. Eng. Bart\u0142omiej Kabaja Dr. Eng. Natalia Kozik Artur Budzy\u0144ski MEng<\/p>\n","protected":false},"author":1,"featured_media":0,"parent":0,"menu_order":0,"comment_status":"closed","ping_status":"closed","template":"elementor_header_footer","meta":{"footnotes":""},"class_list":["post-965","page","type-page","status-publish","hentry"],"_links":{"self":[{"href":"https:\/\/injzp.uek.krakow.pl\/kot\/wp-json\/wp\/v2\/pages\/965","targetHints":{"allow":["GET"]}}],"collection":[{"href":"https:\/\/injzp.uek.krakow.pl\/kot\/wp-json\/wp\/v2\/pages"}],"about":[{"href":"https:\/\/injzp.uek.krakow.pl\/kot\/wp-json\/wp\/v2\/types\/page"}],"author":[{"embeddable":true,"href":"https:\/\/injzp.uek.krakow.pl\/kot\/wp-json\/wp\/v2\/users\/1"}],"replies":[{"embeddable":true,"href":"https:\/\/injzp.uek.krakow.pl\/kot\/wp-json\/wp\/v2\/comments?post=965"}],"version-history":[{"count":6,"href":"https:\/\/injzp.uek.krakow.pl\/kot\/wp-json\/wp\/v2\/pages\/965\/revisions"}],"predecessor-version":[{"id":2479,"href":"https:\/\/injzp.uek.krakow.pl\/kot\/wp-json\/wp\/v2\/pages\/965\/revisions\/2479"}],"wp:attachment":[{"href":"https:\/\/injzp.uek.krakow.pl\/kot\/wp-json\/wp\/v2\/media?parent=965"}],"curies":[{"name":"wp","href":"https:\/\/api.w.org\/{rel}","templated":true}]}}