{"id":100,"date":"2023-02-19T00:28:28","date_gmt":"2023-02-18T23:28:28","guid":{"rendered":"https:\/\/ie.uek.krakow.pl\/ke\/?page_id=100"},"modified":"2023-04-21T13:49:20","modified_gmt":"2023-04-21T11:49:20","slug":"aktualnosci","status":"publish","type":"page","link":"https:\/\/injzp.uek.krakow.pl\/ktew\/aktualnosci\/","title":{"rendered":"Aktualno\u015bci"},"content":{"rendered":"\t\t<div data-elementor-type=\"wp-page\" data-elementor-id=\"100\" class=\"elementor elementor-100\" data-elementor-post-type=\"page\">\n\t\t\t\t\t\t<section data-particle_enable=\"false\" data-particle-mobile-disabled=\"false\" class=\"elementor-section elementor-top-section elementor-element elementor-element-b1422da elementor-section-boxed elementor-section-height-default elementor-section-height-default\" data-id=\"b1422da\" data-element_type=\"section\" data-settings=\"{&quot;jet_parallax_layout_list&quot;:[]}\">\n\t\t\t\t\t\t<div class=\"elementor-container elementor-column-gap-default\">\n\t\t\t\t\t<div class=\"elementor-column elementor-col-100 elementor-top-column elementor-element elementor-element-40ed5763\" data-id=\"40ed5763\" data-element_type=\"column\">\n\t\t\t<div class=\"elementor-widget-wrap elementor-element-populated\">\n\t\t\t\t\t\t<div class=\"elementor-element elementor-element-15bbf765 elementor-grid-eael-col-3 elementor-grid-tablet-eael-col-2 elementor-grid-mobile-eael-col-1 elementor-widget elementor-widget-eael-post-grid\" data-id=\"15bbf765\" data-element_type=\"widget\" data-settings=\"{&quot;eael_post_grid_columns&quot;:&quot;eael-col-3&quot;,&quot;eael_post_grid_columns_tablet&quot;:&quot;eael-col-2&quot;,&quot;eael_post_grid_columns_mobile&quot;:&quot;eael-col-1&quot;}\" data-widget_type=\"eael-post-grid.default\">\n\t\t\t\t<div class=\"elementor-widget-container\">\n\t\t\t\t\t<div id=\"eael-post-grid-15bbf765\" class=\"eael-post-grid-container\">\n            <div class=\"eael-post-grid eael-post-appender eael-post-appender-15bbf765 eael-post-grid-style-two\" data-layout-mode=\"grid\"><article class=\"eael-grid-post eael-post-grid-column\" data-id=\"2941\">\n        <div class=\"eael-grid-post-holder\">\n            <div class=\"eael-grid-post-holder-inner\"><div class=\"eael-entry-wrapper\"><header class=\"eael-entry-header\"><h2 class=\"eael-entry-title\"><a class=\"eael-grid-post-link\" href=\"https:\/\/injzp.uek.krakow.pl\/ktew\/2026\/03\/12\/dr-inz-ryszard-cwiertniak-laureatem-miniatury-9\/\" title=\"Dr in\u017c. Ryszard \u0106wiertniak laureatem MINIATURY 9\">Dr in\u017c. Ryszard \u0106wiertniak laureatem MINIATURY 9<\/a><\/h2><\/header><div class=\"eael-entry-header-after style-two\"><div class=\"eael-entry-meta\"><span class=\"eael-posted-on eael-meta-posted-on\"><i class=\"far fa-clock\"><\/i><time datetime=\"2026-03-12\">2026-03-12<\/time><\/span><\/div><\/div><div class=\"eael-entry-content\">\n                                    <div class=\"eael-grid-post-excerpt\"><p>Projekt pt. \u201eSztuczna inteligencja w inicjatywach strategicznych przedsi\u0119biorstw \u2013 mi\u0119dzy...<\/p><a\n                                        href=\"https:\/\/injzp.uek.krakow.pl\/ktew\/2026\/03\/12\/dr-inz-ryszard-cwiertniak-laureatem-miniatury-9\/\"\n                                        class=\"eael-post-elements-readmore-btn\">Czytaj wi\u0119cej  \u2013&gt;<\/a><\/div>\n                                <\/div><\/div><\/div>\n        <\/div>\n    <\/article><article class=\"eael-grid-post eael-post-grid-column\" data-id=\"2930\">\n        <div class=\"eael-grid-post-holder\">\n            <div class=\"eael-grid-post-holder-inner\"><div class=\"eael-entry-wrapper\"><header class=\"eael-entry-header\"><h2 class=\"eael-entry-title\"><a class=\"eael-grid-post-link\" href=\"https:\/\/injzp.uek.krakow.pl\/ktew\/2026\/01\/23\/prof-magdalena-wojnarowska-w-miedzynarodowym-projekcie-horizon-europe-circolink\/\" title=\"Prof. UEK Magdalena Wojnarowska w mi\u0119dzynarodowym projekcie Horizon Europe CIRCOLINK\">Prof. UEK Magdalena Wojnarowska w mi\u0119dzynarodowym projekcie Horizon Europe CIRCOLINK<\/a><\/h2><\/header><div class=\"eael-entry-header-after style-two\"><div class=\"eael-entry-meta\"><span class=\"eael-posted-on eael-meta-posted-on\"><i class=\"far fa-clock\"><\/i><time datetime=\"2026-01-23\">2026-01-23<\/time><\/span><\/div><\/div><div class=\"eael-entry-content\">\n                                    <div class=\"eael-grid-post-excerpt\"><p>Prof. UEK dr hab. in\u017c. Magdalena Wojnarowska, kierownik Katedry, jest...<\/p><a\n                                        href=\"https:\/\/injzp.uek.krakow.pl\/ktew\/2026\/01\/23\/prof-magdalena-wojnarowska-w-miedzynarodowym-projekcie-horizon-europe-circolink\/\"\n                                        class=\"eael-post-elements-readmore-btn\">Czytaj wi\u0119cej  \u2013&gt;<\/a><\/div>\n                                <\/div><\/div><\/div>\n        <\/div>\n    <\/article><article class=\"eael-grid-post eael-post-grid-column\" data-id=\"2913\">\n        <div class=\"eael-grid-post-holder\">\n            <div class=\"eael-grid-post-holder-inner\"><div class=\"eael-entry-wrapper\"><header class=\"eael-entry-header\"><h2 class=\"eael-entry-title\"><a class=\"eael-grid-post-link\" href=\"https:\/\/injzp.uek.krakow.pl\/ktew\/2025\/11\/22\/dr-inz-artur-jachimowski-laureatem-miniatury-9\/\" title=\"Dr in\u017c. Artur Jachimowski laureatem MINIATURY 9\">Dr in\u017c. Artur Jachimowski laureatem MINIATURY 9<\/a><\/h2><\/header><div class=\"eael-entry-header-after style-two\"><div class=\"eael-entry-meta\"><span class=\"eael-posted-on eael-meta-posted-on\"><i class=\"far fa-clock\"><\/i><time datetime=\"2025-11-22\">2025-11-22<\/time><\/span><\/div><\/div><div class=\"eael-entry-content\">\n                                    <div class=\"eael-grid-post-excerpt\"><p>Dr in\u017c. Artur Jachimowski znalaz\u0142 si\u0119 w gronie laureat\u00f3w si\u00f3dmej...<\/p><a\n                                        href=\"https:\/\/injzp.uek.krakow.pl\/ktew\/2025\/11\/22\/dr-inz-artur-jachimowski-laureatem-miniatury-9\/\"\n                                        class=\"eael-post-elements-readmore-btn\">Czytaj wi\u0119cej  \u2013&gt;<\/a><\/div>\n                                <\/div><\/div><\/div>\n        <\/div>\n    <\/article><article class=\"eael-grid-post eael-post-grid-column\" data-id=\"2892\">\n        <div class=\"eael-grid-post-holder\">\n            <div class=\"eael-grid-post-holder-inner\"><div class=\"eael-entry-wrapper\"><header class=\"eael-entry-header\"><h2 class=\"eael-entry-title\"><a class=\"eael-grid-post-link\" href=\"https:\/\/injzp.uek.krakow.pl\/ktew\/2025\/09\/11\/zmarl-prof-uek-dr-hab-tadeusz-fijal\/\" title=\"Zmar\u0142 Prof. UEK dr hab. Tadeusz Fija\u0142\">Zmar\u0142 Prof. UEK dr hab. Tadeusz Fija\u0142<\/a><\/h2><\/header><div class=\"eael-entry-header-after style-two\"><div class=\"eael-entry-meta\"><span class=\"eael-posted-on eael-meta-posted-on\"><i class=\"far fa-clock\"><\/i><time datetime=\"2025-09-11\">2025-09-11<\/time><\/span><\/div><\/div><div class=\"eael-entry-content\">\n                                    <div class=\"eael-grid-post-excerpt\"><p>Z g\u0142\u0119bokim smutkiem przyj\u0119li\u015bmy wiadomo\u015b\u0107, \u017ce w dniu 10.09.2025 r....<\/p><a\n                                        href=\"https:\/\/injzp.uek.krakow.pl\/ktew\/2025\/09\/11\/zmarl-prof-uek-dr-hab-tadeusz-fijal\/\"\n                                        class=\"eael-post-elements-readmore-btn\">Czytaj wi\u0119cej  \u2013&gt;<\/a><\/div>\n                                <\/div><\/div><\/div>\n        <\/div>\n    <\/article><article class=\"eael-grid-post eael-post-grid-column\" data-id=\"2663\">\n        <div class=\"eael-grid-post-holder\">\n            <div class=\"eael-grid-post-holder-inner\"><div class=\"eael-entry-wrapper\"><header class=\"eael-entry-header\"><h2 class=\"eael-entry-title\"><a class=\"eael-grid-post-link\" href=\"https:\/\/injzp.uek.krakow.pl\/ktew\/2025\/05\/12\/wyzwania-zrownowazonego-rozwoju-w-branzy-chemicznej\/\" title=\"Wyzwania zr\u00f3wnowa\u017conego rozwoju w bran\u017cy chemicznej\">Wyzwania zr\u00f3wnowa\u017conego rozwoju w bran\u017cy chemicznej<\/a><\/h2><\/header><div class=\"eael-entry-header-after style-two\"><div class=\"eael-entry-meta\"><span class=\"eael-posted-on eael-meta-posted-on\"><i class=\"far fa-clock\"><\/i><time datetime=\"2025-05-12\">2025-05-12<\/time><\/span><\/div><\/div><div class=\"eael-entry-content\">\n                                    <div class=\"eael-grid-post-excerpt\"><p>W obliczu rosn\u0105cych wymaga\u0144 \u015brodowiskowych, zmian legislacyjnych oraz presji na...<\/p><a\n                                        href=\"https:\/\/injzp.uek.krakow.pl\/ktew\/2025\/05\/12\/wyzwania-zrownowazonego-rozwoju-w-branzy-chemicznej\/\"\n                                        class=\"eael-post-elements-readmore-btn\">Czytaj wi\u0119cej  \u2013&gt;<\/a><\/div>\n                                <\/div><\/div><\/div>\n        <\/div>\n    <\/article><article class=\"eael-grid-post eael-post-grid-column\" data-id=\"2626\">\n        <div class=\"eael-grid-post-holder\">\n            <div class=\"eael-grid-post-holder-inner\"><div class=\"eael-entry-wrapper\"><header class=\"eael-entry-header\"><h2 class=\"eael-entry-title\"><a class=\"eael-grid-post-link\" href=\"https:\/\/injzp.uek.krakow.pl\/ktew\/2025\/03\/17\/szkolenie-z-esg-i-sladu-weglowego-dla-kola-naukowego-gbs-uek\/\" title=\"Szkolenie z ESG i \u015bladu w\u0119glowego dla Ko\u0142a Naukowego GBS UEK\">Szkolenie z ESG i \u015bladu w\u0119glowego dla Ko\u0142a Naukowego GBS UEK<\/a><\/h2><\/header><div class=\"eael-entry-header-after style-two\"><div class=\"eael-entry-meta\"><span class=\"eael-posted-on eael-meta-posted-on\"><i class=\"far fa-clock\"><\/i><time datetime=\"2025-03-17\">2025-03-17<\/time><\/span><\/div><\/div><div class=\"eael-entry-content\">\n                                    <div class=\"eael-grid-post-excerpt\"><p>Mgr Szymon Jarosz &#8211; pracownik\u00a0Katedry Technologii i Ekologii Wyrob\u00f3w\u00a0na Uniwersytecie...<\/p><a\n                                        href=\"https:\/\/injzp.uek.krakow.pl\/ktew\/2025\/03\/17\/szkolenie-z-esg-i-sladu-weglowego-dla-kola-naukowego-gbs-uek\/\"\n                                        class=\"eael-post-elements-readmore-btn\">Czytaj wi\u0119cej  \u2013&gt;<\/a><\/div>\n                                <\/div><\/div><\/div>\n        <\/div>\n    <\/article><article class=\"eael-grid-post eael-post-grid-column\" data-id=\"2618\">\n        <div class=\"eael-grid-post-holder\">\n            <div class=\"eael-grid-post-holder-inner\"><div class=\"eael-entry-wrapper\"><header class=\"eael-entry-header\"><h2 class=\"eael-entry-title\"><a class=\"eael-grid-post-link\" href=\"https:\/\/injzp.uek.krakow.pl\/ktew\/2025\/03\/14\/prosba-o-udzial-w-badaniu-naukowym-zrownowazona-transformacja-w-sektorze-chemicznym\/\" title=\"Pro\u015bba o udzia\u0142 w badaniu naukowym \u2013 zr\u00f3wnowa\u017cona transformacja w sektorze chemicznym\">Pro\u015bba o udzia\u0142 w badaniu naukowym \u2013 zr\u00f3wnowa\u017cona transformacja w sektorze chemicznym<\/a><\/h2><\/header><div class=\"eael-entry-header-after style-two\"><div class=\"eael-entry-meta\"><span class=\"eael-posted-on eael-meta-posted-on\"><i class=\"far fa-clock\"><\/i><time datetime=\"2025-03-14\">2025-03-14<\/time><\/span><\/div><\/div><div class=\"eael-entry-content\">\n                                    <div class=\"eael-grid-post-excerpt\"><p>W ramach bada\u0144 prowadzonych przez mgra Szymona Jarosza, pracownika Katedry...<\/p><a\n                                        href=\"https:\/\/injzp.uek.krakow.pl\/ktew\/2025\/03\/14\/prosba-o-udzial-w-badaniu-naukowym-zrownowazona-transformacja-w-sektorze-chemicznym\/\"\n                                        class=\"eael-post-elements-readmore-btn\">Czytaj wi\u0119cej  \u2013&gt;<\/a><\/div>\n                                <\/div><\/div><\/div>\n        <\/div>\n    <\/article><article class=\"eael-grid-post eael-post-grid-column\" data-id=\"2604\">\n        <div class=\"eael-grid-post-holder\">\n            <div class=\"eael-grid-post-holder-inner\"><div class=\"eael-entry-wrapper\"><header class=\"eael-entry-header\"><h2 class=\"eael-entry-title\"><a class=\"eael-grid-post-link\" href=\"https:\/\/injzp.uek.krakow.pl\/ktew\/2024\/11\/14\/powolanie-prof-uek-magdaleny-wojnarowskiej-na-dyrektora-centrum-obslugi-badan-naukowych\/\" title=\"Powo\u0142anie Prof. UEK Magdaleny Wojnarowskiej na Dyrektora Centrum Obs\u0142ugi Bada\u0144 Naukowych\">Powo\u0142anie Prof. UEK Magdaleny Wojnarowskiej na Dyrektora Centrum Obs\u0142ugi Bada\u0144 Naukowych<\/a><\/h2><\/header><div class=\"eael-entry-header-after style-two\"><div class=\"eael-entry-meta\"><span class=\"eael-posted-on eael-meta-posted-on\"><i class=\"far fa-clock\"><\/i><time datetime=\"2024-11-14\">2024-11-14<\/time><\/span><\/div><\/div><div class=\"eael-entry-content\">\n                                    <div class=\"eael-grid-post-excerpt\"><p>Mi\u0142o nam poinformowa\u0107, \u017ce nasza kole\u017canka dr hab in\u017c. Magdalena...<\/p><a\n                                        href=\"https:\/\/injzp.uek.krakow.pl\/ktew\/2024\/11\/14\/powolanie-prof-uek-magdaleny-wojnarowskiej-na-dyrektora-centrum-obslugi-badan-naukowych\/\"\n                                        class=\"eael-post-elements-readmore-btn\">Czytaj wi\u0119cej  \u2013&gt;<\/a><\/div>\n                                <\/div><\/div><\/div>\n        <\/div>\n    <\/article><article class=\"eael-grid-post eael-post-grid-column\" data-id=\"2575\">\n        <div class=\"eael-grid-post-holder\">\n            <div class=\"eael-grid-post-holder-inner\"><div class=\"eael-entry-wrapper\"><header class=\"eael-entry-header\"><h2 class=\"eael-entry-title\"><a class=\"eael-grid-post-link\" href=\"https:\/\/injzp.uek.krakow.pl\/ktew\/2024\/10\/16\/nowa-publikacja-pracownikow-ktiew\/\" title=\"Nowa publikacja pracownik\u00f3w KTiEW\">Nowa publikacja pracownik\u00f3w KTiEW<\/a><\/h2><\/header><div class=\"eael-entry-header-after style-two\"><div class=\"eael-entry-meta\"><span class=\"eael-posted-on eael-meta-posted-on\"><i class=\"far fa-clock\"><\/i><time datetime=\"2024-10-16\">2024-10-16<\/time><\/span><\/div><\/div><div class=\"eael-entry-content\">\n                                    <div class=\"eael-grid-post-excerpt\"><p>Nak\u0142adem wydawnictwa Routledge uka\u017ce si\u0119 wkr\u00f3tce wsp\u00f3\u0142autorska publikacja pracownik\u00f3w KTiEW...<\/p><a\n                                        href=\"https:\/\/injzp.uek.krakow.pl\/ktew\/2024\/10\/16\/nowa-publikacja-pracownikow-ktiew\/\"\n                                        class=\"eael-post-elements-readmore-btn\">Czytaj wi\u0119cej  \u2013&gt;<\/a><\/div>\n                                <\/div><\/div><\/div>\n        <\/div>\n    <\/article><article class=\"eael-grid-post eael-post-grid-column\" data-id=\"2472\">\n        <div class=\"eael-grid-post-holder\">\n            <div class=\"eael-grid-post-holder-inner\"><div class=\"eael-entry-wrapper\"><header class=\"eael-entry-header\"><h2 class=\"eael-entry-title\"><a class=\"eael-grid-post-link\" href=\"https:\/\/injzp.uek.krakow.pl\/ktew\/2024\/04\/25\/nowe-publikacje\/\" title=\"Nowa publikacja Prof. UEK Magdaleny Wojnarowskiej\">Nowa publikacja Prof. UEK Magdaleny Wojnarowskiej<\/a><\/h2><\/header><div class=\"eael-entry-header-after style-two\"><div class=\"eael-entry-meta\"><span class=\"eael-posted-on eael-meta-posted-on\"><i class=\"far fa-clock\"><\/i><time datetime=\"2024-04-25\">2024-04-25<\/time><\/span><\/div><\/div><div class=\"eael-entry-content\">\n                                    <div class=\"eael-grid-post-excerpt\"><p>Nak\u0142adem wydawnictwa Routledge ukaza\u0142a si\u0119 wsp\u00f3\u0142autorska publikacja dr hab. in\u017c....<\/p><a\n                                        href=\"https:\/\/injzp.uek.krakow.pl\/ktew\/2024\/04\/25\/nowe-publikacje\/\"\n                                        class=\"eael-post-elements-readmore-btn\">Czytaj wi\u0119cej  \u2013&gt;<\/a><\/div>\n                                <\/div><\/div><\/div>\n        <\/div>\n    <\/article><article class=\"eael-grid-post eael-post-grid-column\" data-id=\"471\">\n        <div class=\"eael-grid-post-holder\">\n            <div class=\"eael-grid-post-holder-inner\"><div class=\"eael-entry-wrapper\"><header class=\"eael-entry-header\"><h2 class=\"eael-entry-title\"><a class=\"eael-grid-post-link\" href=\"https:\/\/injzp.uek.krakow.pl\/ktew\/2024\/02\/26\/lab-3d\/\" title=\"Otwarcie Laboratorium Projektowania i Druku 3D\">Otwarcie Laboratorium Projektowania i Druku 3D<\/a><\/h2><\/header><div class=\"eael-entry-header-after style-two\"><div class=\"eael-entry-meta\"><span class=\"eael-posted-on eael-meta-posted-on\"><i class=\"far fa-clock\"><\/i><time datetime=\"2024-02-26\">2024-02-26<\/time><\/span><\/div><\/div><div class=\"eael-entry-content\">\n                                    <div class=\"eael-grid-post-excerpt\"><p>Przy Katedrze Technologii i Ekologii Wyrob\u00f3w w ramach projektu POWER...<\/p><a\n                                        href=\"https:\/\/injzp.uek.krakow.pl\/ktew\/2024\/02\/26\/lab-3d\/\"\n                                        class=\"eael-post-elements-readmore-btn\">Czytaj wi\u0119cej  \u2013&gt;<\/a><\/div>\n                                <\/div><\/div><\/div>\n        <\/div>\n    <\/article><\/div>\n            <div class=\"clearfix\"><\/div>\n        <\/div>\t\t\t\t<\/div>\n\t\t\t\t<\/div>\n\t\t\t\t\t<\/div>\n\t\t<\/div>\n\t\t\t\t\t<\/div>\n\t\t<\/section>\n\t\t\t\t<\/div>\n\t\t","protected":false},"excerpt":{"rendered":"<p>Przyk\u0142adowy wpis 2023-02-13 Lorem ipsum dolor sit amet, consectetur adipiscing elit, sed do&#8230; Czytaj wi\u0119cej \u2013&gt;<\/p>\n","protected":false},"author":1,"featured_media":0,"parent":0,"menu_order":0,"comment_status":"closed","ping_status":"closed","template":"elementor_header_footer","meta":{"footnotes":""},"class_list":["post-100","page","type-page","status-publish","hentry"],"_links":{"self":[{"href":"https:\/\/injzp.uek.krakow.pl\/ktew\/wp-json\/wp\/v2\/pages\/100","targetHints":{"allow":["GET"]}}],"collection":[{"href":"https:\/\/injzp.uek.krakow.pl\/ktew\/wp-json\/wp\/v2\/pages"}],"about":[{"href":"https:\/\/injzp.uek.krakow.pl\/ktew\/wp-json\/wp\/v2\/types\/page"}],"author":[{"embeddable":true,"href":"https:\/\/injzp.uek.krakow.pl\/ktew\/wp-json\/wp\/v2\/users\/1"}],"replies":[{"embeddable":true,"href":"https:\/\/injzp.uek.krakow.pl\/ktew\/wp-json\/wp\/v2\/comments?post=100"}],"version-history":[{"count":3,"href":"https:\/\/injzp.uek.krakow.pl\/ktew\/wp-json\/wp\/v2\/pages\/100\/revisions"}],"predecessor-version":[{"id":1642,"href":"https:\/\/injzp.uek.krakow.pl\/ktew\/wp-json\/wp\/v2\/pages\/100\/revisions\/1642"}],"wp:attachment":[{"href":"https:\/\/injzp.uek.krakow.pl\/ktew\/wp-json\/wp\/v2\/media?parent=100"}],"curies":[{"name":"wp","href":"https:\/\/api.w.org\/{rel}","templated":true}]}}