{"id":88,"date":"2023-02-19T00:19:19","date_gmt":"2023-02-18T23:19:19","guid":{"rendered":"https:\/\/ie.uek.krakow.pl\/ke\/?page_id=88"},"modified":"2023-12-05T12:45:16","modified_gmt":"2023-12-05T11:45:16","slug":"o-katedrze","status":"publish","type":"page","link":"https:\/\/injzp.uek.krakow.pl\/ktew\/o-katedrze\/","title":{"rendered":"O Katedrze"},"content":{"rendered":"\t\t<div data-elementor-type=\"wp-page\" data-elementor-id=\"88\" class=\"elementor elementor-88\" data-elementor-post-type=\"page\">\n\t\t\t\t\t\t<section data-particle_enable=\"false\" data-particle-mobile-disabled=\"false\" class=\"elementor-section elementor-top-section elementor-element elementor-element-4ca67fb elementor-section-boxed elementor-section-height-default elementor-section-height-default\" data-id=\"4ca67fb\" data-element_type=\"section\" data-settings=\"{&quot;jet_parallax_layout_list&quot;:[]}\">\n\t\t\t\t\t\t<div class=\"elementor-container elementor-column-gap-default\">\n\t\t\t\t\t<div class=\"elementor-column elementor-col-100 elementor-top-column elementor-element elementor-element-22e0d310\" data-id=\"22e0d310\" data-element_type=\"column\">\n\t\t\t<div class=\"elementor-widget-wrap elementor-element-populated\">\n\t\t\t\t\t\t<div class=\"elementor-element elementor-element-7c047738 elementor-widget elementor-widget-jet-headline\" data-id=\"7c047738\" data-element_type=\"widget\" data-widget_type=\"jet-headline.default\">\n\t\t\t\t<div class=\"elementor-widget-container\">\n\t\t\t\t\t<h2 class=\"jet-headline jet-headline--direction-horizontal\"><span class=\"jet-headline__part jet-headline__first\"><span class=\"jet-headline__label\">Katedra Technologii i Ekologii Wyrob\u00f3w<\/span><\/span><span class=\"jet-headline__space\">&nbsp;<\/span><\/h2>\t\t\t\t<\/div>\n\t\t\t\t<\/div>\n\t\t\t\t<div class=\"elementor-element elementor-element-27706e0c elementor-widget-divider--view-line elementor-invisible elementor-widget elementor-widget-divider\" data-id=\"27706e0c\" data-element_type=\"widget\" data-settings=\"{&quot;_animation&quot;:&quot;fadeInLeft&quot;}\" data-widget_type=\"divider.default\">\n\t\t\t\t<div class=\"elementor-widget-container\">\n\t\t\t\t\t\t\t<div class=\"elementor-divider\">\n\t\t\t<span class=\"elementor-divider-separator\">\n\t\t\t\t\t\t<\/span>\n\t\t<\/div>\n\t\t\t\t\t\t<\/div>\n\t\t\t\t<\/div>\n\t\t\t\t<div class=\"elementor-element elementor-element-64fa2182 elementor-widget elementor-widget-text-editor\" data-id=\"64fa2182\" data-element_type=\"widget\" data-widget_type=\"text-editor.default\">\n\t\t\t\t<div class=\"elementor-widget-container\">\n\t\t\t\t\t\t\t\t\t<blockquote><p><strong>Dzia\u0142alno\u015b\u0107 naukowo-badawcza:<\/strong><\/p><p>Czystsza produkcja; Ecobilans; Ekologia wyrob\u00f3w; Informacja patentowa, znaki towarowe, wzory zdobnicze; LCA (Life Cycle Analysis) &#8211; Ocena cyklu \u017cycia wyrobu; OOS &#8211; Ocena Oddzia\u0142ywania na \u015arodowisko; Projektowanie jako\u015bci wyrob\u00f3w i kszta\u0142towanie jako\u015bci wyrob\u00f3w w procesie technologicznym; Przegl\u0105dy ekologiczne; Systemy zarz\u0105dzania \u015brodowiskowego, ISO 14001; Transformacja energetyczna<\/p><\/blockquote>\t\t\t\t\t\t\t\t<\/div>\n\t\t\t\t<\/div>\n\t\t\t\t<div class=\"elementor-element elementor-element-c078210 elementor-widget elementor-widget-text-editor\" data-id=\"c078210\" data-element_type=\"widget\" data-widget_type=\"text-editor.default\">\n\t\t\t\t<div class=\"elementor-widget-container\">\n\t\t\t\t\t\t\t\t\t<p><strong>HISTORIA KATEDRY<\/strong><\/p><p>1 wrze\u015bnia 1950 &#8211; \u00a0utworzenie Katedry Technologii na Wydziale Planowania Przemys\u0142u WSE; opiekun Katedry: doc. dr Stefan Bolland &#8211; dziekan<\/p><p>1 stycznia \u00a01951 \u2013 p.o. kierownik: dr Mieczys\u0142aw Mysona<\/p><p>1 wrze\u015bnia 1951 \u2013 kierownik: mgr in\u017c. Jan Korecki &#8211;\u00a0 zast\u0119pca profesora<\/p><p>1 wrze\u015bnia 1952 \u2013 kierownik: mgr in\u017c. Tadeusz Mojmir \u2013 zast\u0119pca profesora<\/p><p>zmiany nazwy Wydzia\u0142u:<\/p><p>1958 \u2013 Wydzia\u0142 Przemys\u0142u<\/p><p>1958 \u2013 1960 &#8211; Wydzia\u0142 Og\u00f3lno &#8211; Ekonomiczny<\/p><p>1960 \u2013 przeniesienie Katedry na Wydzia\u0142 Ekonomiki Obrotu<\/p><p>kierownik: prof. dr hab. in\u017c. Eugeniusz Mazanek<\/p><p>1965 \u2013 likwidacja Katedry Technologii<\/p><p>1972 \u2013 utworzenie Zak\u0142adu Technologii Og\u00f3lnej w strukturze Instytutu Towaroznawstwa<\/p><p>kierownik: prof. dr hab. in\u017c. Tadeusz Mazanek<\/p><p>1978 \u2013 zmiana nazwy Zak\u0142adu: Samodzielny Zak\u0142ad Technologii Og\u00f3lnej<\/p><p>kierownik: doc. dr hab. in\u017c. Stefan Kusz<\/p><p>1982 \u2013 kierownik: prof. dr hab. Zdzis\u0142aw Ma\u0142ecki<\/p><p>1986 \u2013 p.o. kierownik: dr Wac\u0142aw Adamczyk<\/p><p>1987 \u2013 kierownik: prof. dr hab. Henryk Chwia\u0142kowski<\/p><p>1992 \u2013 p.o. kierownik: dr Wac\u0142aw Adamczyk<\/p><p>2 grudnia 1996 &#8211; utworzenie Katedry Technologii i Ekologii Wyrob\u00f3w na Wydziale Towaroznawstwa AE; kierownik: prof. dr hab. Wac\u0142aw Adamczyk<\/p><p>1 pa\u017adziernika 2022 \u2013 kierownik: dr hab. in\u017c. Magdalena Wojnarowska, prof. UEK<\/p>\t\t\t\t\t\t\t\t<\/div>\n\t\t\t\t<\/div>\n\t\t\t\t<div class=\"elementor-element elementor-element-7c7342c elementor-widget elementor-widget-image\" data-id=\"7c7342c\" data-element_type=\"widget\" data-widget_type=\"image.default\">\n\t\t\t\t<div class=\"elementor-widget-container\">\n\t\t\t\t\t\t\t\t\t\t\t\t\t\t\t<img decoding=\"async\" src=\"https:\/\/ie.uek.krakow.pl\/ke\/wp-content\/uploads\/sites\/3\/2023\/02\/placeholder-1.png\" title=\"\" alt=\"\" loading=\"lazy\" \/>\t\t\t\t\t\t\t\t\t\t\t\t\t\t\t<\/div>\n\t\t\t\t<\/div>\n\t\t\t\t\t<\/div>\n\t\t<\/div>\n\t\t\t\t\t<\/div>\n\t\t<\/section>\n\t\t\t\t<\/div>\n\t\t","protected":false},"excerpt":{"rendered":"<p>Katedra Technologii i Ekologii Wyrob\u00f3w&nbsp; \/*! elementor &#8211; v3.17.0 &#8211; 08-11-2023 *\/ .elementor-widget-divider{&#8211;divider-border-style:none;&#8211;divider-border-width:1px;&#8211;divider-color:#0c0d0e;&#8211;divider-icon-size:20px;&#8211;divider-element-spacing:10px;&#8211;divider-pattern-height:24px;&#8211;divider-pattern-size:20px;&#8211;divider-pattern-url:none;&#8211;divider-pattern-repeat:repeat-x}.elementor-widget-divider .elementor-divider{display:flex}.elementor-widget-divider .elementor-divider__text{font-size:15px;line-height:1;max-width:95%}.elementor-widget-divider .elementor-divider__element{margin:0 var(&#8211;divider-element-spacing);flex-shrink:0}.elementor-widget-divider .elementor-icon{font-size:var(&#8211;divider-icon-size)}.elementor-widget-divider .elementor-divider-separator{display:flex;margin:0;direction:ltr}.elementor-widget-divider&#8211;view-line_icon .elementor-divider-separator,.elementor-widget-divider&#8211;view-line_text .elementor-divider-separator{align-items:center}.elementor-widget-divider&#8211;view-line_icon .elementor-divider-separator:after,.elementor-widget-divider&#8211;view-line_icon .elementor-divider-separator:before,.elementor-widget-divider&#8211;view-line_text .elementor-divider-separator:after,.elementor-widget-divider&#8211;view-line_text .elementor-divider-separator:before{display:block;content:&#8221;&#8221;;border-bottom:0;flex-grow:1;border-top:var(&#8211;divider-border-width) var(&#8211;divider-border-style) var(&#8211;divider-color)}.elementor-widget-divider&#8211;element-align-left .elementor-divider .elementor-divider-separator&gt;.elementor-divider__svg:first-of-type{flex-grow:0;flex-shrink:100}.elementor-widget-divider&#8211;element-align-left .elementor-divider-separator:before{content:none}.elementor-widget-divider&#8211;element-align-left .elementor-divider__element{margin-left:0}.elementor-widget-divider&#8211;element-align-right .elementor-divider .elementor-divider-separator&gt;.elementor-divider__svg:last-of-type{flex-grow:0;flex-shrink:100}.elementor-widget-divider&#8211;element-align-right .elementor-divider-separator:after{content:none}.elementor-widget-divider&#8211;element-align-right .elementor-divider__element{margin-right:0}.elementor-widget-divider:not(.elementor-widget-divider&#8211;view-line_text):not(.elementor-widget-divider&#8211;view-line_icon) .elementor-divider-separator{border-top:var(&#8211;divider-border-width) var(&#8211;divider-border-style) var(&#8211;divider-color)}.elementor-widget-divider&#8211;separator-type-pattern{&#8211;divider-border-style:none}.elementor-widget-divider&#8211;separator-type-pattern.elementor-widget-divider&#8211;view-line .elementor-divider-separator,.elementor-widget-divider&#8211;separator-type-pattern:not(.elementor-widget-divider&#8211;view-line) .elementor-divider-separator:after,.elementor-widget-divider&#8211;separator-type-pattern:not(.elementor-widget-divider&#8211;view-line) .elementor-divider-separator:before,.elementor-widget-divider&#8211;separator-type-pattern:not([class*=elementor-widget-divider&#8211;view]) .elementor-divider-separator{width:100%;min-height:var(&#8211;divider-pattern-height);-webkit-mask-size:var(&#8211;divider-pattern-size) 100%;mask-size:var(&#8211;divider-pattern-size) 100%;-webkit-mask-repeat:var(&#8211;divider-pattern-repeat);mask-repeat:var(&#8211;divider-pattern-repeat);background-color:var(&#8211;divider-color);-webkit-mask-image:var(&#8211;divider-pattern-url);mask-image:var(&#8211;divider-pattern-url)}.elementor-widget-divider&#8211;no-spacing{&#8211;divider-pattern-size:auto}.elementor-widget-divider&#8211;bg-round{&#8211;divider-pattern-repeat:round}.rtl .elementor-widget-divider .elementor-divider__text{direction:rtl}.e-con-inner&gt;.elementor-widget-divider,.e-con&gt;.elementor-widget-divider{width:var(&#8211;container-widget-width,100%);&#8211;flex-grow:var(&#8211;container-widget-flex-grow)} Dzia\u0142alno\u015b\u0107 naukowo-badawcza: Czystsza produkcja; Ecobilans; Ekologia wyrob\u00f3w; Informacja patentowa, znaki towarowe, wzory zdobnicze; LCA (Life Cycle Analysis) &#8211; Ocena cyklu \u017cycia wyrobu; OOS &#8211; Ocena Oddzia\u0142ywania na \u015arodowisko; Projektowanie jako\u015bci wyrob\u00f3w i kszta\u0142towanie jako\u015bci wyrob\u00f3w w procesie technologicznym; Przegl\u0105dy ekologiczne; Systemy zarz\u0105dzania \u015brodowiskowego, ISO 14001; Transformacja energetyczna HISTORIA KATEDRY 1 wrze\u015bnia 1950 &#8211; \u00a0utworzenie Katedry Technologii na Wydziale Planowania Przemys\u0142u WSE; opiekun Katedry: doc. dr Stefan Bolland &#8211; dziekan 1 stycznia \u00a01951 \u2013 p.o. kierownik: dr Mieczys\u0142aw Mysona 1 wrze\u015bnia 1951 \u2013 kierownik: mgr in\u017c. Jan Korecki &#8211;\u00a0 zast\u0119pca profesora 1 wrze\u015bnia 1952 \u2013 kierownik: mgr in\u017c. Tadeusz Mojmir \u2013 zast\u0119pca profesora zmiany nazwy Wydzia\u0142u: 1958 \u2013 Wydzia\u0142 Przemys\u0142u 1958 \u2013 1960 &#8211; Wydzia\u0142 Og\u00f3lno &#8211; Ekonomiczny 1960 \u2013 przeniesienie Katedry na Wydzia\u0142 Ekonomiki Obrotu kierownik: prof. dr hab. in\u017c. Eugeniusz Mazanek 1965 \u2013 likwidacja Katedry Technologii 1972 \u2013 utworzenie Zak\u0142adu Technologii Og\u00f3lnej w strukturze Instytutu Towaroznawstwa kierownik: prof. dr hab. in\u017c. Tadeusz Mazanek 1978 \u2013 zmiana nazwy Zak\u0142adu: Samodzielny Zak\u0142ad Technologii Og\u00f3lnej kierownik: doc. dr hab. in\u017c. Stefan Kusz 1982 \u2013 kierownik: prof. dr hab. Zdzis\u0142aw Ma\u0142ecki 1986 \u2013 p.o. kierownik: dr Wac\u0142aw Adamczyk 1987 \u2013 kierownik: prof. dr hab. Henryk Chwia\u0142kowski 1992 \u2013 p.o. kierownik: dr Wac\u0142aw Adamczyk 2 grudnia 1996 &#8211; utworzenie Katedry Technologii i Ekologii Wyrob\u00f3w na Wydziale Towaroznawstwa AE; kierownik: prof. dr hab. Wac\u0142aw Adamczyk 1 pa\u017adziernika 2022 \u2013 kierownik: dr hab. in\u017c. Magdalena Wojnarowska, prof. UEK \/*! elementor &#8211; v3.17.0 &#8211; 08-11-2023 *\/ .elementor-widget-image{text-align:center}.elementor-widget-image a{display:inline-block}.elementor-widget-image a img[src$=&#8221;.svg&#8221;]{width:48px}.elementor-widget-image img{vertical-align:middle;display:inline-block}<\/p>\n","protected":false},"author":1,"featured_media":0,"parent":0,"menu_order":0,"comment_status":"closed","ping_status":"closed","template":"elementor_header_footer","meta":{"footnotes":""},"class_list":["post-88","page","type-page","status-publish","hentry"],"_links":{"self":[{"href":"https:\/\/injzp.uek.krakow.pl\/ktew\/wp-json\/wp\/v2\/pages\/88","targetHints":{"allow":["GET"]}}],"collection":[{"href":"https:\/\/injzp.uek.krakow.pl\/ktew\/wp-json\/wp\/v2\/pages"}],"about":[{"href":"https:\/\/injzp.uek.krakow.pl\/ktew\/wp-json\/wp\/v2\/types\/page"}],"author":[{"embeddable":true,"href":"https:\/\/injzp.uek.krakow.pl\/ktew\/wp-json\/wp\/v2\/users\/1"}],"replies":[{"embeddable":true,"href":"https:\/\/injzp.uek.krakow.pl\/ktew\/wp-json\/wp\/v2\/comments?post=88"}],"version-history":[{"count":21,"href":"https:\/\/injzp.uek.krakow.pl\/ktew\/wp-json\/wp\/v2\/pages\/88\/revisions"}],"predecessor-version":[{"id":1759,"href":"https:\/\/injzp.uek.krakow.pl\/ktew\/wp-json\/wp\/v2\/pages\/88\/revisions\/1759"}],"wp:attachment":[{"href":"https:\/\/injzp.uek.krakow.pl\/ktew\/wp-json\/wp\/v2\/media?parent=88"}],"curies":[{"name":"wp","href":"https:\/\/api.w.org\/{rel}","templated":true}]}}