{"id":965,"date":"2023-02-25T23:59:30","date_gmt":"2023-02-25T22:59:30","guid":{"rendered":"https:\/\/ie.uek.krakow.pl\/szablon\/?page_id=965"},"modified":"2025-05-22T12:34:14","modified_gmt":"2025-05-22T10:34:14","slug":"employees","status":"publish","type":"page","link":"https:\/\/injzp.uek.krakow.pl\/ktew\/en\/employees\/","title":{"rendered":"Employees"},"content":{"rendered":"\t\t<div data-elementor-type=\"wp-page\" data-elementor-id=\"965\" class=\"elementor elementor-965\" data-elementor-post-type=\"page\">\n\t\t\t\t\t\t<section data-particle_enable=\"false\" data-particle-mobile-disabled=\"false\" class=\"elementor-section elementor-top-section elementor-element elementor-element-be20bad elementor-section-boxed elementor-section-height-default elementor-section-height-default\" data-id=\"be20bad\" data-element_type=\"section\" data-settings=\"{&quot;jet_parallax_layout_list&quot;:[]}\">\n\t\t\t\t\t\t<div class=\"elementor-container elementor-column-gap-default\">\n\t\t\t\t\t<div class=\"elementor-column elementor-col-100 elementor-top-column elementor-element elementor-element-c099fef\" data-id=\"c099fef\" data-element_type=\"column\">\n\t\t\t<div class=\"elementor-widget-wrap elementor-element-populated\">\n\t\t\t\t\t\t<div class=\"elementor-element elementor-element-923f8d4 elementor-widget elementor-widget-heading\" data-id=\"923f8d4\" data-element_type=\"widget\" id=\"kpii\" data-widget_type=\"heading.default\">\n\t\t\t\t<div class=\"elementor-widget-container\">\n\t\t\t\t\t<h2 class=\"elementor-heading-title elementor-size-default\">Department of Technology and Ecology of  Products<\/h2>\t\t\t\t<\/div>\n\t\t\t\t<\/div>\n\t\t\t\t<section data-particle_enable=\"false\" data-particle-mobile-disabled=\"false\" class=\"elementor-section elementor-inner-section elementor-element elementor-element-4f9f836 elementor-section-boxed elementor-section-height-default elementor-section-height-default\" data-id=\"4f9f836\" data-element_type=\"section\" data-settings=\"{&quot;jet_parallax_layout_list&quot;:[],&quot;background_background&quot;:&quot;classic&quot;,&quot;shape_divider_bottom&quot;:&quot;arrow&quot;,&quot;shape_divider_bottom_negative&quot;:&quot;yes&quot;}\">\n\t\t\t\t\t<div class=\"elementor-shape elementor-shape-bottom\" data-negative=\"true\">\n\t\t\t<svg xmlns=\"http:\/\/www.w3.org\/2000\/svg\" viewBox=\"0 0 700 10\" preserveAspectRatio=\"none\">\n\t<path class=\"elementor-shape-fill\" d=\"M360 0L350 9.9 340 0 0 0 0 10 700 10 700 0\"\/>\n<\/svg>\t\t<\/div>\n\t\t\t\t\t<div class=\"elementor-container elementor-column-gap-default\">\n\t\t\t\t\t<div class=\"elementor-column elementor-col-50 elementor-inner-column elementor-element elementor-element-7a9c1ea\" data-id=\"7a9c1ea\" data-element_type=\"column\">\n\t\t\t<div class=\"elementor-widget-wrap elementor-element-populated\">\n\t\t\t\t\t\t<div class=\"elementor-element elementor-element-6239586 elementor-widget elementor-widget-heading\" data-id=\"6239586\" data-element_type=\"widget\" data-widget_type=\"heading.default\">\n\t\t\t\t<div class=\"elementor-widget-container\">\n\t\t\t\t\t<h4 class=\"elementor-heading-title elementor-size-default\">Head of Department<\/h4>\t\t\t\t<\/div>\n\t\t\t\t<\/div>\n\t\t\t\t\t<\/div>\n\t\t<\/div>\n\t\t\t\t<div class=\"elementor-column elementor-col-50 elementor-inner-column elementor-element elementor-element-d1d5d6a\" data-id=\"d1d5d6a\" data-element_type=\"column\">\n\t\t\t<div class=\"elementor-widget-wrap elementor-element-populated\">\n\t\t\t\t\t\t<div class=\"elementor-element elementor-element-a114a1c elementor-widget elementor-widget-eael-post-list\" data-id=\"a114a1c\" data-element_type=\"widget\" data-widget_type=\"eael-post-list.default\">\n\t\t\t\t<div class=\"elementor-widget-container\">\n\t\t\t\t\t<div class=\"eael-post-list-container default layout-default\"><div class=\"eael-post-list-wrap\"><div class=\"eael-post-list-posts-wrap eael-post-appender eael-post-appender-a114a1c\"><div class=\"eael-post-list-post \"><div class=\"eael-post-list-thumbnail \"><a href=\"https:\/\/injzp.uek.krakow.pl\/ktew\/en\/pracownicy\/dr-habil-eng-magdalena-wojnarowska-associate-professor\/\">\n                            <img decoding=\"async\" src=\"https:\/\/injzp.uek.krakow.pl\/ktew\/wp-content\/uploads\/sites\/9\/2023\/02\/Magdalena-Wojnarowska-2-684x1024.jpg\" alt=\"\">\n                        <\/a><\/div><div class=\"eael-post-list-content\"><h2 class=\"eael-post-list-title\"><a href=\"https:\/\/injzp.uek.krakow.pl\/ktew\/en\/pracownicy\/dr-habil-eng-magdalena-wojnarowska-associate-professor\/\" >Dr Habil. Eng. Magdalena Wojnarowska, Associate Professor<\/a><\/h2><\/div><\/div><\/div><\/div>\n\t\t<\/div>\t\t\t\t<\/div>\n\t\t\t\t<\/div>\n\t\t\t\t\t<\/div>\n\t\t<\/div>\n\t\t\t\t\t<\/div>\n\t\t<\/section>\n\t\t\t\t<div class=\"elementor-element elementor-element-3b905d0 elementor-widget elementor-widget-eael-post-list\" data-id=\"3b905d0\" data-element_type=\"widget\" data-widget_type=\"eael-post-list.default\">\n\t\t\t\t<div class=\"elementor-widget-container\">\n\t\t\t\t\t<div class=\"eael-post-list-container default layout-default\"><div class=\"eael-post-list-wrap\"><div class=\"eael-post-list-posts-wrap eael-post-appender eael-post-appender-3b905d0\"><div class=\"eael-post-list-post \"><div class=\"eael-post-list-thumbnail \"><a href=\"https:\/\/injzp.uek.krakow.pl\/ktew\/en\/pracownicy\/prof-dr-habil-waclaw-adamczyk-full-professor\/\">\n                            <img decoding=\"async\" src=\"https:\/\/injzp.uek.krakow.pl\/ktew\/wp-content\/uploads\/sites\/9\/2023\/12\/Waclaw-Adamczyk-scaled.jpg\" alt=\"\">\n                        <\/a><\/div><div class=\"eael-post-list-content\"><h2 class=\"eael-post-list-title\"><a href=\"https:\/\/injzp.uek.krakow.pl\/ktew\/en\/pracownicy\/prof-dr-habil-waclaw-adamczyk-full-professor\/\" >Prof. Dr Habil. Wac\u0142aw Adamczyk, Full Professor<\/a><\/h2><\/div><\/div><div class=\"eael-post-list-post \"><div class=\"eael-post-list-thumbnail \"><a href=\"https:\/\/injzp.uek.krakow.pl\/ktew\/en\/pracownicy\/dr-eng-ryszard-cwiertniak-assistant\/\">\n                            <img decoding=\"async\" src=\"https:\/\/injzp.uek.krakow.pl\/ktew\/wp-content\/uploads\/sites\/9\/2024\/10\/Ryszard-Cwiertniak-scaled-e1742205826845.jpg\" alt=\"\">\n                        <\/a><\/div><div class=\"eael-post-list-content\"><h2 class=\"eael-post-list-title\"><a href=\"https:\/\/injzp.uek.krakow.pl\/ktew\/en\/pracownicy\/dr-eng-ryszard-cwiertniak-assistant\/\" >Dr Eng. Ryszard \u0106wiertniak, Assistant<\/a><\/h2><\/div><\/div><div class=\"eael-post-list-post \"><div class=\"eael-post-list-thumbnail \"><a href=\"https:\/\/injzp.uek.krakow.pl\/ktew\/en\/pracownicy\/dr-eng-lukasz-gola-assistant-professor\/\">\n                            <img decoding=\"async\" src=\"https:\/\/injzp.uek.krakow.pl\/ktew\/wp-content\/uploads\/sites\/9\/2023\/12\/Lukasz-Gola-scaled.jpg\" alt=\"\">\n                        <\/a><\/div><div class=\"eael-post-list-content\"><h2 class=\"eael-post-list-title\"><a href=\"https:\/\/injzp.uek.krakow.pl\/ktew\/en\/pracownicy\/dr-eng-lukasz-gola-assistant-professor\/\" >Dr Eng. \u0141ukasz Gola, Assistant Professor<\/a><\/h2><\/div><\/div><div class=\"eael-post-list-post \"><div class=\"eael-post-list-thumbnail \"><a href=\"https:\/\/injzp.uek.krakow.pl\/ktew\/en\/pracownicy\/dr-eng-artur-jachimowski-assistant-professor\/\">\n                            <img decoding=\"async\" src=\"https:\/\/injzp.uek.krakow.pl\/ktew\/wp-content\/uploads\/sites\/9\/2023\/12\/Artur-Jachimowski-scaled.jpg\" alt=\"\">\n                        <\/a><\/div><div class=\"eael-post-list-content\"><h2 class=\"eael-post-list-title\"><a href=\"https:\/\/injzp.uek.krakow.pl\/ktew\/en\/pracownicy\/dr-eng-artur-jachimowski-assistant-professor\/\" >Dr Eng. Artur Jachimowski, Assistant Professor<\/a><\/h2><\/div><\/div><div class=\"eael-post-list-post \"><div class=\"eael-post-list-thumbnail \"><a href=\"https:\/\/injzp.uek.krakow.pl\/ktew\/en\/pracownicy\/dr-eng-karolina-mazur-assistant\/\">\n                            <img decoding=\"async\" src=\"https:\/\/injzp.uek.krakow.pl\/ktew\/wp-content\/uploads\/sites\/9\/2023\/12\/Karolina-Mazur-scaled.jpg\" alt=\"\">\n                        <\/a><\/div><div class=\"eael-post-list-content\"><h2 class=\"eael-post-list-title\"><a href=\"https:\/\/injzp.uek.krakow.pl\/ktew\/en\/pracownicy\/dr-eng-karolina-mazur-assistant\/\" >Dr Eng. Karolina Mazur, Assistant<\/a><\/h2><\/div><\/div><div class=\"eael-post-list-post \"><div class=\"eael-post-list-thumbnail \"><a href=\"https:\/\/injzp.uek.krakow.pl\/ktew\/en\/pracownicy\/dr-eng-marcin-paprocki-assistant-professor\/\">\n                            <img decoding=\"async\" src=\"https:\/\/injzp.uek.krakow.pl\/ktew\/wp-content\/uploads\/sites\/9\/2023\/12\/Marcin-Paprocki1-scaled.jpg\" alt=\"\">\n                        <\/a><\/div><div class=\"eael-post-list-content\"><h2 class=\"eael-post-list-title\"><a href=\"https:\/\/injzp.uek.krakow.pl\/ktew\/en\/pracownicy\/dr-eng-marcin-paprocki-assistant-professor\/\" >Dr Eng. Marcin Paprocki, Assistant Professor<\/a><\/h2><\/div><\/div><div class=\"eael-post-list-post \"><div class=\"eael-post-list-thumbnail \"><a href=\"https:\/\/injzp.uek.krakow.pl\/ktew\/en\/pracownicy\/dr-marcin-rychwalski-assistant-professor\/\">\n                            <img decoding=\"async\" src=\"https:\/\/injzp.uek.krakow.pl\/ktew\/wp-content\/uploads\/sites\/9\/2023\/12\/DSC_2980-2-scaled-e1718281666667.jpg\" alt=\"\">\n                        <\/a><\/div><div class=\"eael-post-list-content\"><h2 class=\"eael-post-list-title\"><a href=\"https:\/\/injzp.uek.krakow.pl\/ktew\/en\/pracownicy\/dr-marcin-rychwalski-assistant-professor\/\" >Dr Marcin Rychwalski, Assistant Professor<\/a><\/h2><\/div><\/div><div class=\"eael-post-list-post \"><div class=\"eael-post-list-thumbnail \"><a href=\"https:\/\/injzp.uek.krakow.pl\/ktew\/en\/pracownicy\/dr-tomasz-witko-assistant-professor\/\">\n                            <img decoding=\"async\" src=\"https:\/\/injzp.uek.krakow.pl\/ktew\/wp-content\/uploads\/sites\/9\/2023\/12\/Tomasz-Witko-1-scaled.jpg\" alt=\"\">\n                        <\/a><\/div><div class=\"eael-post-list-content\"><h2 class=\"eael-post-list-title\"><a href=\"https:\/\/injzp.uek.krakow.pl\/ktew\/en\/pracownicy\/dr-tomasz-witko-assistant-professor\/\" >Dr Tomasz Witko, Assistant Professor<\/a><\/h2><\/div><\/div><div class=\"eael-post-list-post \"><div class=\"eael-post-list-thumbnail \"><a href=\"https:\/\/injzp.uek.krakow.pl\/ktew\/en\/pracownicy\/dr-eng-mateusz-wygoda-assistant-professor\/\">\n                            <img decoding=\"async\" src=\"https:\/\/injzp.uek.krakow.pl\/ktew\/wp-content\/uploads\/sites\/9\/2023\/12\/Mateusz-Wygoda-scaled.jpg\" alt=\"\">\n                        <\/a><\/div><div class=\"eael-post-list-content\"><h2 class=\"eael-post-list-title\"><a href=\"https:\/\/injzp.uek.krakow.pl\/ktew\/en\/pracownicy\/dr-eng-mateusz-wygoda-assistant-professor\/\" >Dr Eng. Mateusz Wygoda, Assistant Professor<\/a><\/h2><\/div><\/div><div class=\"eael-post-list-post \"><div class=\"eael-post-list-thumbnail \"><a href=\"https:\/\/injzp.uek.krakow.pl\/ktew\/en\/pracownicy\/szymon-jarosz-ma\/\">\n                            <img decoding=\"async\" src=\"https:\/\/injzp.uek.krakow.pl\/ktew\/wp-content\/uploads\/sites\/9\/2023\/12\/Szymon-Jarosz-scaled.jpg\" alt=\"\">\n                        <\/a><\/div><div class=\"eael-post-list-content\"><h2 class=\"eael-post-list-title\"><a href=\"https:\/\/injzp.uek.krakow.pl\/ktew\/en\/pracownicy\/szymon-jarosz-ma\/\" >Szymon Jarosz, MA<\/a><\/h2><\/div><\/div><\/div><\/div>\n\t\t<\/div>\t\t\t\t<\/div>\n\t\t\t\t<\/div>\n\t\t\t\t\t<\/div>\n\t\t<\/div>\n\t\t\t\t\t<\/div>\n\t\t<\/section>\n\t\t\t\t<\/div>\n\t\t","protected":false},"excerpt":{"rendered":"<p>Department of Technology and Ecology of Products Head of Department Dr Habil. Eng. Magdalena Wojnarowska, Associate Professor Prof. Dr Habil. Wac\u0142aw Adamczyk, Full Professor Dr Eng. Ryszard \u0106wiertniak, Assistant Dr Eng. \u0141ukasz Gola, Assistant Professor Dr Eng. Artur Jachimowski, Assistant Professor Dr Eng. Karolina Mazur, Assistant Dr Eng. Marcin Paprocki, Assistant Professor Dr Marcin Rychwalski, Assistant Professor Dr Tomasz Witko, Assistant Professor Dr Eng. Mateusz Wygoda, Assistant Professor Szymon Jarosz, MA<\/p>\n","protected":false},"author":1,"featured_media":0,"parent":0,"menu_order":0,"comment_status":"closed","ping_status":"closed","template":"elementor_header_footer","meta":{"footnotes":""},"class_list":["post-965","page","type-page","status-publish","hentry"],"_links":{"self":[{"href":"https:\/\/injzp.uek.krakow.pl\/ktew\/wp-json\/wp\/v2\/pages\/965","targetHints":{"allow":["GET"]}}],"collection":[{"href":"https:\/\/injzp.uek.krakow.pl\/ktew\/wp-json\/wp\/v2\/pages"}],"about":[{"href":"https:\/\/injzp.uek.krakow.pl\/ktew\/wp-json\/wp\/v2\/types\/page"}],"author":[{"embeddable":true,"href":"https:\/\/injzp.uek.krakow.pl\/ktew\/wp-json\/wp\/v2\/users\/1"}],"replies":[{"embeddable":true,"href":"https:\/\/injzp.uek.krakow.pl\/ktew\/wp-json\/wp\/v2\/comments?post=965"}],"version-history":[{"count":6,"href":"https:\/\/injzp.uek.krakow.pl\/ktew\/wp-json\/wp\/v2\/pages\/965\/revisions"}],"predecessor-version":[{"id":2846,"href":"https:\/\/injzp.uek.krakow.pl\/ktew\/wp-json\/wp\/v2\/pages\/965\/revisions\/2846"}],"wp:attachment":[{"href":"https:\/\/injzp.uek.krakow.pl\/ktew\/wp-json\/wp\/v2\/media?parent=965"}],"curies":[{"name":"wp","href":"https:\/\/api.w.org\/{rel}","templated":true}]}}