{"id":100,"date":"2023-02-19T00:28:28","date_gmt":"2023-02-18T23:28:28","guid":{"rendered":"https:\/\/ie.uek.krakow.pl\/ke\/?page_id=100"},"modified":"2023-04-21T13:52:22","modified_gmt":"2023-04-21T11:52:22","slug":"aktualnosci","status":"publish","type":"page","link":"https:\/\/injzp.uek.krakow.pl\/kzj\/aktualnosci\/","title":{"rendered":"Aktualno\u015bci"},"content":{"rendered":"\t\t<div data-elementor-type=\"wp-page\" data-elementor-id=\"100\" class=\"elementor elementor-100\" data-elementor-post-type=\"page\">\n\t\t\t\t\t\t<section data-particle_enable=\"false\" data-particle-mobile-disabled=\"false\" class=\"elementor-section elementor-top-section elementor-element elementor-element-b1422da elementor-section-boxed elementor-section-height-default elementor-section-height-default\" data-id=\"b1422da\" data-element_type=\"section\" data-settings=\"{&quot;jet_parallax_layout_list&quot;:[]}\">\n\t\t\t\t\t\t<div class=\"elementor-container elementor-column-gap-default\">\n\t\t\t\t\t<div class=\"elementor-column elementor-col-100 elementor-top-column elementor-element elementor-element-40ed5763\" data-id=\"40ed5763\" data-element_type=\"column\">\n\t\t\t<div class=\"elementor-widget-wrap elementor-element-populated\">\n\t\t\t\t\t\t<div class=\"elementor-element elementor-element-15bbf765 elementor-grid-eael-col-3 elementor-grid-tablet-eael-col-2 elementor-grid-mobile-eael-col-1 elementor-widget elementor-widget-eael-post-grid\" data-id=\"15bbf765\" data-element_type=\"widget\" data-settings=\"{&quot;eael_post_grid_columns&quot;:&quot;eael-col-3&quot;,&quot;eael_post_grid_columns_tablet&quot;:&quot;eael-col-2&quot;,&quot;eael_post_grid_columns_mobile&quot;:&quot;eael-col-1&quot;}\" data-widget_type=\"eael-post-grid.default\">\n\t\t\t\t<div class=\"elementor-widget-container\">\n\t\t\t\t\t<div id=\"eael-post-grid-15bbf765\" class=\"eael-post-grid-container\">\n            <div class=\"eael-post-grid eael-post-appender eael-post-appender-15bbf765 eael-post-grid-style-two\" data-layout-mode=\"grid\"><article class=\"eael-grid-post eael-post-grid-column\" data-id=\"2354\">\n        <div class=\"eael-grid-post-holder\">\n            <div class=\"eael-grid-post-holder-inner\"><div class=\"eael-entry-wrapper\"><header class=\"eael-entry-header\"><h2 class=\"eael-entry-title\"><a class=\"eael-grid-post-link\" href=\"https:\/\/injzp.uek.krakow.pl\/kzj\/2025\/07\/30\/zaproszenie-na-konferencje-qffq\/\" title=\"Zaproszenie na konferencj\u0119 QFFQ\">Zaproszenie na konferencj\u0119 QFFQ<\/a><\/h2><\/header><div class=\"eael-entry-header-after style-two\"><div class=\"eael-entry-meta\"><span class=\"eael-posted-on eael-meta-posted-on\"><i class=\"far fa-clock\"><\/i><time datetime=\"2025-07-30\">2025-07-30<\/time><\/span><\/div><\/div><div class=\"eael-entry-content\">\n                                    <div class=\"eael-grid-post-excerpt\"><p>Szanowni Pa\u0144stwo, z przyjemno\u015bci\u0105 zapraszamy do udzia\u0142u w XIII Krajowej...<\/p><a\n                                        href=\"https:\/\/injzp.uek.krakow.pl\/kzj\/2025\/07\/30\/zaproszenie-na-konferencje-qffq\/\"\n                                        class=\"eael-post-elements-readmore-btn\">Czytaj wi\u0119cej  \u2013&gt;<\/a><\/div>\n                                <\/div><\/div><\/div>\n        <\/div>\n    <\/article><article class=\"eael-grid-post eael-post-grid-column\" data-id=\"2101\">\n        <div class=\"eael-grid-post-holder\">\n            <div class=\"eael-grid-post-holder-inner\"><div class=\"eael-entry-wrapper\"><header class=\"eael-entry-header\"><h2 class=\"eael-entry-title\"><a class=\"eael-grid-post-link\" href=\"https:\/\/injzp.uek.krakow.pl\/kzj\/2025\/03\/17\/zaproszenie-na-iii-ogolnopolski-kongres-jakosciowy\/\" title=\"Zaproszenie na III Og\u00f3lnopolski Kongres Jako\u015bciowy\">Zaproszenie na III Og\u00f3lnopolski Kongres Jako\u015bciowy<\/a><\/h2><\/header><div class=\"eael-entry-header-after style-two\"><div class=\"eael-entry-meta\"><span class=\"eael-posted-on eael-meta-posted-on\"><i class=\"far fa-clock\"><\/i><time datetime=\"2025-03-17\">2025-03-17<\/time><\/span><\/div><\/div><div class=\"eael-entry-content\">\n                                    <div class=\"eael-grid-post-excerpt\"><p>Katedra Zarz\u0105dzania Jako\u015bci\u0105 patronem III Og\u00f3lnopolskiego Kongresu Jako\u015bciowego Z przyjemno\u015bci\u0105...<\/p><a\n                                        href=\"https:\/\/injzp.uek.krakow.pl\/kzj\/2025\/03\/17\/zaproszenie-na-iii-ogolnopolski-kongres-jakosciowy\/\"\n                                        class=\"eael-post-elements-readmore-btn\">Czytaj wi\u0119cej  \u2013&gt;<\/a><\/div>\n                                <\/div><\/div><\/div>\n        <\/div>\n    <\/article><article class=\"eael-grid-post eael-post-grid-column\" data-id=\"2049\">\n        <div class=\"eael-grid-post-holder\">\n            <div class=\"eael-grid-post-holder-inner\"><div class=\"eael-entry-wrapper\"><header class=\"eael-entry-header\"><h2 class=\"eael-entry-title\"><a class=\"eael-grid-post-link\" href=\"https:\/\/injzp.uek.krakow.pl\/kzj\/2024\/11\/13\/xiii-dzien-jakosci-uniwersytetu-ekonomicznego-w-krakowie\/\" title=\"XIII Dzie\u0144 Jako\u015bci Uniwersytetu Ekonomicznego w Krakowie\">XIII Dzie\u0144 Jako\u015bci Uniwersytetu Ekonomicznego w Krakowie<\/a><\/h2><\/header><div class=\"eael-entry-header-after style-two\"><div class=\"eael-entry-meta\"><span class=\"eael-posted-on eael-meta-posted-on\"><i class=\"far fa-clock\"><\/i><time datetime=\"2024-11-13\">2024-11-13<\/time><\/span><\/div><\/div><div class=\"eael-entry-content\">\n                                    <div class=\"eael-grid-post-excerpt\"><p>Ko\u0142o Naukowe Zarz\u0105dzania Jako\u015bci\u0105 UEK serdecznie zaprasza do udzia\u0142u w...<\/p><a\n                                        href=\"https:\/\/injzp.uek.krakow.pl\/kzj\/2024\/11\/13\/xiii-dzien-jakosci-uniwersytetu-ekonomicznego-w-krakowie\/\"\n                                        class=\"eael-post-elements-readmore-btn\">Czytaj wi\u0119cej  \u2013&gt;<\/a><\/div>\n                                <\/div><\/div><\/div>\n        <\/div>\n    <\/article><article class=\"eael-grid-post eael-post-grid-column\" data-id=\"1789\">\n        <div class=\"eael-grid-post-holder\">\n            <div class=\"eael-grid-post-holder-inner\"><div class=\"eael-entry-wrapper\"><header class=\"eael-entry-header\"><h2 class=\"eael-entry-title\"><a class=\"eael-grid-post-link\" href=\"https:\/\/injzp.uek.krakow.pl\/kzj\/2023\/06\/12\/katedra-zarzadzania-jakoscia-na-facebooku\/\" title=\"Katedra Zarz\u0105dzania Jako\u015bci\u0105 na Facebooku\">Katedra Zarz\u0105dzania Jako\u015bci\u0105 na Facebooku<\/a><\/h2><\/header><div class=\"eael-entry-header-after style-two\"><div class=\"eael-entry-meta\"><span class=\"eael-posted-on eael-meta-posted-on\"><i class=\"far fa-clock\"><\/i><time datetime=\"2023-06-12\">2023-06-12<\/time><\/span><\/div><\/div><div class=\"eael-entry-content\">\n                                    <div class=\"eael-grid-post-excerpt\"><p>Szanowni Pa\u0144stwo, serdecznie zapraszamy do obserwowania profilu Katedry Zarz\u0105dzania Jako\u015bci\u0105...<\/p><a\n                                        href=\"https:\/\/injzp.uek.krakow.pl\/kzj\/2023\/06\/12\/katedra-zarzadzania-jakoscia-na-facebooku\/\"\n                                        class=\"eael-post-elements-readmore-btn\">Czytaj wi\u0119cej  \u2013&gt;<\/a><\/div>\n                                <\/div><\/div><\/div>\n        <\/div>\n    <\/article><\/div>\n            <div class=\"clearfix\"><\/div>\n        <\/div>\t\t\t\t<\/div>\n\t\t\t\t<\/div>\n\t\t\t\t\t<\/div>\n\t\t<\/div>\n\t\t\t\t\t<\/div>\n\t\t<\/section>\n\t\t\t\t<\/div>\n\t\t","protected":false},"excerpt":{"rendered":"<p>Przyk\u0142adowy wpis 2023-02-13 Lorem ipsum dolor sit amet, consectetur adipiscing elit, sed do&#8230; Czytaj wi\u0119cej \u2013&gt;<\/p>\n","protected":false},"author":1,"featured_media":0,"parent":0,"menu_order":0,"comment_status":"closed","ping_status":"closed","template":"elementor_header_footer","meta":{"footnotes":""},"class_list":["post-100","page","type-page","status-publish","hentry"],"_links":{"self":[{"href":"https:\/\/injzp.uek.krakow.pl\/kzj\/wp-json\/wp\/v2\/pages\/100","targetHints":{"allow":["GET"]}}],"collection":[{"href":"https:\/\/injzp.uek.krakow.pl\/kzj\/wp-json\/wp\/v2\/pages"}],"about":[{"href":"https:\/\/injzp.uek.krakow.pl\/kzj\/wp-json\/wp\/v2\/types\/page"}],"author":[{"embeddable":true,"href":"https:\/\/injzp.uek.krakow.pl\/kzj\/wp-json\/wp\/v2\/users\/1"}],"replies":[{"embeddable":true,"href":"https:\/\/injzp.uek.krakow.pl\/kzj\/wp-json\/wp\/v2\/comments?post=100"}],"version-history":[{"count":0,"href":"https:\/\/injzp.uek.krakow.pl\/kzj\/wp-json\/wp\/v2\/pages\/100\/revisions"}],"wp:attachment":[{"href":"https:\/\/injzp.uek.krakow.pl\/kzj\/wp-json\/wp\/v2\/media?parent=100"}],"curies":[{"name":"wp","href":"https:\/\/api.w.org\/{rel}","templated":true}]}}