{"id":2183,"date":"2025-04-01T10:21:12","date_gmt":"2025-04-01T08:21:12","guid":{"rendered":"https:\/\/injzp.uek.krakow.pl\/kzj\/?page_id=2183"},"modified":"2025-04-01T10:21:13","modified_gmt":"2025-04-01T08:21:13","slug":"conferences-2","status":"publish","type":"page","link":"https:\/\/injzp.uek.krakow.pl\/kzj\/en\/conferences-2\/","title":{"rendered":"Conferences"},"content":{"rendered":"\t\t<div data-elementor-type=\"wp-page\" data-elementor-id=\"2183\" class=\"elementor elementor-2183\" data-elementor-post-type=\"page\">\n\t\t\t\t\t\t<section data-particle_enable=\"false\" data-particle-mobile-disabled=\"false\" class=\"elementor-section elementor-top-section elementor-element elementor-element-1d441e8 elementor-section-boxed elementor-section-height-default elementor-section-height-default\" data-id=\"1d441e8\" data-element_type=\"section\" data-settings=\"{&quot;jet_parallax_layout_list&quot;:[]}\">\n\t\t\t\t\t\t<div class=\"elementor-container elementor-column-gap-default\">\n\t\t\t\t\t<div class=\"elementor-column elementor-col-100 elementor-top-column elementor-element elementor-element-c4658e4\" data-id=\"c4658e4\" data-element_type=\"column\">\n\t\t\t<div class=\"elementor-widget-wrap elementor-element-populated\">\n\t\t\t\t\t\t<div class=\"elementor-element elementor-element-860b63f elementor-widget elementor-widget-heading\" data-id=\"860b63f\" data-element_type=\"widget\" data-widget_type=\"heading.default\">\n\t\t\t\t<div class=\"elementor-widget-container\">\n\t\t\t\t\t<h2 class=\"elementor-heading-title elementor-size-default\">Konferencje i seminaria<\/h2>\t\t\t\t<\/div>\n\t\t\t\t<\/div>\n\t\t\t\t\t<\/div>\n\t\t<\/div>\n\t\t\t\t\t<\/div>\n\t\t<\/section>\n\t\t\t\t<section data-particle_enable=\"false\" data-particle-mobile-disabled=\"false\" class=\"elementor-section elementor-top-section elementor-element elementor-element-0a4bbea elementor-section-boxed elementor-section-height-default elementor-section-height-default\" data-id=\"0a4bbea\" data-element_type=\"section\" data-settings=\"{&quot;jet_parallax_layout_list&quot;:[{&quot;_id&quot;:&quot;9da879f&quot;,&quot;jet_parallax_layout_image&quot;:{&quot;url&quot;:&quot;&quot;,&quot;id&quot;:&quot;&quot;,&quot;size&quot;:&quot;&quot;},&quot;jet_parallax_layout_image_tablet&quot;:{&quot;url&quot;:&quot;&quot;,&quot;id&quot;:&quot;&quot;,&quot;size&quot;:&quot;&quot;},&quot;jet_parallax_layout_image_mobile&quot;:{&quot;url&quot;:&quot;&quot;,&quot;id&quot;:&quot;&quot;,&quot;size&quot;:&quot;&quot;},&quot;jet_parallax_layout_speed&quot;:{&quot;unit&quot;:&quot;%&quot;,&quot;size&quot;:50,&quot;sizes&quot;:[]},&quot;jet_parallax_layout_type&quot;:&quot;scroll&quot;,&quot;jet_parallax_layout_direction&quot;:null,&quot;jet_parallax_layout_fx_direction&quot;:null,&quot;jet_parallax_layout_z_index&quot;:&quot;&quot;,&quot;jet_parallax_layout_bg_x&quot;:50,&quot;jet_parallax_layout_bg_x_tablet&quot;:&quot;&quot;,&quot;jet_parallax_layout_bg_x_mobile&quot;:&quot;&quot;,&quot;jet_parallax_layout_bg_y&quot;:50,&quot;jet_parallax_layout_bg_y_tablet&quot;:&quot;&quot;,&quot;jet_parallax_layout_bg_y_mobile&quot;:&quot;&quot;,&quot;jet_parallax_layout_bg_size&quot;:&quot;auto&quot;,&quot;jet_parallax_layout_bg_size_tablet&quot;:&quot;&quot;,&quot;jet_parallax_layout_bg_size_mobile&quot;:&quot;&quot;,&quot;jet_parallax_layout_animation_prop&quot;:&quot;transform&quot;,&quot;jet_parallax_layout_on&quot;:[&quot;desktop&quot;,&quot;tablet&quot;]}]}\">\n\t\t\t\t\t\t<div class=\"elementor-container elementor-column-gap-default\">\n\t\t\t\t\t<div class=\"elementor-column elementor-col-100 elementor-top-column elementor-element elementor-element-555f5d89\" data-id=\"555f5d89\" data-element_type=\"column\">\n\t\t\t<div class=\"elementor-widget-wrap elementor-element-populated\">\n\t\t\t\t\t\t<div class=\"elementor-element elementor-element-124fe840 elementor-widget-divider--view-line elementor-widget elementor-widget-divider\" data-id=\"124fe840\" data-element_type=\"widget\" data-widget_type=\"divider.default\">\n\t\t\t\t<div class=\"elementor-widget-container\">\n\t\t\t\t\t\t\t<div class=\"elementor-divider\">\n\t\t\t<span class=\"elementor-divider-separator\">\n\t\t\t\t\t\t<\/span>\n\t\t<\/div>\n\t\t\t\t\t\t<\/div>\n\t\t\t\t<\/div>\n\t\t\t\t<div class=\"elementor-element elementor-element-7c4e5d1b elementor-grid-eael-col-1 elementor-grid-tablet-eael-col-2 elementor-grid-mobile-eael-col-1 elementor-widget elementor-widget-eael-post-grid\" data-id=\"7c4e5d1b\" data-element_type=\"widget\" data-settings=\"{&quot;eael_post_grid_columns&quot;:&quot;eael-col-1&quot;,&quot;eael_post_grid_columns_tablet&quot;:&quot;eael-col-2&quot;,&quot;eael_post_grid_columns_mobile&quot;:&quot;eael-col-1&quot;}\" data-widget_type=\"eael-post-grid.default\">\n\t\t\t\t<div class=\"elementor-widget-container\">\n\t\t\t\t\t<div id=\"eael-post-grid-7c4e5d1b\" class=\"eael-post-grid-container\">\n            <div class=\"eael-post-grid eael-post-appender eael-post-appender-7c4e5d1b eael-post-grid-style-two\" data-layout-mode=\"grid\"><article class=\"eael-grid-post eael-post-grid-column\" data-id=\"2393\">\n        <div class=\"eael-grid-post-holder\">\n            <div class=\"eael-grid-post-holder-inner\"><div class=\"eael-entry-wrapper\"><header class=\"eael-entry-header\"><h2 class=\"eael-entry-title\"><a class=\"eael-grid-post-link\" href=\"https:\/\/injzp.uek.krakow.pl\/kzj\/en\/konferencjeseminaria\/quality-of-the-future-the-future-of-quality-2026-2\/\" title=\"Quality of the Future \u2013 The Future of Quality 2026\">Quality of the Future \u2013 The Future of Quality 2026<\/a><\/h2><\/header><div class=\"eael-entry-header-after style-two\"><div class=\"eael-entry-meta\"><span class=\"eael-posted-on eael-meta-posted-on\"><i class=\"far fa-clock\"><\/i><time datetime=\"2025-11-04\">2025-11-04<\/time><\/span><\/div><\/div><div class=\"eael-entry-content\">\n                                    <div class=\"eael-grid-post-excerpt\"><a\n                                        href=\"https:\/\/injzp.uek.krakow.pl\/kzj\/en\/konferencjeseminaria\/quality-of-the-future-the-future-of-quality-2026-2\/\"\n                                        class=\"eael-post-elements-readmore-btn\">Czytaj wi\u0119cej  \u2013&gt;<\/a><\/div>\n                                <\/div><\/div><\/div>\n        <\/div>\n    <\/article><article class=\"eael-grid-post eael-post-grid-column\" data-id=\"2395\">\n        <div class=\"eael-grid-post-holder\">\n            <div class=\"eael-grid-post-holder-inner\"><div class=\"eael-entry-wrapper\"><header class=\"eael-entry-header\"><h2 class=\"eael-entry-title\"><a class=\"eael-grid-post-link\" href=\"https:\/\/injzp.uek.krakow.pl\/kzj\/konferencjeseminaria\/quality-of-the-future-the-future-of-quality-2026\/\" title=\"Quality of the Future \u2013 The Future of Quality 2026\">Quality of the Future \u2013 The Future of Quality 2026<\/a><\/h2><\/header><div class=\"eael-entry-header-after style-two\"><div class=\"eael-entry-meta\"><span class=\"eael-posted-on eael-meta-posted-on\"><i class=\"far fa-clock\"><\/i><time datetime=\"2025-11-03\">2025-11-03<\/time><\/span><\/div><\/div><div class=\"eael-entry-content\">\n                                    <div class=\"eael-grid-post-excerpt\"><a\n                                        href=\"https:\/\/injzp.uek.krakow.pl\/kzj\/konferencjeseminaria\/quality-of-the-future-the-future-of-quality-2026\/\"\n                                        class=\"eael-post-elements-readmore-btn\">Czytaj wi\u0119cej  \u2013&gt;<\/a><\/div>\n                                <\/div><\/div><\/div>\n        <\/div>\n    <\/article><article class=\"eael-grid-post eael-post-grid-column\" data-id=\"2185\">\n        <div class=\"eael-grid-post-holder\">\n            <div class=\"eael-grid-post-holder-inner\"><div class=\"eael-entry-wrapper\"><header class=\"eael-entry-header\"><h2 class=\"eael-entry-title\"><a class=\"eael-grid-post-link\" href=\"https:\/\/injzp.uek.krakow.pl\/kzj\/en\/konferencjeseminaria\/qffq-2024-2\/\" title=\"Quality of the Future \u2013 The Future of Quality 2024\">Quality of the Future \u2013 The Future of Quality 2024<\/a><\/h2><\/header><div class=\"eael-entry-header-after style-two\"><div class=\"eael-entry-meta\"><span class=\"eael-posted-on eael-meta-posted-on\"><i class=\"far fa-clock\"><\/i><time datetime=\"2025-04-01\">2025-04-01<\/time><\/span><\/div><\/div><div class=\"eael-entry-content\">\n                                    <div class=\"eael-grid-post-excerpt\"><a\n                                        href=\"https:\/\/injzp.uek.krakow.pl\/kzj\/en\/konferencjeseminaria\/qffq-2024-2\/\"\n                                        class=\"eael-post-elements-readmore-btn\">Czytaj wi\u0119cej  \u2013&gt;<\/a><\/div>\n                                <\/div><\/div><\/div>\n        <\/div>\n    <\/article><article class=\"eael-grid-post eael-post-grid-column\" data-id=\"1981\">\n        <div class=\"eael-grid-post-holder\">\n            <div class=\"eael-grid-post-holder-inner\"><div class=\"eael-entry-wrapper\"><header class=\"eael-entry-header\"><h2 class=\"eael-entry-title\"><a class=\"eael-grid-post-link\" href=\"https:\/\/injzp.uek.krakow.pl\/kzj\/konferencjeseminaria\/xix-konferencja-z-cyklu-wyzwania-zarzadzania-jakoscia\/\" title=\"XIX Konferencja z cyklu Wyzwania Zarz\u0105dzania Jako\u015bci\u0105\">XIX Konferencja z cyklu Wyzwania Zarz\u0105dzania Jako\u015bci\u0105<\/a><\/h2><\/header><div class=\"eael-entry-header-after style-two\"><div class=\"eael-entry-meta\"><span class=\"eael-posted-on eael-meta-posted-on\"><i class=\"far fa-clock\"><\/i><time datetime=\"2024-05-23\">2024-05-23<\/time><\/span><\/div><\/div><div class=\"eael-entry-content\">\n                                    <div class=\"eael-grid-post-excerpt\"><a\n                                        href=\"https:\/\/injzp.uek.krakow.pl\/kzj\/konferencjeseminaria\/xix-konferencja-z-cyklu-wyzwania-zarzadzania-jakoscia\/\"\n                                        class=\"eael-post-elements-readmore-btn\">Czytaj wi\u0119cej  \u2013&gt;<\/a><\/div>\n                                <\/div><\/div><\/div>\n        <\/div>\n    <\/article><article class=\"eael-grid-post eael-post-grid-column\" data-id=\"1975\">\n        <div class=\"eael-grid-post-holder\">\n            <div class=\"eael-grid-post-holder-inner\"><div class=\"eael-entry-wrapper\"><header class=\"eael-entry-header\"><h2 class=\"eael-entry-title\"><a class=\"eael-grid-post-link\" href=\"https:\/\/injzp.uek.krakow.pl\/kzj\/konferencjeseminaria\/qffq-2024\/\" title=\"Quality of the Future \u2013 The Future of Quality 2024\">Quality of the Future \u2013 The Future of Quality 2024<\/a><\/h2><\/header><div class=\"eael-entry-header-after style-two\"><div class=\"eael-entry-meta\"><span class=\"eael-posted-on eael-meta-posted-on\"><i class=\"far fa-clock\"><\/i><time datetime=\"2024-02-13\">2024-02-13<\/time><\/span><\/div><\/div><div class=\"eael-entry-content\">\n                                    <div class=\"eael-grid-post-excerpt\"><a\n                                        href=\"https:\/\/injzp.uek.krakow.pl\/kzj\/konferencjeseminaria\/qffq-2024\/\"\n                                        class=\"eael-post-elements-readmore-btn\">Czytaj wi\u0119cej  \u2013&gt;<\/a><\/div>\n                                <\/div><\/div><\/div>\n        <\/div>\n    <\/article><article class=\"eael-grid-post eael-post-grid-column\" data-id=\"320\">\n        <div class=\"eael-grid-post-holder\">\n            <div class=\"eael-grid-post-holder-inner\"><div class=\"eael-entry-wrapper\"><header class=\"eael-entry-header\"><h2 class=\"eael-entry-title\"><a class=\"eael-grid-post-link\" href=\"https:\/\/injzp.uek.krakow.pl\/kzj\/konferencjeseminaria\/konferencja-nr-1\/\" title=\"Quality of the Future \u2013 The Future of Quality 2022\">Quality of the Future \u2013 The Future of Quality 2022<\/a><\/h2><\/header><div class=\"eael-entry-header-after style-two\"><div class=\"eael-entry-meta\"><span class=\"eael-posted-on eael-meta-posted-on\"><i class=\"far fa-clock\"><\/i><time datetime=\"2023-01-10\">2023-01-10<\/time><\/span><\/div><\/div><div class=\"eael-entry-content\">\n                                    <div class=\"eael-grid-post-excerpt\"><a\n                                        href=\"https:\/\/injzp.uek.krakow.pl\/kzj\/konferencjeseminaria\/konferencja-nr-1\/\"\n                                        class=\"eael-post-elements-readmore-btn\">Czytaj wi\u0119cej  \u2013&gt;<\/a><\/div>\n                                <\/div><\/div><\/div>\n        <\/div>\n    <\/article><\/div>\n            <div class=\"clearfix\"><\/div>\n        <\/div>\t\t\t\t<\/div>\n\t\t\t\t<\/div>\n\t\t\t\t\t<\/div>\n\t\t<\/div>\n\t\t\t\t\t<\/div>\n\t\t<\/section>\n\t\t\t\t<\/div>\n\t\t","protected":false},"excerpt":{"rendered":"","protected":false},"author":13,"featured_media":0,"parent":0,"menu_order":0,"comment_status":"closed","ping_status":"closed","template":"elementor_header_footer","meta":{"footnotes":""},"class_list":["post-2183","page","type-page","status-publish","hentry"],"_links":{"self":[{"href":"https:\/\/injzp.uek.krakow.pl\/kzj\/wp-json\/wp\/v2\/pages\/2183","targetHints":{"allow":["GET"]}}],"collection":[{"href":"https:\/\/injzp.uek.krakow.pl\/kzj\/wp-json\/wp\/v2\/pages"}],"about":[{"href":"https:\/\/injzp.uek.krakow.pl\/kzj\/wp-json\/wp\/v2\/types\/page"}],"author":[{"embeddable":true,"href":"https:\/\/injzp.uek.krakow.pl\/kzj\/wp-json\/wp\/v2\/users\/13"}],"replies":[{"embeddable":true,"href":"https:\/\/injzp.uek.krakow.pl\/kzj\/wp-json\/wp\/v2\/comments?post=2183"}],"version-history":[{"count":1,"href":"https:\/\/injzp.uek.krakow.pl\/kzj\/wp-json\/wp\/v2\/pages\/2183\/revisions"}],"predecessor-version":[{"id":2184,"href":"https:\/\/injzp.uek.krakow.pl\/kzj\/wp-json\/wp\/v2\/pages\/2183\/revisions\/2184"}],"wp:attachment":[{"href":"https:\/\/injzp.uek.krakow.pl\/kzj\/wp-json\/wp\/v2\/media?parent=2183"}],"curies":[{"name":"wp","href":"https:\/\/api.w.org\/{rel}","templated":true}]}}