{"id":346,"date":"2023-02-20T00:01:15","date_gmt":"2023-02-19T23:01:15","guid":{"rendered":"https:\/\/ie.uek.krakow.pl\/ke\/?page_id=346"},"modified":"2023-06-30T08:40:03","modified_gmt":"2023-06-30T06:40:03","slug":"kola-naukowe","status":"publish","type":"page","link":"https:\/\/injzp.uek.krakow.pl\/kzj\/studenci\/kola-naukowe\/","title":{"rendered":"Ko\u0142a naukowe"},"content":{"rendered":"\t\t<div data-elementor-type=\"wp-page\" data-elementor-id=\"346\" class=\"elementor elementor-346\" data-elementor-post-type=\"page\">\n\t\t\t\t\t\t<section data-particle_enable=\"false\" data-particle-mobile-disabled=\"false\" class=\"elementor-section elementor-top-section elementor-element elementor-element-22080c8 elementor-section-boxed elementor-section-height-default elementor-section-height-default\" data-id=\"22080c8\" data-element_type=\"section\" data-settings=\"{&quot;jet_parallax_layout_list&quot;:[]}\">\n\t\t\t\t\t\t<div class=\"elementor-container elementor-column-gap-default\">\n\t\t\t\t\t<div class=\"elementor-column elementor-col-33 elementor-top-column elementor-element elementor-element-c20decf\" data-id=\"c20decf\" data-element_type=\"column\">\n\t\t\t<div class=\"elementor-widget-wrap elementor-element-populated\">\n\t\t\t\t\t\t<div class=\"elementor-element elementor-element-9764738 elementor-widget elementor-widget-image\" data-id=\"9764738\" data-element_type=\"widget\" data-widget_type=\"image.default\">\n\t\t\t\t<div class=\"elementor-widget-container\">\n\t\t\t\t\t\t\t\t\t\t\t\t\t\t\t<img fetchpriority=\"high\" decoding=\"async\" width=\"1528\" height=\"1528\" src=\"https:\/\/injzp.uek.krakow.pl\/kzj\/wp-content\/uploads\/sites\/10\/2023\/06\/KNZJ.jpg\" class=\"attachment-full size-full wp-image-1933\" alt=\"\" srcset=\"https:\/\/injzp.uek.krakow.pl\/kzj\/wp-content\/uploads\/sites\/10\/2023\/06\/KNZJ.jpg 1528w, https:\/\/injzp.uek.krakow.pl\/kzj\/wp-content\/uploads\/sites\/10\/2023\/06\/KNZJ-300x300.jpg 300w, https:\/\/injzp.uek.krakow.pl\/kzj\/wp-content\/uploads\/sites\/10\/2023\/06\/KNZJ-1024x1024.jpg 1024w, https:\/\/injzp.uek.krakow.pl\/kzj\/wp-content\/uploads\/sites\/10\/2023\/06\/KNZJ-150x150.jpg 150w, https:\/\/injzp.uek.krakow.pl\/kzj\/wp-content\/uploads\/sites\/10\/2023\/06\/KNZJ-768x768.jpg 768w, https:\/\/injzp.uek.krakow.pl\/kzj\/wp-content\/uploads\/sites\/10\/2023\/06\/KNZJ-1140x1140.jpg 1140w, https:\/\/injzp.uek.krakow.pl\/kzj\/wp-content\/uploads\/sites\/10\/2023\/06\/KNZJ-75x75.jpg 75w\" sizes=\"(max-width: 1528px) 100vw, 1528px\" \/>\t\t\t\t\t\t\t\t\t\t\t\t\t\t\t<\/div>\n\t\t\t\t<\/div>\n\t\t\t\t\t<\/div>\n\t\t<\/div>\n\t\t\t\t<div class=\"elementor-column elementor-col-66 elementor-top-column elementor-element elementor-element-101f182\" data-id=\"101f182\" data-element_type=\"column\">\n\t\t\t<div class=\"elementor-widget-wrap elementor-element-populated\">\n\t\t\t\t\t\t<div class=\"elementor-element elementor-element-8723dd5 elementor-widget elementor-widget-heading\" data-id=\"8723dd5\" data-element_type=\"widget\" data-widget_type=\"heading.default\">\n\t\t\t\t<div class=\"elementor-widget-container\">\n\t\t\t\t\t<h2 class=\"elementor-heading-title elementor-size-default\">Ko\u0142o Naukowe Zarz\u0105dzania Jako\u015bci\u0105<\/h2>\t\t\t\t<\/div>\n\t\t\t\t<\/div>\n\t\t\t\t<div class=\"elementor-element elementor-element-ff81b7c elementor-widget elementor-widget-text-editor\" data-id=\"ff81b7c\" data-element_type=\"widget\" data-widget_type=\"text-editor.default\">\n\t\t\t\t<div class=\"elementor-widget-container\">\n\t\t\t\t\t\t\t\t\t<p>Ko\u0142o Naukowe Zarz\u0105dzania Jako\u015bci\u0105 funkcjonuje przy Katedrze Zarz\u0105dzania Jako\u015bci\u0105 od 2002 r. Od pocz\u0105tku jego dzia\u0142ania Mentorem Ko\u0142a jest prof. dr hab. Tadeusz Sikora. Pierwszym opiekunem by\u0142 dr in\u017c. Marek Salerno-Kochan, od 2017 r. Ko\u0142em opiekuje si\u0119 dr in\u017c. Mariusz Giemza.<\/p><p>Jest jednym z najstarszych k\u00f3\u0142 naukowych dzia\u0142aj\u0105cych w murach Uniwersytetu Ekonomicznego w Krakowie. Skupia pasjonat\u00f3w i entuzjast\u00f3w jako\u015bci, kt\u00f3rzy dzi\u0119ki cz\u0142onkostwu mog\u0105 zdobywa\u0107 wiedz\u0119, nie tylko w teorii, ale te\u017c i w praktyce. Mo\u017ce poszczyci\u0107 si\u0119 wieloma sukcesami, kt\u00f3re cz\u0142onkowie osi\u0105gaj\u0105 dzi\u0119ki realizacji cel\u00f3w statutowych. Ko\u0142o Naukowe Zarz\u0105dzania Jako\u015bci\u0105 organizuje corocznie konferencje naukowe pod wiod\u0105cym tytu\u0142em \u201eWyzwania zarz\u0105dzania jako\u015bci\u0105\u201d oraz \u201eQDay\u201d.<\/p>\t\t\t\t\t\t\t\t<\/div>\n\t\t\t\t<\/div>\n\t\t\t\t<div class=\"elementor-element elementor-element-30626b33 elementor-align-right elementor-button-info elementor-widget elementor-widget-button\" data-id=\"30626b33\" data-element_type=\"widget\" data-widget_type=\"button.default\">\n\t\t\t\t<div class=\"elementor-widget-container\">\n\t\t\t\t\t\t\t\t\t<div class=\"elementor-button-wrapper\">\n\t\t\t\t\t<a class=\"elementor-button elementor-button-link elementor-size-sm\" href=\"https:\/\/www.facebook.com\/KNZJ.UEK\" target=\"_blank\">\n\t\t\t\t\t\t<span class=\"elementor-button-content-wrapper\">\n\t\t\t\t\t\t\t\t\t<span class=\"elementor-button-text\">strona ko\u0142a<\/span>\n\t\t\t\t\t<\/span>\n\t\t\t\t\t<\/a>\n\t\t\t\t<\/div>\n\t\t\t\t\t\t\t\t<\/div>\n\t\t\t\t<\/div>\n\t\t\t\t\t<\/div>\n\t\t<\/div>\n\t\t\t\t\t<\/div>\n\t\t<\/section>\n\t\t\t\t<\/div>\n\t\t","protected":false},"excerpt":{"rendered":"<p>\/*! elementor &#8211; v3.14.0 &#8211; 18-06-2023 *\/ .elementor-widget-image{text-align:center}.elementor-widget-image a{display:inline-block}.elementor-widget-image a img[src$=&#8221;.svg&#8221;]{width:48px}.elementor-widget-image img{vertical-align:middle;display:inline-block} \/*! elementor &#8211; v3.14.0 &#8211; 18-06-2023 *\/ .elementor-heading-title{padding:0;margin:0;line-height:1}.elementor-widget-heading .elementor-heading-title[class*=elementor-size-]&gt;a{color:inherit;font-size:inherit;line-height:inherit}.elementor-widget-heading .elementor-heading-title.elementor-size-small{font-size:15px}.elementor-widget-heading .elementor-heading-title.elementor-size-medium{font-size:19px}.elementor-widget-heading .elementor-heading-title.elementor-size-large{font-size:29px}.elementor-widget-heading .elementor-heading-title.elementor-size-xl{font-size:39px}.elementor-widget-heading .elementor-heading-title.elementor-size-xxl{font-size:59px} Ko\u0142o Naukowe Zarz\u0105dzania Jako\u015bci\u0105 Ko\u0142o Naukowe Zarz\u0105dzania Jako\u015bci\u0105 funkcjonuje przy Katedrze Zarz\u0105dzania Jako\u015bci\u0105 od 2002 r. Od pocz\u0105tku jego dzia\u0142ania Mentorem Ko\u0142a jest prof. dr hab. Tadeusz Sikora. Pierwszym opiekunem by\u0142 dr in\u017c. Marek Salerno-Kochan, od 2017 r. Ko\u0142em opiekuje si\u0119 dr in\u017c. Mariusz Giemza. Jest jednym z najstarszych k\u00f3\u0142 naukowych dzia\u0142aj\u0105cych w murach Uniwersytetu Ekonomicznego w Krakowie. Skupia pasjonat\u00f3w i entuzjast\u00f3w jako\u015bci, kt\u00f3rzy dzi\u0119ki cz\u0142onkostwu mog\u0105 zdobywa\u0107 wiedz\u0119, nie tylko w teorii, ale te\u017c i w praktyce. Mo\u017ce poszczyci\u0107 si\u0119 wieloma sukcesami, kt\u00f3re cz\u0142onkowie osi\u0105gaj\u0105 dzi\u0119ki realizacji cel\u00f3w statutowych. Ko\u0142o Naukowe Zarz\u0105dzania Jako\u015bci\u0105 organizuje corocznie konferencje naukowe pod wiod\u0105cym tytu\u0142em \u201eWyzwania zarz\u0105dzania jako\u015bci\u0105\u201d oraz \u201eQDay\u201d. strona ko\u0142a<\/p>\n","protected":false},"author":1,"featured_media":0,"parent":336,"menu_order":0,"comment_status":"closed","ping_status":"closed","template":"elementor_header_footer","meta":{"footnotes":""},"class_list":["post-346","page","type-page","status-publish","hentry"],"_links":{"self":[{"href":"https:\/\/injzp.uek.krakow.pl\/kzj\/wp-json\/wp\/v2\/pages\/346","targetHints":{"allow":["GET"]}}],"collection":[{"href":"https:\/\/injzp.uek.krakow.pl\/kzj\/wp-json\/wp\/v2\/pages"}],"about":[{"href":"https:\/\/injzp.uek.krakow.pl\/kzj\/wp-json\/wp\/v2\/types\/page"}],"author":[{"embeddable":true,"href":"https:\/\/injzp.uek.krakow.pl\/kzj\/wp-json\/wp\/v2\/users\/1"}],"replies":[{"embeddable":true,"href":"https:\/\/injzp.uek.krakow.pl\/kzj\/wp-json\/wp\/v2\/comments?post=346"}],"version-history":[{"count":9,"href":"https:\/\/injzp.uek.krakow.pl\/kzj\/wp-json\/wp\/v2\/pages\/346\/revisions"}],"predecessor-version":[{"id":1936,"href":"https:\/\/injzp.uek.krakow.pl\/kzj\/wp-json\/wp\/v2\/pages\/346\/revisions\/1936"}],"up":[{"embeddable":true,"href":"https:\/\/injzp.uek.krakow.pl\/kzj\/wp-json\/wp\/v2\/pages\/336"}],"wp:attachment":[{"href":"https:\/\/injzp.uek.krakow.pl\/kzj\/wp-json\/wp\/v2\/media?parent=346"}],"curies":[{"name":"wp","href":"https:\/\/api.w.org\/{rel}","templated":true}]}}