{"id":371,"date":"2023-02-20T00:12:26","date_gmt":"2023-02-19T23:12:26","guid":{"rendered":"https:\/\/ie.uek.krakow.pl\/ke\/?page_id=371"},"modified":"2023-11-30T08:52:58","modified_gmt":"2023-11-30T07:52:58","slug":"seminarium-student","status":"publish","type":"page","link":"https:\/\/injzp.uek.krakow.pl\/kzj\/studenci\/seminarium-student\/","title":{"rendered":"Seminarium dla student\u00f3w"},"content":{"rendered":"\t\t<div data-elementor-type=\"wp-page\" data-elementor-id=\"371\" class=\"elementor elementor-371\" data-elementor-post-type=\"page\">\n\t\t\t\t\t\t<section data-particle_enable=\"false\" data-particle-mobile-disabled=\"false\" class=\"elementor-section elementor-top-section elementor-element elementor-element-4ca67fb elementor-section-boxed elementor-section-height-default elementor-section-height-default\" data-id=\"4ca67fb\" data-element_type=\"section\" data-settings=\"{&quot;jet_parallax_layout_list&quot;:[]}\">\n\t\t\t\t\t\t<div class=\"elementor-container elementor-column-gap-default\">\n\t\t\t\t\t<div class=\"elementor-column elementor-col-100 elementor-top-column elementor-element elementor-element-22e0d310\" data-id=\"22e0d310\" data-element_type=\"column\">\n\t\t\t<div class=\"elementor-widget-wrap elementor-element-populated\">\n\t\t\t\t\t\t<div class=\"elementor-element elementor-element-7c047738 elementor-widget elementor-widget-jet-headline\" data-id=\"7c047738\" data-element_type=\"widget\" data-widget_type=\"jet-headline.default\">\n\t\t\t\t<div class=\"elementor-widget-container\">\n\t\t\t\t\t<h2 class=\"jet-headline jet-headline--direction-horizontal\"><span class=\"jet-headline__part jet-headline__first\"><span class=\"jet-headline__label\">Seminarium<\/span><\/span><span class=\"jet-headline__space\">&nbsp;<\/span><span class=\"jet-headline__part jet-headline__second\"><span class=\"jet-headline__label\"> dla student\u00f3w<\/span><\/span><\/h2>\t\t\t\t<\/div>\n\t\t\t\t<\/div>\n\t\t\t\t<div class=\"elementor-element elementor-element-27706e0c elementor-widget-divider--view-line elementor-invisible elementor-widget elementor-widget-divider\" data-id=\"27706e0c\" data-element_type=\"widget\" data-settings=\"{&quot;_animation&quot;:&quot;fadeInLeft&quot;}\" data-widget_type=\"divider.default\">\n\t\t\t\t<div class=\"elementor-widget-container\">\n\t\t\t\t\t\t\t<div class=\"elementor-divider\">\n\t\t\t<span class=\"elementor-divider-separator\">\n\t\t\t\t\t\t<\/span>\n\t\t<\/div>\n\t\t\t\t\t\t<\/div>\n\t\t\t\t<\/div>\n\t\t\t\t<div class=\"elementor-element elementor-element-64fa2182 elementor-widget elementor-widget-text-editor\" data-id=\"64fa2182\" data-element_type=\"widget\" data-widget_type=\"text-editor.default\">\n\t\t\t\t<div class=\"elementor-widget-container\">\n\t\t\t\t\t\t\t\t\t<h4>TEMATYKA SEMINARI\u00d3W<\/h4>\t\t\t\t\t\t\t\t<\/div>\n\t\t\t\t<\/div>\n\t\t\t\t<div class=\"elementor-element elementor-element-c078210 elementor-widget elementor-widget-text-editor\" data-id=\"c078210\" data-element_type=\"widget\" data-widget_type=\"text-editor.default\">\n\t\t\t\t<div class=\"elementor-widget-container\">\n\t\t\t\t\t\t\t\t\t<h6>Prof. UEK dr hab. Joanna Dziadkowiec<\/h6><p>&#8211; Systemowe zarz\u0105dzanie jako\u015bci\u0105<br \/>&#8211; Narz\u0119dzia i i metody zarz\u0105dzania jako\u015bci\u0105<br \/>&#8211; Zarz\u0105dzanie produktem<br \/>&#8211; Zarz\u0105dzanie jako\u015bci\u0105 us\u0142ug<br \/>&#8211; Innowacyjno\u015b\u0107 us\u0142ug<br \/>&#8211; Preferencje i zachowania konsument\u00f3w na rynku produkt\u00f3w i us\u0142ug<\/p><h6>Prof. UEK dr hab. in\u017c. Piotr Kafel<\/h6><p>&#8211; Zarz\u0105dzanie jako\u015bci\u0105<br \/>&#8211; Znormalizowane systemy zarz\u0105dzania<br \/>-Akredytacja, normalizacja, certyfikacja<br \/>&#8211; Zarz\u0105dzanie bezpiecze\u0144stwem \u017cywno\u015bci<br \/>&#8211; System oceny zgodno\u015bci wyrob\u00f3w<br \/>&#8211; Audyt system\u00f3w zarz\u0105dzania<br \/>&#8211; Metody i narz\u0119dzia zarz\u0105dzania jako\u015bci\u0105<\/p><h6>dr in\u017c. Magdalena Niewczas &#8211; Dobrowolska<\/h6><p>&#8211; Jako\u015b\u0107 i bezpiecze\u0144stwo \u017cywno\u015bci<br \/>&#8211; Zachowanie konsument\u00f3w<br \/>&#8211; Zarz\u0105dzanie projektami<br \/>&#8211; Doskonalenie proces\u00f3w<br \/>&#8211; Zarz\u0105dzanie produkcj\u0105<br \/>&#8211; Narz\u0119dzia sterowania jako\u015bci\u0105 w produkcji<\/p>\t\t\t\t\t\t\t\t<\/div>\n\t\t\t\t<\/div>\n\t\t\t\t\t<\/div>\n\t\t<\/div>\n\t\t\t\t\t<\/div>\n\t\t<\/section>\n\t\t\t\t<\/div>\n\t\t","protected":false},"excerpt":{"rendered":"<p>Seminarium&nbsp; dla student\u00f3w \/*! elementor &#8211; v3.17.0 &#8211; 08-11-2023 *\/ .elementor-widget-divider{&#8211;divider-border-style:none;&#8211;divider-border-width:1px;&#8211;divider-color:#0c0d0e;&#8211;divider-icon-size:20px;&#8211;divider-element-spacing:10px;&#8211;divider-pattern-height:24px;&#8211;divider-pattern-size:20px;&#8211;divider-pattern-url:none;&#8211;divider-pattern-repeat:repeat-x}.elementor-widget-divider .elementor-divider{display:flex}.elementor-widget-divider .elementor-divider__text{font-size:15px;line-height:1;max-width:95%}.elementor-widget-divider .elementor-divider__element{margin:0 var(&#8211;divider-element-spacing);flex-shrink:0}.elementor-widget-divider .elementor-icon{font-size:var(&#8211;divider-icon-size)}.elementor-widget-divider .elementor-divider-separator{display:flex;margin:0;direction:ltr}.elementor-widget-divider&#8211;view-line_icon .elementor-divider-separator,.elementor-widget-divider&#8211;view-line_text .elementor-divider-separator{align-items:center}.elementor-widget-divider&#8211;view-line_icon .elementor-divider-separator:after,.elementor-widget-divider&#8211;view-line_icon .elementor-divider-separator:before,.elementor-widget-divider&#8211;view-line_text .elementor-divider-separator:after,.elementor-widget-divider&#8211;view-line_text .elementor-divider-separator:before{display:block;content:&#8221;&#8221;;border-bottom:0;flex-grow:1;border-top:var(&#8211;divider-border-width) var(&#8211;divider-border-style) var(&#8211;divider-color)}.elementor-widget-divider&#8211;element-align-left .elementor-divider .elementor-divider-separator&gt;.elementor-divider__svg:first-of-type{flex-grow:0;flex-shrink:100}.elementor-widget-divider&#8211;element-align-left .elementor-divider-separator:before{content:none}.elementor-widget-divider&#8211;element-align-left .elementor-divider__element{margin-left:0}.elementor-widget-divider&#8211;element-align-right .elementor-divider .elementor-divider-separator&gt;.elementor-divider__svg:last-of-type{flex-grow:0;flex-shrink:100}.elementor-widget-divider&#8211;element-align-right .elementor-divider-separator:after{content:none}.elementor-widget-divider&#8211;element-align-right .elementor-divider__element{margin-right:0}.elementor-widget-divider:not(.elementor-widget-divider&#8211;view-line_text):not(.elementor-widget-divider&#8211;view-line_icon) .elementor-divider-separator{border-top:var(&#8211;divider-border-width) var(&#8211;divider-border-style) var(&#8211;divider-color)}.elementor-widget-divider&#8211;separator-type-pattern{&#8211;divider-border-style:none}.elementor-widget-divider&#8211;separator-type-pattern.elementor-widget-divider&#8211;view-line .elementor-divider-separator,.elementor-widget-divider&#8211;separator-type-pattern:not(.elementor-widget-divider&#8211;view-line) .elementor-divider-separator:after,.elementor-widget-divider&#8211;separator-type-pattern:not(.elementor-widget-divider&#8211;view-line) .elementor-divider-separator:before,.elementor-widget-divider&#8211;separator-type-pattern:not([class*=elementor-widget-divider&#8211;view]) .elementor-divider-separator{width:100%;min-height:var(&#8211;divider-pattern-height);-webkit-mask-size:var(&#8211;divider-pattern-size) 100%;mask-size:var(&#8211;divider-pattern-size) 100%;-webkit-mask-repeat:var(&#8211;divider-pattern-repeat);mask-repeat:var(&#8211;divider-pattern-repeat);background-color:var(&#8211;divider-color);-webkit-mask-image:var(&#8211;divider-pattern-url);mask-image:var(&#8211;divider-pattern-url)}.elementor-widget-divider&#8211;no-spacing{&#8211;divider-pattern-size:auto}.elementor-widget-divider&#8211;bg-round{&#8211;divider-pattern-repeat:round}.rtl .elementor-widget-divider .elementor-divider__text{direction:rtl}.e-con-inner&gt;.elementor-widget-divider,.e-con&gt;.elementor-widget-divider{width:var(&#8211;container-widget-width,100%);&#8211;flex-grow:var(&#8211;container-widget-flex-grow)} TEMATYKA SEMINARI\u00d3W Prof. UEK dr hab. Joanna Dziadkowiec &#8211; Systemowe zarz\u0105dzanie jako\u015bci\u0105&#8211; Narz\u0119dzia i i metody zarz\u0105dzania jako\u015bci\u0105&#8211; Zarz\u0105dzanie produktem&#8211; Zarz\u0105dzanie jako\u015bci\u0105 us\u0142ug&#8211; Innowacyjno\u015b\u0107 us\u0142ug&#8211; Preferencje i zachowania konsument\u00f3w na rynku produkt\u00f3w i us\u0142ug Prof. UEK dr hab. in\u017c. Piotr Kafel &#8211; Zarz\u0105dzanie jako\u015bci\u0105&#8211; Znormalizowane systemy zarz\u0105dzania-Akredytacja, normalizacja, certyfikacja&#8211; Zarz\u0105dzanie bezpiecze\u0144stwem \u017cywno\u015bci&#8211; System oceny zgodno\u015bci wyrob\u00f3w&#8211; Audyt system\u00f3w zarz\u0105dzania&#8211; Metody i narz\u0119dzia zarz\u0105dzania jako\u015bci\u0105 dr in\u017c. Magdalena Niewczas &#8211; Dobrowolska &#8211; Jako\u015b\u0107 i bezpiecze\u0144stwo \u017cywno\u015bci&#8211; Zachowanie konsument\u00f3w&#8211; Zarz\u0105dzanie projektami&#8211; Doskonalenie proces\u00f3w&#8211; Zarz\u0105dzanie produkcj\u0105&#8211; Narz\u0119dzia sterowania jako\u015bci\u0105 w produkcji<\/p>\n","protected":false},"author":1,"featured_media":0,"parent":336,"menu_order":0,"comment_status":"closed","ping_status":"closed","template":"elementor_header_footer","meta":{"footnotes":""},"class_list":["post-371","page","type-page","status-publish","hentry"],"_links":{"self":[{"href":"https:\/\/injzp.uek.krakow.pl\/kzj\/wp-json\/wp\/v2\/pages\/371","targetHints":{"allow":["GET"]}}],"collection":[{"href":"https:\/\/injzp.uek.krakow.pl\/kzj\/wp-json\/wp\/v2\/pages"}],"about":[{"href":"https:\/\/injzp.uek.krakow.pl\/kzj\/wp-json\/wp\/v2\/types\/page"}],"author":[{"embeddable":true,"href":"https:\/\/injzp.uek.krakow.pl\/kzj\/wp-json\/wp\/v2\/users\/1"}],"replies":[{"embeddable":true,"href":"https:\/\/injzp.uek.krakow.pl\/kzj\/wp-json\/wp\/v2\/comments?post=371"}],"version-history":[{"count":3,"href":"https:\/\/injzp.uek.krakow.pl\/kzj\/wp-json\/wp\/v2\/pages\/371\/revisions"}],"predecessor-version":[{"id":1941,"href":"https:\/\/injzp.uek.krakow.pl\/kzj\/wp-json\/wp\/v2\/pages\/371\/revisions\/1941"}],"up":[{"embeddable":true,"href":"https:\/\/injzp.uek.krakow.pl\/kzj\/wp-json\/wp\/v2\/pages\/336"}],"wp:attachment":[{"href":"https:\/\/injzp.uek.krakow.pl\/kzj\/wp-json\/wp\/v2\/media?parent=371"}],"curies":[{"name":"wp","href":"https:\/\/api.w.org\/{rel}","templated":true}]}}